{"id":87,"date":"2013-06-07T11:34:14","date_gmt":"2013-06-07T11:34:14","guid":{"rendered":"http:\/\/demo2.woothemes.com\/woocommerce\/?post_type=product&#038;p=87"},"modified":"2024-03-23T21:55:21","modified_gmt":"2024-03-23T19:55:21","slug":"grass-trimmer","status":"publish","type":"product","link":"https:\/\/irriprojekt.com\/index.php\/product\/grass-trimmer\/","title":{"rendered":"Fertigacija"},"content":{"rendered":"<p><img fetchpriority=\"high\" decoding=\"async\" class=\"alignnone size-medium wp-image-8175\" src=\"https:\/\/irriprojekt.com\/wp-content\/uploads\/2013\/06\/AZUD-QGROW-V-scaled-1-200x300.jpg\" alt=\"\" width=\"200\" height=\"300\" srcset=\"https:\/\/irriprojekt.com\/wp-content\/uploads\/2013\/06\/AZUD-QGROW-V-scaled-1-200x300.jpg 200w, https:\/\/irriprojekt.com\/wp-content\/uploads\/2013\/06\/AZUD-QGROW-V-scaled-1-684x1024.jpg 684w, https:\/\/irriprojekt.com\/wp-content\/uploads\/2013\/06\/AZUD-QGROW-V-scaled-1-768x1150.jpg 768w, https:\/\/irriprojekt.com\/wp-content\/uploads\/2013\/06\/AZUD-QGROW-V-scaled-1-1025x1536.jpg 1025w, https:\/\/irriprojekt.com\/wp-content\/uploads\/2013\/06\/AZUD-QGROW-V-scaled-1-1367x2048.jpg 1367w, https:\/\/irriprojekt.com\/wp-content\/uploads\/2013\/06\/AZUD-QGROW-V-scaled-1-600x899.jpg 600w, https:\/\/irriprojekt.com\/wp-content\/uploads\/2013\/06\/AZUD-QGROW-V-scaled-1.jpg 1709w\" sizes=\"(max-width: 200px) 100vw, 200px\" \/><\/p>\n<p>Sustav fertigacije je metoda navodnjavanja koja kombinira pru\u017eanje hranjivih tvari (fertilizacija) s vodom kojom se biljke zalijevaju. Fertigacija je u\u010dinkovita metoda isporuke hranjivih tvari jer omogu\u0107uje precizno doziranje i ravnomjernu distribuciju hranjivih tvari izravno korijenima biljaka. Osim toga, fertigacija smanjuje gubitak hranjivih tvari putem isparavanja ili otjecanja te poma\u017ee u o\u010duvanju resursa vode.<\/p>\n<p>Osnovne komponenata i karakteristika sustava fertigacije:<\/p>\n<p>1. Izvor vode: Ovo mo\u017ee biti prirodni izvor poput jezera, rijeke, bunara ili mre\u017ee za opskrbu vodom.<\/p>\n<p>2. Spremnik za gnojivo: U ovom spremniku priprema se otopina gnojiva. Koncentracija otopine mo\u017ee se prilago\u0111avati ovisno o potrebama biljaka.<\/p>\n<p>3. Pumpe: Pumpe koriste energiju da bi premjestile vodu (i otopinu gnojiva) kroz sustav. Mo\u017ee biti potrebno vi\u0161e pumpi, ovisno o veli\u010dini i kompleksnosti sustava.<\/p>\n<p>4. Filteri: Ovi ure\u0111aji slu\u017ee za uklanjanje \u010destica i drugih ne\u010disto\u0107a iz vode prije nego \u0161to ona do\u0111e do biljaka. Filteri su posebno va\u017eni kako bi se sprije\u010dilo za\u010depljenje kapaljki i drugih komponenata sustava.<\/p>\n<p>5. Sustav za doziranje: Ovo je ure\u0111aj koji mije\u0161a vodu s gnojivom u odgovaraju\u0107im omjerima. Postoji nekoliko razli\u010ditih tipova sustava za doziranje, uklju\u010duju\u0107i venturi injektore, elektromagnetske pumpe i gravitacijske sustave.<\/p>\n<p>6. Sustav distribucije: Sastoji se od cijevi, crijeva, kapaljki, prskalica i drugih komponenata koje vodu i hranjive tvari prenose do korijena biljaka.<\/p>\n<p>7. Senzori i mjerna oprema: Sustavi fertigacije \u010desto koriste senzore za pra\u0107enje uvjeta tla, vlage, koncentracije hranjivih tvari i drugih parametara. Ovi senzori omogu\u0107uju preciznu kontrolu i optimizaciju isporuke hranjivih tvari.<\/p>\n<p>8. Kontrolna jedinica: Moderne jedinice za kontrolu mogu automatizirati cijeli proces fertigacije, pode\u0161avaju\u0107i koli\u010dinu vode i gnojiva na temelju ulaznih podataka iz senzora.<\/p>\n<p>Koriste\u0107i sustav fertigacije, poljoprivrednici mogu osigurati da njihove biljke uvijek imaju optimalnu koli\u010dinu hranjivih tvari potrebnih za rast. Osim toga, kori\u0161tenje fertigacije mo\u017ee smanjiti tro\u0161kove gnojiva i vode te pobolj\u0161ati kvalitetu usjeva.<\/p>\n<p>&nbsp;<\/p>\n","protected":false},"excerpt":{"rendered":"<p>Sustav fertigacije je metoda navodnjavanja koja kombinira pru\u017eanje hranjivih tvari (fertilizacija) s vodom kojom se biljke zalijevaju. Fertigacija je u\u010dinkovita metoda isporuke hranjivih tvari jer omogu\u0107uje precizno doziranje i ravnomjernu distribuciju hranjivih tvari izravno korijenima biljaka. Osim toga, fertigacija smanjuje gubitak hranjivih tvari putem isparavanja ili otjecanja te poma\u017ee u o\u010duvanju resursa vode.<\/p>\n","protected":false},"featured_media":8174,"comment_status":"open","ping_status":"closed","template":"","meta":[],"product_brand":[],"product_cat":[54],"product_tag":[],"class_list":{"0":"post-87","1":"product","2":"type-product","3":"status-publish","4":"has-post-thumbnail","6":"product_cat-fertigacija","8":"first","9":"instock","10":"downloadable","11":"shipping-taxable","12":"product-type-simple"},"acf":[],"_links":{"self":[{"href":"https:\/\/irriprojekt.com\/index.php\/wp-json\/wp\/v2\/product\/87","targetHints":{"allow":["GET"]}}],"collection":[{"href":"https:\/\/irriprojekt.com\/index.php\/wp-json\/wp\/v2\/product"}],"about":[{"href":"https:\/\/irriprojekt.com\/index.php\/wp-json\/wp\/v2\/types\/product"}],"replies":[{"embeddable":true,"href":"https:\/\/irriprojekt.com\/index.php\/wp-json\/wp\/v2\/comments?post=87"}],"wp:featuredmedia":[{"embeddable":true,"href":"https:\/\/irriprojekt.com\/index.php\/wp-json\/wp\/v2\/media\/8174"}],"wp:attachment":[{"href":"https:\/\/irriprojekt.com\/index.php\/wp-json\/wp\/v2\/media?parent=87"}],"wp:term":[{"taxonomy":"product_brand","embeddable":true,"href":"https:\/\/irriprojekt.com\/index.php\/wp-json\/wp\/v2\/product_brand?post=87"},{"taxonomy":"product_cat","embeddable":true,"href":"https:\/\/irriprojekt.com\/index.php\/wp-json\/wp\/v2\/product_cat?post=87"},{"taxonomy":"product_tag","embeddable":true,"href":"https:\/\/irriprojekt.com\/index.php\/wp-json\/wp\/v2\/product_tag?post=87"}],"curies":[{"name":"wp","href":"https:\/\/api.w.org\/{rel}","templated":true}]}}