{"id":561,"date":"2013-06-07T11:36:34","date_gmt":"2013-06-07T11:36:34","guid":{"rendered":"http:\/\/demo2.woothemes.com\/woocommerce\/?post_type=product&#038;p=93"},"modified":"2023-08-30T14:00:02","modified_gmt":"2023-08-30T12:00:02","slug":"lawn-tractor","status":"publish","type":"product","link":"https:\/\/irriprojekt.com\/index.php\/product\/lawn-tractor\/","title":{"rendered":"Vodosprema"},"content":{"rendered":"<p>Spremnici za vodu su projektirani prema potrebama vode. Proizvedeni od visoko\u010dvrstog valovitog, vru\u0107e pocin\u010danog \u010delika G115,\u00a0 spremnici za vodu su jaki i izdr\u017eljivi.<\/p>\n<p>&nbsp;<\/p>\n<p>20 GODINA JAMSTVO..<\/p>\n<p>&nbsp;<\/p>\n<p>Spremnici za vodu\u00a0 preklapaju se i ru\u010dno spajaju na licu mjesta, stvaraju\u0107i dvostruku debljinu \u010delika koja pove\u0107ava izdr\u017eljivost i snagu spremnika. Svaki spremnik postavljamo na terenu, a veli\u010dine komponenti omogu\u0107uju pristup te\u0161ko dostupnim mjestima.<\/p>\n","protected":false},"excerpt":{"rendered":"<p>Spremnici za vodu su projektirani proizvodi koji rade prema svojim zadanim primjenama. Proizvedeni od visoko\u010dvrstog valovitog, vru\u0107e pocin\u010danog \u010delika G115,\u00a0 spremnici za vodu su jaki i izdr\u017eljivi. Standardni dizajni spremnika uklju\u010duju 20 GODINA JAMSTVA.<\/p>\n","protected":false},"featured_media":8141,"comment_status":"open","ping_status":"closed","template":"","meta":[],"product_brand":[],"product_cat":[44,35],"product_tag":[],"class_list":{"0":"post-561","1":"product","2":"type-product","3":"status-publish","4":"has-post-thumbnail","6":"product_cat-akumulacija","7":"product_cat-garden","9":"first","10":"instock","11":"downloadable","12":"shipping-taxable","13":"product-type-simple"},"acf":[],"_links":{"self":[{"href":"https:\/\/irriprojekt.com\/index.php\/wp-json\/wp\/v2\/product\/561","targetHints":{"allow":["GET"]}}],"collection":[{"href":"https:\/\/irriprojekt.com\/index.php\/wp-json\/wp\/v2\/product"}],"about":[{"href":"https:\/\/irriprojekt.com\/index.php\/wp-json\/wp\/v2\/types\/product"}],"replies":[{"embeddable":true,"href":"https:\/\/irriprojekt.com\/index.php\/wp-json\/wp\/v2\/comments?post=561"}],"wp:featuredmedia":[{"embeddable":true,"href":"https:\/\/irriprojekt.com\/index.php\/wp-json\/wp\/v2\/media\/8141"}],"wp:attachment":[{"href":"https:\/\/irriprojekt.com\/index.php\/wp-json\/wp\/v2\/media?parent=561"}],"wp:term":[{"taxonomy":"product_brand","embeddable":true,"href":"https:\/\/irriprojekt.com\/index.php\/wp-json\/wp\/v2\/product_brand?post=561"},{"taxonomy":"product_cat","embeddable":true,"href":"https:\/\/irriprojekt.com\/index.php\/wp-json\/wp\/v2\/product_cat?post=561"},{"taxonomy":"product_tag","embeddable":true,"href":"https:\/\/irriprojekt.com\/index.php\/wp-json\/wp\/v2\/product_tag?post=561"}],"curies":[{"name":"wp","href":"https:\/\/api.w.org\/{rel}","templated":true}]}}