{"id":559,"date":"2013-06-07T11:33:05","date_gmt":"2013-06-07T11:33:05","guid":{"rendered":"http:\/\/demo2.woothemes.com\/woocommerce\/?post_type=product&#038;p=83"},"modified":"2023-08-30T14:26:52","modified_gmt":"2023-08-30T12:26:52","slug":"graden-gloves","status":"publish","type":"product","link":"https:\/\/irriprojekt.com\/index.php\/product\/graden-gloves\/","title":{"rendered":"Solarno Navodnjavanje"},"content":{"rendered":"<h1>\u0160TO JE W-CUBE IRRI?<\/h1>\n<h2>W-CUBE IRRI JE\u00a0 SISTEM ZA KAP NA KAP NAVODNJAVANJE<\/h2>\n<p>&nbsp;<\/p>\n<p>Automatizirani sustav koji kao napajanje koristi elektri\u010dnu energiju dobivenu od sunca putem solarnih panela.<\/p>\n<p>Za poljoprivrednike voda mo\u017ee predstavljati zna\u010dajan tro\u0161ak, pogotovo ako se mora dostavljati na udaljene lokacije, ali se ti znatni tro\u0161kovi mogu uvelike smanjiti.<\/p>\n<p>Sistem se u brzom roku mo\u017ee implementirati bilo gdje, potpuno je automatiziran te neovisan o gorivu, struji i ljudskom radu.<\/p>\n<p>&nbsp;<\/p>\n<p><img fetchpriority=\"high\" decoding=\"async\" class=\"alignnone size-medium wp-image-8181\" src=\"https:\/\/irriprojekt.com\/wp-content\/uploads\/2013\/06\/0002-300x169.jpg\" alt=\"\" width=\"300\" height=\"169\" srcset=\"https:\/\/irriprojekt.com\/wp-content\/uploads\/2013\/06\/0002-300x169.jpg 300w, https:\/\/irriprojekt.com\/wp-content\/uploads\/2013\/06\/0002-1024x576.jpg 1024w, https:\/\/irriprojekt.com\/wp-content\/uploads\/2013\/06\/0002-768x432.jpg 768w, https:\/\/irriprojekt.com\/wp-content\/uploads\/2013\/06\/0002-1536x864.jpg 1536w, https:\/\/irriprojekt.com\/wp-content\/uploads\/2013\/06\/0002-2048x1152.jpg 2048w, https:\/\/irriprojekt.com\/wp-content\/uploads\/2013\/06\/0002-848x480.jpg 848w, https:\/\/irriprojekt.com\/wp-content\/uploads\/2013\/06\/0002-850x479.jpg 850w, https:\/\/irriprojekt.com\/wp-content\/uploads\/2013\/06\/0002-360x203.jpg 360w, https:\/\/irriprojekt.com\/wp-content\/uploads\/2013\/06\/0002-600x337.jpg 600w\" sizes=\"(max-width: 300px) 100vw, 300px\" \/><\/p>\n<h1>BEZ TRO\u0160KOVA GORIVA<\/h1>\n<h2>SISTEM JE AUTOMATIZIRAN TE NEOVISAN O GORIVU, ELEKTRI\u010cNOJ MRE\u017dI I LJUDSKOM RADU.<\/h2>\n<p>&nbsp;<\/p>\n<p>W-CUBE IRRI je u potpunosti pokretan sun\u010devom energijom te omogu\u0107uje daljinski nadzor i upravljanje sistemom navodnjavanja kap po kap.<\/p>\n<p>Osim \u0161to tro\u0161kovi goriva za navodnjavanje odlaze u pro\u0161lost, a robusne niskonaponske pumpe omogu\u0107uju cjelodnevni re\u017eim rada, ovaj sistem omogu\u0107uje Vam detaljno upravljanje navodnjavanjem, primjerice postavljanjem \u017eeljenog dnevnog protoka, pode\u0161avanjem navodnjavanja prema vremenskim intervalima. W-CUBE IRRI vam tako\u0111er omogu\u0107uje izravan nadzor putem WEB-platforme ili aplikacije.<\/p>\n<p><img decoding=\"async\" class=\"alignnone size-medium wp-image-8182\" src=\"https:\/\/irriprojekt.com\/wp-content\/uploads\/2013\/06\/0003-300x169.jpg\" alt=\"\" width=\"300\" height=\"169\" srcset=\"https:\/\/irriprojekt.com\/wp-content\/uploads\/2013\/06\/0003-300x169.jpg 300w, https:\/\/irriprojekt.com\/wp-content\/uploads\/2013\/06\/0003-1024x576.jpg 1024w, https:\/\/irriprojekt.com\/wp-content\/uploads\/2013\/06\/0003-768x432.jpg 768w, https:\/\/irriprojekt.com\/wp-content\/uploads\/2013\/06\/0003-1536x864.jpg 1536w, https:\/\/irriprojekt.com\/wp-content\/uploads\/2013\/06\/0003-2048x1152.jpg 2048w, https:\/\/irriprojekt.com\/wp-content\/uploads\/2013\/06\/0003-848x480.jpg 848w, https:\/\/irriprojekt.com\/wp-content\/uploads\/2013\/06\/0003-850x479.jpg 850w, https:\/\/irriprojekt.com\/wp-content\/uploads\/2013\/06\/0003-360x203.jpg 360w, https:\/\/irriprojekt.com\/wp-content\/uploads\/2013\/06\/0003-600x337.jpg 600w\" sizes=\"(max-width: 300px) 100vw, 300px\" \/><\/p>\n<h1>DALJINSKI NADZOR I<\/h1>\n<p>UPRAVLJANJE<\/p>\n<h2>W-CUBE IRRI U POTPUNOSTI JE POVEZAN S WEB PLATFORMOM ILI APLIKACIJOM PUTEM NB-IOT TEHNOLOGIJE<\/h2>\n<p>&nbsp;<\/p>\n<p>Putem aplikacije ili web platforme mo\u017eete upravljati i nadzirati kompletnim procesom navodnjavanja. Tijekom rada sustava imate uvid u trenutni protok vode, dok se automatski izra\u0111uje dokumentacija potro\u0161nje vode.<\/p>\n<p>Softver omogu\u0107uje satelitski prikaz povr\u0161ina te mikrolokacijsku prognozu za planiranje samog navodnjavanja.<\/p>\n<p>Navodnjavanjem se mo\u017ee upravljati na na\u010din da se postavi<\/p>\n<p>odre\u0111ena koli\u010dina vode na dnevnoj bazi, vrijeme i datum navodnjavanja. Tako\u0111er, mo\u017eete postaviti dnevne, tjedne ili mjese\u010dne cikluse navodnjavanja.<\/p>\n<p>&nbsp;<\/p>\n<p>Budu\u0107i da sustav ima dva izlaza za vodu, omogu\u0107uno je upravljanje dvjema sekcijama, gdje se svaka sekcija mo\u017ee posebno programirati, ovisno o kulturi i potrebi za vodom.<\/p>\n","protected":false},"excerpt":{"rendered":"<p>Automatizirani sustav koji kao napajanje koristi elektri\u010dnu energiju dobivenu od sunca putem solarnih panela.<\/p>\n<p>Za poljoprivrednike voda mo\u017ee predstavljati zna\u010dajan tro\u0161ak, pogotovo ako se mora dostavljati na udaljene lokacije, ali se ti znatni tro\u0161kovi mogu uvelike smanjiti.<\/p>\n<p>Sistem se u brzom roku mo\u017ee implementirati bilo gdje, potpuno je automatiziran te neovisan o gorivu, struji i ljudskom radu.<\/p>\n","protected":false},"featured_media":8179,"comment_status":"open","ping_status":"closed","template":"","meta":[],"product_brand":[],"product_cat":[53],"product_tag":[],"class_list":{"0":"post-559","1":"product","2":"type-product","3":"status-publish","4":"has-post-thumbnail","6":"product_cat-automatika","8":"first","9":"instock","10":"downloadable","11":"shipping-taxable","12":"product-type-simple"},"acf":[],"_links":{"self":[{"href":"https:\/\/irriprojekt.com\/index.php\/wp-json\/wp\/v2\/product\/559","targetHints":{"allow":["GET"]}}],"collection":[{"href":"https:\/\/irriprojekt.com\/index.php\/wp-json\/wp\/v2\/product"}],"about":[{"href":"https:\/\/irriprojekt.com\/index.php\/wp-json\/wp\/v2\/types\/product"}],"replies":[{"embeddable":true,"href":"https:\/\/irriprojekt.com\/index.php\/wp-json\/wp\/v2\/comments?post=559"}],"wp:featuredmedia":[{"embeddable":true,"href":"https:\/\/irriprojekt.com\/index.php\/wp-json\/wp\/v2\/media\/8179"}],"wp:attachment":[{"href":"https:\/\/irriprojekt.com\/index.php\/wp-json\/wp\/v2\/media?parent=559"}],"wp:term":[{"taxonomy":"product_brand","embeddable":true,"href":"https:\/\/irriprojekt.com\/index.php\/wp-json\/wp\/v2\/product_brand?post=559"},{"taxonomy":"product_cat","embeddable":true,"href":"https:\/\/irriprojekt.com\/index.php\/wp-json\/wp\/v2\/product_cat?post=559"},{"taxonomy":"product_tag","embeddable":true,"href":"https:\/\/irriprojekt.com\/index.php\/wp-json\/wp\/v2\/product_tag?post=559"}],"curies":[{"name":"wp","href":"https:\/\/api.w.org\/{rel}","templated":true}]}}