{"id":552,"date":"2013-06-07T11:25:01","date_gmt":"2013-06-07T11:25:01","guid":{"rendered":"http:\/\/demo2.woothemes.com\/woocommerce\/?post_type=product&#038;p=70"},"modified":"2023-08-30T14:31:04","modified_gmt":"2023-08-30T12:31:04","slug":"toolbag","status":"publish","type":"product","link":"https:\/\/irriprojekt.com\/index.php\/product\/toolbag\/","title":{"rendered":"Pumpe"},"content":{"rendered":"<p>Pedrollo je poznati brand koji proizvodi razne pumpe za vodu, uklju\u010duju\u0107i pumpe za navodnjavanje. Evo nekih zna\u010dajki i informacija o Pedrollo pumpama za navodnjavanje:<\/p>\n<p>1. Vrste pumpi: Pedrollo proizvodi razli\u010dite vrste pumpi koje se mogu koristiti za navodnjavanje, uklju\u010duju\u0107i centrifugalne pumpe, potopne pumpe i vi\u0161estupanjske pumpe.<\/p>\n<p>2. Materijali: Mnoge Pedrollo pumpe izra\u0111ene su od visokokvalitetnih materijala kao \u0161to je nehr\u0111aju\u0107i \u010delik, koji jam\u010di izdr\u017eljivost i otpornost na koroziju.<\/p>\n<p>3. Primjena: Pedrollo pumpe za navodnjavanje dizajnirane su za crpljenje vode iz izvora kao \u0161to su bunari, jezera ili akumulacije i isporuku na poljoprivredne parcele.<\/p>\n<p>4. U\u010dinkovitost: Ve\u0107ina ovih crpki je vrlo u\u010dinkovita i osigurava stalan protok vode, \u010dak i pod promjenjivim radnim uvjetima.<\/p>\n<p>5. Jednostavna ugradnja: Mnoge Pedrollo pumpe dizajnirane su tako da ih je lako ugraditi i odr\u017eavati.<\/p>\n<p>6. Energetska u\u010dinkovitost: Kako bi se smanjili operativni tro\u0161kovi, neke Pedrollo pumpe opremljene su naprednim tehnikama i dizajnom koji omogu\u0107uju manju potro\u0161nju energije.<\/p>\n<p>7. Sigurnost: Ve\u0107ina Pedrollo pumpi dolazi s raznim sigurnosnim zna\u010dajkama, kao \u0161to su za\u0161tita od rada na suho ili termostatski prekida\u010di za pregrijavanje.<\/p>\n<p>8. Rasponi kapaciteta: Pedrollo nudi \u0161irok raspon pumpi s razli\u010ditim kapacitetima kako bi se zadovoljile razli\u010dite potrebe za navodnjavanjem.<\/p>\n<p>Ako razmi\u0161ljate o kupnji pumpe za navodnjavanje Pedrollo, preporu\u010dujem da se posavjetujete s na\u0161im stru\u010dnjacima kako biste odabrali pravu pumpu za svoje specifi\u010dne potrebe.<\/p>\n","protected":false},"excerpt":{"rendered":"<p>Pedrollo je poznati brand koji proizvodi razne pumpe za vodu, uklju\u010duju\u0107i pumpe za navodnjavanje.<\/p>\n","protected":false},"featured_media":8183,"comment_status":"open","ping_status":"closed","template":"","meta":[],"product_brand":[],"product_cat":[50],"product_tag":[],"class_list":{"0":"post-552","1":"product","2":"type-product","3":"status-publish","4":"has-post-thumbnail","6":"product_cat-pumpe","8":"first","9":"instock","10":"shipping-taxable","11":"product-type-simple"},"acf":[],"_links":{"self":[{"href":"https:\/\/irriprojekt.com\/index.php\/wp-json\/wp\/v2\/product\/552","targetHints":{"allow":["GET"]}}],"collection":[{"href":"https:\/\/irriprojekt.com\/index.php\/wp-json\/wp\/v2\/product"}],"about":[{"href":"https:\/\/irriprojekt.com\/index.php\/wp-json\/wp\/v2\/types\/product"}],"replies":[{"embeddable":true,"href":"https:\/\/irriprojekt.com\/index.php\/wp-json\/wp\/v2\/comments?post=552"}],"wp:featuredmedia":[{"embeddable":true,"href":"https:\/\/irriprojekt.com\/index.php\/wp-json\/wp\/v2\/media\/8183"}],"wp:attachment":[{"href":"https:\/\/irriprojekt.com\/index.php\/wp-json\/wp\/v2\/media?parent=552"}],"wp:term":[{"taxonomy":"product_brand","embeddable":true,"href":"https:\/\/irriprojekt.com\/index.php\/wp-json\/wp\/v2\/product_brand?post=552"},{"taxonomy":"product_cat","embeddable":true,"href":"https:\/\/irriprojekt.com\/index.php\/wp-json\/wp\/v2\/product_cat?post=552"},{"taxonomy":"product_tag","embeddable":true,"href":"https:\/\/irriprojekt.com\/index.php\/wp-json\/wp\/v2\/product_tag?post=552"}],"curies":[{"name":"wp","href":"https:\/\/api.w.org\/{rel}","templated":true}]}}