{"id":549,"date":"2013-06-07T11:07:19","date_gmt":"2013-06-07T11:07:19","guid":{"rendered":"http:\/\/demo2.woothemes.com\/woocommerce\/?post_type=product&#038;p=56"},"modified":"2023-08-30T14:35:26","modified_gmt":"2023-08-30T12:35:26","slug":"wheelbarrow","status":"publish","type":"product","link":"https:\/\/irriprojekt.com\/index.php\/product\/wheelbarrow\/","title":{"rendered":"Cijevi za navodnjavanje"},"content":{"rendered":"<p>Cijevi za navodnjavanje su osnovni alat u sustavima za navodnjavanje koji se koriste za pravilnu raspodjelu vode do biljaka, bilo da se radi o poljoprivredi, vrtlarstvu ili krajobraznom ure\u0111enju. Postoji nekoliko vrsta cijevi koje se koriste u razli\u010ditim sistemima navodnjavanja:<\/p>\n<p>1. Cijevi za kaplja\u010dko navodnjavanje: Ove cijevi imaju male otvore ili kaplja\u010de u odre\u0111enim intervalima, a koriste se za isporuku vode direktno na korijen biljke. Ovo smanjuje gubitak vode zbog isparavanja i osigurava ciljano navodnjavanje.<\/p>\n<p>2. Soakers cijevi (cijevi koje propu\u0161taju): Ove cijevi su porozne i osloba\u0111aju vodu du\u017e cijele svoje duljine, pru\u017eaju\u0107i kontinuiranu opskrbu vodom du\u017e cijelog segmenta gdje su postavljene.<\/p>\n<p>3. PVC cijevi: To su tvrde plasti\u010dne cijevi koje se \u010desto koriste za glavne vodove u sistemima navodnjavanja. One su izdr\u017eljive, otporne na UV zra\u010denje i mogu podnijeti pritisak.<\/p>\n<p>4. PE (polietilenske) cijevi: Fleksibilne su i obi\u010dno se koriste u sustavima kaplja\u010dkog navodnjavanja kao sekundarni ili glavni vodovi.<\/p>\n<p>5. Cijevi od galvaniziranog \u010delika: Koriste se za trajnije i robusnije sustave, ali mogu biti skuplje i te\u017ee za instalaciju u usporedbi s plasti\u010dnim cijevima.<\/p>\n<p>6. Drip trake: Ovo su vrlo tanke, fleksibilne cijevi s integriranim kapaljkama. Idealne su za redove biljaka, poput povr\u0107a u vrtu.<\/p>\n<p>Kada postavljate sustav navodnjavanja, va\u017eno je odabrati odgovaraju\u0107e cijevi koje \u0107e najbolje odgovarati va\u0161im potrebama.<\/p>\n","protected":false},"excerpt":{"rendered":"<p>Cijevi za navodnjavanje su osnovni alat u sustavima za navodnjavanje koji se koriste za pravilnu raspodjelu vode do biljaka, bilo da se radi o poljoprivredi, vrtlarstvu ili krajobraznom ure\u0111enju.<\/p>\n","protected":false},"featured_media":8188,"comment_status":"open","ping_status":"closed","template":"","meta":[],"product_brand":[],"product_cat":[55],"product_tag":[],"class_list":{"0":"post-549","1":"product","2":"type-product","3":"status-publish","4":"has-post-thumbnail","6":"product_cat-navodnjavanje","8":"first","9":"instock","10":"shipping-taxable","11":"product-type-simple"},"acf":[],"_links":{"self":[{"href":"https:\/\/irriprojekt.com\/index.php\/wp-json\/wp\/v2\/product\/549","targetHints":{"allow":["GET"]}}],"collection":[{"href":"https:\/\/irriprojekt.com\/index.php\/wp-json\/wp\/v2\/product"}],"about":[{"href":"https:\/\/irriprojekt.com\/index.php\/wp-json\/wp\/v2\/types\/product"}],"replies":[{"embeddable":true,"href":"https:\/\/irriprojekt.com\/index.php\/wp-json\/wp\/v2\/comments?post=549"}],"wp:featuredmedia":[{"embeddable":true,"href":"https:\/\/irriprojekt.com\/index.php\/wp-json\/wp\/v2\/media\/8188"}],"wp:attachment":[{"href":"https:\/\/irriprojekt.com\/index.php\/wp-json\/wp\/v2\/media?parent=549"}],"wp:term":[{"taxonomy":"product_brand","embeddable":true,"href":"https:\/\/irriprojekt.com\/index.php\/wp-json\/wp\/v2\/product_brand?post=549"},{"taxonomy":"product_cat","embeddable":true,"href":"https:\/\/irriprojekt.com\/index.php\/wp-json\/wp\/v2\/product_cat?post=549"},{"taxonomy":"product_tag","embeddable":true,"href":"https:\/\/irriprojekt.com\/index.php\/wp-json\/wp\/v2\/product_tag?post=549"}],"curies":[{"name":"wp","href":"https:\/\/api.w.org\/{rel}","templated":true}]}}