{"id":50,"date":"2013-06-07T11:03:56","date_gmt":"2013-06-07T11:03:56","guid":{"rendered":"http:\/\/demo2.woothemes.com\/woocommerce\/?post_type=product&#038;p=50"},"modified":"2023-08-30T14:38:57","modified_gmt":"2023-08-30T12:38:57","slug":"pehd-cijev","status":"publish","type":"product","link":"https:\/\/irriprojekt.com\/index.php\/product\/pehd-cijev\/","title":{"rendered":"PEHD Cijev"},"content":{"rendered":"<p>PEHD cijevi su cijevi izra\u0111ene od polietilena visoke gusto\u0107e (PEHD &#8211; Polyethylene High Density). Polietilen je vrsta termoplasti\u010dne smole koja se \u010desto koristi u izradi raznih plasti\u010dnih proizvoda, uklju\u010duju\u0107i cijevi za navodnjavanje. Evo nekoliko klju\u010dnih karakteristika i prednosti PEHD cijevi za navodnjavanje:<\/p>\n<p>1. Kemijska otpornost: PEHD cijevi su otporne na ve\u0107inu kemijskih reagensa i korozije, \u0161to ih \u010dini idealnim za primjene gdje se mogu koristiti agresivne teku\u0107ine ili gdje postoji rizik od korozije.<\/p>\n<p>2. Fleksibilnost: U usporedbi s metalnim ili PVC cijevima, PEHD cijevi su fleksibilnije, \u0161to omogu\u0107ava bolje prilago\u0111avanje razli\u010ditim terenima i manje spojeva.<\/p>\n<p>3. Dug vijek trajanja: Zbog svoje otpornosti na UV zra\u010denje, koroziju i abraziju, PEHD cijevi imaju dugi vijek trajanja, \u010desto i vi\u0161e od 50 godina.<\/p>\n<p>4. Ekolo\u0161ka prihvatljivost: PEHD je materijal koji se mo\u017ee reciklirati, a samim tim i cijevi izra\u0111ene od ovog materijala mogu biti ekolo\u0161ki prihvatljive.<\/p>\n<p>5. Manje curenje: Zbog svoje fleksibilnosti i mogu\u0107nosti za spajanje bez spojnica, PEHD cijevi \u010desto imaju manje curenja i smanjen rizik od pucanja.<\/p>\n<p>6. Ni\u017ei tro\u0161kovi odr\u017eavanja: Otpornost na koroziju i kemikalije smanjuje potrebu za odr\u017eavanjem ili zamjenom cijevi tijekom vremena.<\/p>\n<p>7. Sposobnost za transport raznih teku\u0107ina: Iako se \u010desto koriste za navodnjavanje, PEHD cijevi su tako\u0111er pogodne za transport pitke vode, otpadnih voda i drugih teku\u0107ina.<\/p>\n<p>8. Otpornost na temperaturne promjene: PEHD cijevi mogu podnijeti \u0161irok raspon temperatura bez gubitka svojih mehani\u010dkih svojstava.<\/p>\n<p>Uz sve navedene prednosti, va\u017eno je napomenuti da prilikom instalacije PEHD cijevi za navodnjavanje treba uzeti u obzir odgovaraju\u0107e specifikacije i standardi kako bi se osigurao ispravan rad i dugovje\u010dnost sustava.<\/p>\n<ul>\n<li>Materijal PE100 s jednim slojem, u crnoj boji s plavom linijom, namijenjen za kori\u0161tenje u vodovodnim sustavima sukladno standardima HRN EN 12201-1 i HRN EN 12201-2.<\/li>\n<li>Specifikacije SDR uklju\u010duju\u00a0 11,\u00a0 13,6 i 17<\/li>\n<li>Dostupne dimenzije kre\u0107u se od d16 do d500 mm.<\/li>\n<li>Metode spajanja uklju\u010duju elektrofuziju i su\u010delno spajanje<\/li>\n<\/ul>\n<p><strong>Dostava na lokaciju uklju\u010dena u cijenu\u00a0<\/strong><\/p>\n","protected":false},"excerpt":{"rendered":"<p>PEHD cijevi su cijevi izra\u0111ene od polietilena visoke gusto\u0107e (PEHD &#8211; Polyethylene High Density). Polietilen je vrsta termoplasti\u010dne smole koja se \u010desto koristi u izradi raznih plasti\u010dnih proizvoda, uklju\u010duju\u0107i cijevi za navodnjavanje.<\/p>\n<p>&nbsp;<\/p>\n<p>&nbsp;<\/p>\n<ol>\n<li>Materijal PE100 s jednim slojem, u crnoj boji s plavom linijom, namijenjen za kori\u0161tenje u vodovodnim sustavima sukladno standardima HRN EN 12201-1 i HRN EN 12201-2.<\/li>\n<li>Specifikacije SDR uklju\u010duju\u00a0 11,\u00a0 13,6 i 17<\/li>\n<li>Dostupne dimenzije kre\u0107u se od d16 do d500 mm.<\/li>\n<li>Metode spajanja uklju\u010duju elektrofuziju i su\u010delno spajanje<\/li>\n<\/ol>\n<p><strong>Dostava na lokaciju uklju\u010dena u cijenu\u00a0<\/strong><\/p>\n","protected":false},"featured_media":8331,"comment_status":"open","ping_status":"closed","template":"","meta":[],"product_brand":[],"product_cat":[15,55],"product_tag":[],"class_list":{"0":"post-50","1":"product","2":"type-product","3":"status-publish","4":"has-post-thumbnail","6":"product_cat-uncategorized","7":"product_cat-navodnjavanje","9":"first","10":"instock","11":"shipping-taxable","12":"product-type-simple"},"acf":[],"_links":{"self":[{"href":"https:\/\/irriprojekt.com\/index.php\/wp-json\/wp\/v2\/product\/50","targetHints":{"allow":["GET"]}}],"collection":[{"href":"https:\/\/irriprojekt.com\/index.php\/wp-json\/wp\/v2\/product"}],"about":[{"href":"https:\/\/irriprojekt.com\/index.php\/wp-json\/wp\/v2\/types\/product"}],"replies":[{"embeddable":true,"href":"https:\/\/irriprojekt.com\/index.php\/wp-json\/wp\/v2\/comments?post=50"}],"wp:featuredmedia":[{"embeddable":true,"href":"https:\/\/irriprojekt.com\/index.php\/wp-json\/wp\/v2\/media\/8331"}],"wp:attachment":[{"href":"https:\/\/irriprojekt.com\/index.php\/wp-json\/wp\/v2\/media?parent=50"}],"wp:term":[{"taxonomy":"product_brand","embeddable":true,"href":"https:\/\/irriprojekt.com\/index.php\/wp-json\/wp\/v2\/product_brand?post=50"},{"taxonomy":"product_cat","embeddable":true,"href":"https:\/\/irriprojekt.com\/index.php\/wp-json\/wp\/v2\/product_cat?post=50"},{"taxonomy":"product_tag","embeddable":true,"href":"https:\/\/irriprojekt.com\/index.php\/wp-json\/wp\/v2\/product_tag?post=50"}],"curies":[{"name":"wp","href":"https:\/\/api.w.org\/{rel}","templated":true}]}}