{"id":1207,"date":"2015-02-20T12:17:55","date_gmt":"2015-02-20T12:17:55","guid":{"rendered":"http:\/\/themes.qreativethemes.com\/theconstructor\/?post_type=product&#038;p=1207"},"modified":"2026-03-17T03:46:04","modified_gmt":"2026-03-17T01:46:04","slug":"broom","status":"publish","type":"product","link":"https:\/\/irriprojekt.com\/index.php\/product\/broom\/","title":{"rendered":"Regulacija"},"content":{"rendered":"<p><span style=\"color: #999999;\">Predstavljamo Vam na\u0161u najnoviju inovaciju u podru\u010dju ventilacije za navodnjavanje &#8211; BERMAD ventil za vodu s regulatorom tlaka i automatskim upravljanjem!<\/span><\/p>\n<p><span style=\"color: #999999;\">Ovaj ventil je dizajniran za pru\u017eanje optimalnog navodnjavanja Va\u0161eg polja ili vrta, bez potrebe za ru\u010dnim upravljanjem ili stalnim provjeravanjem protoka vode. Opremljen je regulatorom tlaka koji osigurava konstantan tlak vode, bez obzira na varijacije u dovodu vode ili na brzinu protoka.<\/span><\/p>\n<p><span style=\"color: #999999;\">Automatsko upravljanje omogu\u0107ava ventili da radi samostalno, otvaraju\u0107i se i zatvaraju\u0107i se prema postavljenom rasporedu ili prema potrebama navodnjavanja. To zna\u010di da ne morate stalno biti prisutni da biste nadgledali svoje navodnjavanje, ve\u0107 mo\u017eete u\u0161tedjeti vrijeme i trud.<\/span><\/p>\n<p><span style=\"color: #999999;\">Na\u0161 BERMAD ventil za vodu tako\u0111er je opremljen dodatnim sigurnosnim zna\u010dajkama koje pru\u017eaju pouzdanost i sigurnost u kori\u0161tenju. Opremljen je s prekida\u010dem koji \u0161titi\u00a0aktuator od preoptere\u0107enja, a tako\u0111er ima i funkciju automatskog zatvaranja u slu\u010daju pada tlaka.<\/span><\/p>\n<p><span style=\"color: #999999;\">Proizvod je izra\u0111en od najkvalitetnijih materijala kako bi Vam pru\u017eio dugotrajnost i pouzdanost u kori\u0161tenju. Na\u0161 BERMAD ventil je jednostavan za instalaciju i kori\u0161tenje, te je kompatibilan s ve\u0107inom sustava navodnjavanja.<\/span><\/p>\n<p><span style=\"color: #999999;\">Uz BERMAD ventil za vodu s regulatorom tlaka i automatskim upravljavanjem, mo\u017eete biti sigurni da \u0107ete dobiti visokokvalitetan proizvod koji \u0107e Vam pru\u017eiti optimalno navodnjavanje i u\u0161tedjeti Vam vrijeme i trud. Odaberite BERMAD ventil i u\u017eivajte u automatiziranom navodnjavanju svojih usjeva!<\/span><\/p>\n<p>&nbsp;<\/p>\n<p><span style=\"color: #999999;\">ZNA\u010cAJKE I PREDNOSTI PROIZVODA<\/span><br \/>\n<span style=\"color: #999999;\">Pokretan tlakom u cjevovodu, hidrauli\u010dki upravljan (uklju\u010deno\/isklju\u010deno)<\/span><br \/>\n<span style=\"color: #999999;\">\u0160titi nizvodne sustave<\/span><br \/>\n<span style=\"color: #999999;\">Potpuno se otvara kada tlak u cjevovodu padne<\/span><br \/>\n<span style=\"color: #999999;\">3\u05ba\u05ba-smjerni integrirani pilot \u2013 dizajn jednostavan za kori\u0161tenje<\/span><br \/>\n<span style=\"color: #999999;\">Gumb za pode\u0161avanje i skala visoke rezolucije za jednostavnu kalibraciju bez manometra<\/span><br \/>\n<span style=\"color: #999999;\">Kontrola solenoida se lako dodaje ili uklanja<\/span><br \/>\n<span style=\"color: #999999;\">Jedinstveno prikladan za sve veli\u010dine do 3\u201d<\/span><br \/>\n<span style=\"color: #999999;\">In\u017eenjerski plasti\u010dni ventil s industrijskim dizajnom<\/span><br \/>\n<span style=\"color: #999999;\">Prilagodljiv na licu mjesta \u0161irokom rasponu veli\u010dina i vrsta krajnjih priklju\u010daka<\/span><br \/>\n<span style=\"color: #999999;\">Vrlo izdr\u017eljiv, otporan na kemikalije i kavitaciju<\/span><br \/>\n<span style=\"color: #999999;\">h\u05ba\u05baYflow &#8216;Y&#8217; ku\u0107i\u0161te ventila s &#8220;Look Through&#8221; dizajnom<\/span><br \/>\n<span style=\"color: #999999;\">Ultra-visoki kapacitet protoka pri niskom gubitku tlaka<\/span><br \/>\n<span style=\"color: #999999;\">Unitizirana fleksibilna super putna dijafragma s vo\u0111enim \u010depom<\/span><br \/>\n<span style=\"color: #999999;\">To\u010dna i stabilna regulacija s glatkim zatvaranjem<\/span><br \/>\n<span style=\"color: #999999;\">Zahtijeva nizak pritisak aktiviranja<\/span><br \/>\n<span style=\"color: #999999;\">Sprje\u010dava eroziju i iskrivljenje dijafragme<\/span><\/p>\n","protected":false},"excerpt":{"rendered":"<p><span style=\"color: #999999;\">Predstavljamo Vam na\u0161u najnoviju inovaciju u podru\u010dju ventilacije za navodnjavanje &#8211; BERMAD ventil za vodu s regulatorom tlaka i automatskim upravljanjem!<\/span><\/p>\n","protected":false},"featured_media":7694,"comment_status":"open","ping_status":"closed","template":"","meta":[],"product_brand":[],"product_cat":[51],"product_tag":[],"class_list":{"0":"post-1207","1":"product","2":"type-product","3":"status-publish","4":"has-post-thumbnail","6":"product_cat-ventil","8":"first","9":"instock","10":"shipping-taxable","11":"product-type-simple"},"acf":[],"_links":{"self":[{"href":"https:\/\/irriprojekt.com\/index.php\/wp-json\/wp\/v2\/product\/1207","targetHints":{"allow":["GET"]}}],"collection":[{"href":"https:\/\/irriprojekt.com\/index.php\/wp-json\/wp\/v2\/product"}],"about":[{"href":"https:\/\/irriprojekt.com\/index.php\/wp-json\/wp\/v2\/types\/product"}],"replies":[{"embeddable":true,"href":"https:\/\/irriprojekt.com\/index.php\/wp-json\/wp\/v2\/comments?post=1207"}],"wp:featuredmedia":[{"embeddable":true,"href":"https:\/\/irriprojekt.com\/index.php\/wp-json\/wp\/v2\/media\/7694"}],"wp:attachment":[{"href":"https:\/\/irriprojekt.com\/index.php\/wp-json\/wp\/v2\/media?parent=1207"}],"wp:term":[{"taxonomy":"product_brand","embeddable":true,"href":"https:\/\/irriprojekt.com\/index.php\/wp-json\/wp\/v2\/product_brand?post=1207"},{"taxonomy":"product_cat","embeddable":true,"href":"https:\/\/irriprojekt.com\/index.php\/wp-json\/wp\/v2\/product_cat?post=1207"},{"taxonomy":"product_tag","embeddable":true,"href":"https:\/\/irriprojekt.com\/index.php\/wp-json\/wp\/v2\/product_tag?post=1207"}],"curies":[{"name":"wp","href":"https:\/\/api.w.org\/{rel}","templated":true}]}}