{"id":921,"date":"2015-01-08T14:17:12","date_gmt":"2015-01-08T14:17:12","guid":{"rendered":"http:\/\/localhost:8888\/construction\/?page_id=2"},"modified":"2023-08-30T10:58:03","modified_gmt":"2023-08-30T08:58:03","slug":"usluge","status":"publish","type":"page","link":"https:\/\/irriprojekt.com\/index.php\/usluge\/","title":{"rendered":"Usluge"},"content":{"rendered":"<div id=\"pl-921\"  class=\"panel-layout\" ><div id=\"pg-921-0\"  class=\"panel-grid panel-no-style\" ><div id=\"pgc-921-0-0\"  class=\"panel-grid-cell\" ><div id=\"panel-921-0-0-0\" class=\"so-panel widget widget_qt_feature_page widget-featured-page panel-first-child panel-last-child\" data-index=\"0\" >\n\t\t\t<div class=\"post-item page\">\n\t\t\t\t\t\t\t\t\t<a href=\"https:\/\/irriprojekt.com\/index.php\/usluge\/navodnjavanje\/\" class=\"post-item-image\">\n\t\t\t\t\t\t<img fetchpriority=\"high\" decoding=\"async\" width=\"360\" height=\"240\" src=\"https:\/\/irriprojekt.com\/wp-content\/uploads\/2023\/08\/istockphoto-1319625630-612x612-1-e1691650534676-360x240.jpg\" class=\"attachment-thelandscaper-featured-thumb size-thelandscaper-featured-thumb\" alt=\"Navodnjavanje\" srcset=\"https:\/\/irriprojekt.com\/wp-content\/uploads\/2023\/08\/istockphoto-1319625630-612x612-1-e1691650534676-360x240.jpg 360w, https:\/\/irriprojekt.com\/wp-content\/uploads\/2023\/08\/istockphoto-1319625630-612x612-1-e1691650534676-600x400.jpg 600w, https:\/\/irriprojekt.com\/wp-content\/uploads\/2023\/08\/istockphoto-1319625630-612x612-1-e1691650534676-300x200.jpg 300w, https:\/\/irriprojekt.com\/wp-content\/uploads\/2023\/08\/istockphoto-1319625630-612x612-1-e1691650534676.jpg 612w\" sizes=\"(min-width: 781px) 360px, calc(100vw - 30px)\" \/>\t\t\t\t\t\t\t\t\t\t\t\t\t<div class=\"overlay\">\n\t\t\t\t\t\t\t\t<div class=\"vertical-center\">\n\t\t\t\t\t\t\t\t\t<span>Pro\u010ditaj vi\u0161e...<\/span>\n\t\t\t\t\t\t\t\t<\/div>\n\t\t\t\t\t\t\t<\/div>\n\t\t\t\t\t\t\t\t\t\t\t<\/a>\n\t\t\t\t\t\t\t\t<h5 class=\"title\">\n\t\t\t\t\t<a href=\"https:\/\/irriprojekt.com\/index.php\/usluge\/navodnjavanje\/\">Navodnjavanje<\/a>\n\t\t\t\t<\/h5>\n\t\t\t\t\t\t\t\t\t<p>Sustavi navodnjavanja za poljoprivredu i vrtove:\n\n1. Kap po kap - precizno ispu\u0161tanje vode na korijenje pomo\u0107u&hellip;<\/p>\n\t\t\t\t\t\t\t\t\t\t\t\t\t<a href=\"https:\/\/irriprojekt.com\/index.php\/usluge\/navodnjavanje\/\" class=\"more\">Pro\u010ditaj vi\u0161e...<\/a>\n\t\t\t\t\t\t\t<\/div>\n\n\t\t\t<\/div><\/div><div id=\"pgc-921-0-1\"  class=\"panel-grid-cell\" ><div id=\"panel-921-0-1-0\" class=\"so-panel widget widget_qt_feature_page widget-featured-page panel-first-child panel-last-child\" data-index=\"1\" >\n\t\t\t<div class=\"post-item page\">\n\t\t\t\t\t\t\t\t\t<a href=\"https:\/\/irriprojekt.com\/index.php\/usluge\/eu-fondovi-bespovratna-sredstva\/\" class=\"post-item-image\">\n\t\t\t\t\t\t<img decoding=\"async\" width=\"360\" height=\"240\" src=\"https:\/\/irriprojekt.com\/wp-content\/uploads\/pexels-karolina-grabowska-4495904.2500-360x240.jpg\" class=\"attachment-thelandscaper-featured-thumb size-thelandscaper-featured-thumb\" alt=\"eu fondovi\" srcset=\"https:\/\/irriprojekt.com\/wp-content\/uploads\/pexels-karolina-grabowska-4495904.2500-360x240.jpg 360w, https:\/\/irriprojekt.com\/wp-content\/uploads\/pexels-karolina-grabowska-4495904.2500-300x200.jpg 300w, https:\/\/irriprojekt.com\/wp-content\/uploads\/pexels-karolina-grabowska-4495904.2500-1024x683.jpg 1024w, https:\/\/irriprojekt.com\/wp-content\/uploads\/pexels-karolina-grabowska-4495904.2500-768x512.jpg 768w, https:\/\/irriprojekt.com\/wp-content\/uploads\/pexels-karolina-grabowska-4495904.2500-1536x1024.jpg 1536w, https:\/\/irriprojekt.com\/wp-content\/uploads\/pexels-karolina-grabowska-4495904.2500-2048x1366.jpg 2048w, https:\/\/irriprojekt.com\/wp-content\/uploads\/pexels-karolina-grabowska-4495904.2500-850x567.jpg 850w, https:\/\/irriprojekt.com\/wp-content\/uploads\/pexels-karolina-grabowska-4495904.2500-600x400.jpg 600w\" sizes=\"(min-width: 781px) 360px, calc(100vw - 30px)\" \/>\t\t\t\t\t\t\t\t\t\t\t\t\t<div class=\"overlay\">\n\t\t\t\t\t\t\t\t<div class=\"vertical-center\">\n\t\t\t\t\t\t\t\t\t<span>Pro\u010ditaj vi\u0161e...<\/span>\n\t\t\t\t\t\t\t\t<\/div>\n\t\t\t\t\t\t\t<\/div>\n\t\t\t\t\t\t\t\t\t\t\t<\/a>\n\t\t\t\t\t\t\t\t<h5 class=\"title\">\n\t\t\t\t\t<a href=\"https:\/\/irriprojekt.com\/index.php\/usluge\/eu-fondovi-bespovratna-sredstva\/\">EU FONDOVI - Bespovratna Sredstva<\/a>\n\t\t\t\t<\/h5>\n\t\t\t\t\t\t\t\t\t<p>U svrhu kori\u0161tenja bespovratnih sredstava iz EU fondova\u00a0 na\u0161e savjetovanje nudi sljede\u0107e usluge:\n\n1. Utvr\u0111ivanje&hellip;<\/p>\n\t\t\t\t\t\t\t\t\t\t\t\t\t<a href=\"https:\/\/irriprojekt.com\/index.php\/usluge\/eu-fondovi-bespovratna-sredstva\/\" class=\"more\">Pro\u010ditaj vi\u0161e...<\/a>\n\t\t\t\t\t\t\t<\/div>\n\n\t\t\t<\/div><\/div><div id=\"pgc-921-0-2\"  class=\"panel-grid-cell\" ><div id=\"panel-921-0-2-0\" class=\"so-panel widget widget_qt_feature_page widget-featured-page panel-first-child panel-last-child\" data-index=\"2\" >\n\t\t\t<div class=\"post-item page\">\n\t\t\t\t\t\t\t\t\t<a href=\"https:\/\/irriprojekt.com\/index.php\/usluge\/akumulacija\/\" class=\"post-item-image\">\n\t\t\t\t\t\t<img decoding=\"async\" width=\"360\" height=\"240\" src=\"https:\/\/irriprojekt.com\/wp-content\/uploads\/2015\/07\/19-gal-360x240.jpg\" class=\"attachment-thelandscaper-featured-thumb size-thelandscaper-featured-thumb\" alt=\"akumulacija vode\" srcset=\"https:\/\/irriprojekt.com\/wp-content\/uploads\/2015\/07\/19-gal-360x240.jpg 360w, https:\/\/irriprojekt.com\/wp-content\/uploads\/2015\/07\/19-gal-850x567.jpg 850w\" sizes=\"(min-width: 781px) 360px, calc(100vw - 30px)\" \/>\t\t\t\t\t\t\t\t\t\t\t\t\t<div class=\"overlay\">\n\t\t\t\t\t\t\t\t<div class=\"vertical-center\">\n\t\t\t\t\t\t\t\t\t<span>Pro\u010ditaj vi\u0161e...<\/span>\n\t\t\t\t\t\t\t\t<\/div>\n\t\t\t\t\t\t\t<\/div>\n\t\t\t\t\t\t\t\t\t\t\t<\/a>\n\t\t\t\t\t\t\t\t<h5 class=\"title\">\n\t\t\t\t\t<a href=\"https:\/\/irriprojekt.com\/index.php\/usluge\/akumulacija\/\">Akumulacija vode<\/a>\n\t\t\t\t<\/h5>\n\t\t\t\t\t\t\t\t\t<p>Akumulacije i spremnici vode: U\u010dinkovito skladi\u0161tenje vode\n\n&nbsp;\n\nSpremi\u0161te vode odnosi se na tehniku \u200b\u200bskladi\u0161tenja&hellip;<\/p>\n\t\t\t\t\t\t\t\t\t\t\t\t\t<a href=\"https:\/\/irriprojekt.com\/index.php\/usluge\/akumulacija\/\" class=\"more\">Pro\u010ditaj vi\u0161e...<\/a>\n\t\t\t\t\t\t\t<\/div>\n\n\t\t\t<\/div><\/div><\/div><div id=\"pg-921-1\"  class=\"panel-grid panel-no-style\" ><div id=\"pgc-921-1-0\"  class=\"panel-grid-cell\" ><div id=\"panel-921-1-0-0\" class=\"so-panel widget widget_qt_feature_page widget-featured-page panel-first-child panel-last-child\" data-index=\"3\" >\n\t\t\t<div class=\"post-item page\">\n\t\t\t\t\t\t\t\t\t<a href=\"https:\/\/irriprojekt.com\/index.php\/usluge\/projektna-dokumentacija\/\" class=\"post-item-image\">\n\t\t\t\t\t\t<img loading=\"lazy\" decoding=\"async\" width=\"360\" height=\"240\" src=\"https:\/\/irriprojekt.com\/wp-content\/uploads\/2023\/08\/Screenshot-2023-08-10-092442-360x240.jpg\" class=\"attachment-thelandscaper-featured-thumb size-thelandscaper-featured-thumb\" alt=\"Projektna dokumentacija\" srcset=\"\" sizes=\"(min-width: 781px) 360px, calc(100vw - 30px)\" \/>\t\t\t\t\t\t\t\t\t\t\t\t\t<div class=\"overlay\">\n\t\t\t\t\t\t\t\t<div class=\"vertical-center\">\n\t\t\t\t\t\t\t\t\t<span>Pro\u010ditaj vi\u0161e...<\/span>\n\t\t\t\t\t\t\t\t<\/div>\n\t\t\t\t\t\t\t<\/div>\n\t\t\t\t\t\t\t\t\t\t\t<\/a>\n\t\t\t\t\t\t\t\t<h5 class=\"title\">\n\t\t\t\t\t<a href=\"https:\/\/irriprojekt.com\/index.php\/usluge\/projektna-dokumentacija\/\">Projektna dokumentacija<\/a>\n\t\t\t\t<\/h5>\n\t\t\t\t\t\t\t\t\t<p>Nudimo izradu projektne dokumentacije za sustave navodnjavanja, prilago\u0111ene specifi\u010dnim potrebama va\u0161eg vo\u0107njaka.&hellip;<\/p>\n\t\t\t\t\t\t\t\t\t\t\t\t\t<a href=\"https:\/\/irriprojekt.com\/index.php\/usluge\/projektna-dokumentacija\/\" class=\"more\">Pro\u010ditaj vi\u0161e...<\/a>\n\t\t\t\t\t\t\t<\/div>\n\n\t\t\t<\/div><\/div><div id=\"pgc-921-1-1\"  class=\"panel-grid-cell\" ><div id=\"panel-921-1-1-0\" class=\"so-panel widget widget_qt_feature_page widget-featured-page panel-first-child panel-last-child\" data-index=\"4\" >\n\t\t\t<div class=\"post-item page\">\n\t\t\t\t\t\t\t\t<h5 class=\"title\">\n\t\t\t\t\t<a href=\"\"><\/a>\n\t\t\t\t<\/h5>\n\t\t\t\t\t\t\t\t\t\t\t\t\t<a href=\"\" class=\"more\">Pro\u010ditaj vi\u0161e...<\/a>\n\t\t\t\t\t\t\t<\/div>\n\n\t\t\t<\/div><\/div><div id=\"pgc-921-1-2\"  class=\"panel-grid-cell\" ><div id=\"panel-921-1-2-0\" class=\"so-panel widget widget_qt_feature_page widget-featured-page panel-first-child panel-last-child\" data-index=\"5\" >\n\t\t\t<div class=\"post-item page\">\n\t\t\t\t\t\t\t\t\t<a href=\"https:\/\/irriprojekt.com\/index.php\/usluge\/zastita-od-mraza\/\" class=\"post-item-image\">\n\t\t\t\t\t\t<img loading=\"lazy\" decoding=\"async\" width=\"360\" height=\"240\" src=\"https:\/\/irriprojekt.com\/wp-content\/uploads\/2015\/07\/Hrvatske-sume-divlja-tresnja-mraz-2021-360x240.jpg\" class=\"attachment-thelandscaper-featured-thumb size-thelandscaper-featured-thumb\" alt=\"Za\u0161tita od mraza\" srcset=\"https:\/\/irriprojekt.com\/wp-content\/uploads\/2015\/07\/Hrvatske-sume-divlja-tresnja-mraz-2021-360x240.jpg 360w, https:\/\/irriprojekt.com\/wp-content\/uploads\/2015\/07\/Hrvatske-sume-divlja-tresnja-mraz-2021-850x567.jpg 850w\" sizes=\"(min-width: 781px) 360px, calc(100vw - 30px)\" \/>\t\t\t\t\t\t\t\t\t\t\t\t\t<div class=\"overlay\">\n\t\t\t\t\t\t\t\t<div class=\"vertical-center\">\n\t\t\t\t\t\t\t\t\t<span>Pro\u010ditaj vi\u0161e...<\/span>\n\t\t\t\t\t\t\t\t<\/div>\n\t\t\t\t\t\t\t<\/div>\n\t\t\t\t\t\t\t\t\t\t\t<\/a>\n\t\t\t\t\t\t\t\t<h5 class=\"title\">\n\t\t\t\t\t<a href=\"https:\/\/irriprojekt.com\/index.php\/usluge\/zastita-od-mraza\/\">Za\u0161tita od mraza<\/a>\n\t\t\t\t<\/h5>\n\t\t\t\t\t\t\t\t\t<p>Sustav za\u0161tite od mraza sve je va\u017eniji alat za vinograde i vo\u0107njake, zbog sve \u010de\u0161\u0107eg pojave ekstremnih vremena&hellip;<\/p>\n\t\t\t\t\t\t\t\t\t\t\t\t\t<a href=\"https:\/\/irriprojekt.com\/index.php\/usluge\/zastita-od-mraza\/\" class=\"more\">Pro\u010ditaj vi\u0161e...<\/a>\n\t\t\t\t\t\t\t<\/div>\n\n\t\t\t<\/div><\/div><\/div><div id=\"pg-921-2\"  class=\"panel-grid panel-no-style\" ><div id=\"pgc-921-2-0\"  class=\"panel-grid-cell\" ><div id=\"panel-921-2-0-0\" class=\"so-panel widget widget_black-studio-tinymce widget_black_studio_tinymce panel-first-child panel-last-child\" data-index=\"6\" ><h3 class=\"widget-title\"><span class=\"light\">Po\u0161alji<\/span> Upit<\/h3><div class=\"textwidget\"><p>\n<div class=\"wpcf7 no-js\" id=\"wpcf7-f6469-o1\" lang=\"en-US\" dir=\"ltr\" data-wpcf7-id=\"6469\">\n<div class=\"screen-reader-response\"><p role=\"status\" aria-live=\"polite\" aria-atomic=\"true\"><\/p> <ul><\/ul><\/div>\n<form action=\"\/index.php\/wp-json\/wp\/v2\/pages\/921#wpcf7-f6469-o1\" method=\"post\" class=\"wpcf7-form init\" aria-label=\"Contact form\" novalidate=\"novalidate\" data-status=\"init\">\n<fieldset class=\"hidden-fields-container\"><input type=\"hidden\" name=\"_wpcf7\" value=\"6469\" \/><input type=\"hidden\" name=\"_wpcf7_version\" value=\"6.1.4\" \/><input type=\"hidden\" name=\"_wpcf7_locale\" value=\"en_US\" \/><input type=\"hidden\" name=\"_wpcf7_unit_tag\" value=\"wpcf7-f6469-o1\" \/><input type=\"hidden\" name=\"_wpcf7_container_post\" value=\"0\" \/><input type=\"hidden\" name=\"_wpcf7_posted_data_hash\" value=\"\" \/>\n<\/fieldset>\n<div class=\"Po\u0161alji Upit\">\n\t<div class=\"row\">\n\t\t<div class=\"col-xs-12 col-md-6\">\n\t\t\t<p><span class=\"wpcf7-form-control-wrap\" data-name=\"your-name\"><input size=\"40\" maxlength=\"400\" class=\"wpcf7-form-control wpcf7-text wpcf7-validates-as-required\" aria-required=\"true\" aria-invalid=\"false\" placeholder=\"Ime i Prezime\" value=\"\" type=\"text\" name=\"your-name\" \/><\/span>\n\t\t\t<\/p>\n\t\t<\/div>\n\t\t<div class=\"col-xs-12 col-md-6\">\n\t\t\t<p><span class=\"wpcf7-form-control-wrap\" data-name=\"your-email\"><input size=\"40\" maxlength=\"400\" class=\"wpcf7-form-control wpcf7-email wpcf7-validates-as-required wpcf7-text wpcf7-validates-as-email\" aria-required=\"true\" aria-invalid=\"false\" placeholder=\"E-mail\" value=\"\" type=\"email\" name=\"your-email\" \/><\/span>\n\t\t\t<\/p>\n\t\t<\/div>\n\t\t<div class=\"col-xs-12\">\n\t\t\t<p><span class=\"wpcf7-form-control-wrap\" data-name=\"your-message\"><textarea cols=\"40\" rows=\"10\" maxlength=\"2000\" class=\"wpcf7-form-control wpcf7-textarea wpcf7-validates-as-required\" aria-required=\"true\" aria-invalid=\"false\" placeholder=\"Poruka\" name=\"your-message\"><\/textarea><\/span>\n\t\t\t<\/p>\n\t\t<\/div>\n\t\t<div class=\"col-xs-12\">\n\t\t\t<p><input class=\"wpcf7-form-control wpcf7-submit has-spinner btn btn-primary center-block\" type=\"submit\" value=\"Po\u0161alji Upit\" \/>\n\t\t\t<\/p>\n\t\t<\/div>\n\t<\/div>\n<\/div><p style=\"display: none !important;\" class=\"akismet-fields-container\" data-prefix=\"_wpcf7_ak_\"><label>&#916;<textarea name=\"_wpcf7_ak_hp_textarea\" cols=\"45\" rows=\"8\" maxlength=\"100\"><\/textarea><\/label><input type=\"hidden\" id=\"ak_js_1\" name=\"_wpcf7_ak_js\" value=\"177\"\/><script>document.getElementById( \"ak_js_1\" ).setAttribute( \"value\", ( new Date() ).getTime() );<\/script><\/p><div class=\"wpcf7-response-output\" aria-hidden=\"true\"><\/div>\n<\/form>\n<\/div>\n<\/p>\n<\/div><\/div><\/div><\/div><\/div>","protected":false},"excerpt":{"rendered":"<p>Pro\u010ditaj vi\u0161e&#8230; Navodnjavanje Sustavi navodnjavanja za poljoprivredu i vrtove: 1. Kap po kap &#8211; precizno ispu\u0161tanje vode na korijenje pomo\u0107u&hellip; Pro\u010ditaj vi\u0161e&#8230; Pro\u010ditaj vi\u0161e&#8230; EU FONDOVI &#8211; Bespovratna Sredstva U svrhu kori\u0161tenja bespovratnih sredstava iz EU fondova\u00a0 na\u0161e savjetovanje nudi sljede\u0107e usluge: 1. Utvr\u0111ivanje&hellip; Pro\u010ditaj vi\u0161e&#8230; Pro\u010ditaj vi\u0161e&#8230; Akumulacija vode Akumulacije i spremnici vode: U\u010dinkovito [&hellip;]<\/p>\n","protected":false},"author":1,"featured_media":8208,"parent":0,"menu_order":0,"comment_status":"closed","ping_status":"closed","template":"","meta":{"footnotes":""},"class_list":["post-921","page","type-page","status-publish","has-post-thumbnail","hentry"],"acf":[],"_links":{"self":[{"href":"https:\/\/irriprojekt.com\/index.php\/wp-json\/wp\/v2\/pages\/921","targetHints":{"allow":["GET"]}}],"collection":[{"href":"https:\/\/irriprojekt.com\/index.php\/wp-json\/wp\/v2\/pages"}],"about":[{"href":"https:\/\/irriprojekt.com\/index.php\/wp-json\/wp\/v2\/types\/page"}],"author":[{"embeddable":true,"href":"https:\/\/irriprojekt.com\/index.php\/wp-json\/wp\/v2\/users\/1"}],"replies":[{"embeddable":true,"href":"https:\/\/irriprojekt.com\/index.php\/wp-json\/wp\/v2\/comments?post=921"}],"version-history":[{"count":10,"href":"https:\/\/irriprojekt.com\/index.php\/wp-json\/wp\/v2\/pages\/921\/revisions"}],"predecessor-version":[{"id":8378,"href":"https:\/\/irriprojekt.com\/index.php\/wp-json\/wp\/v2\/pages\/921\/revisions\/8378"}],"wp:featuredmedia":[{"embeddable":true,"href":"https:\/\/irriprojekt.com\/index.php\/wp-json\/wp\/v2\/media\/8208"}],"wp:attachment":[{"href":"https:\/\/irriprojekt.com\/index.php\/wp-json\/wp\/v2\/media?parent=921"}],"curies":[{"name":"wp","href":"https:\/\/api.w.org\/{rel}","templated":true}]}}