{"id":8826,"date":"2024-11-22T11:53:48","date_gmt":"2024-11-22T09:53:48","guid":{"rendered":"https:\/\/irriprojekt.com\/?page_id=8826"},"modified":"2024-11-22T13:06:59","modified_gmt":"2024-11-22T11:06:59","slug":"navodnjavanje-nogometnih-terena","status":"publish","type":"page","link":"https:\/\/irriprojekt.com\/index.php\/usluge\/navodnjavanje-nogometnih-terena\/","title":{"rendered":"Navodnjavanje nogometnih terena"},"content":{"rendered":"<div id=\"pl-8826\"  class=\"panel-layout\" ><div id=\"pg-8826-0\"  class=\"panel-grid panel-no-style\" ><div id=\"pgc-8826-0-0\"  class=\"panel-grid-cell\" ><div id=\"panel-8826-0-0-0\" class=\"so-panel widget widget_media_image panel-first-child\" data-index=\"0\" ><figure style=\"width: 1200px\" class=\"wp-caption alignnone\"><img fetchpriority=\"high\" decoding=\"async\" width=\"1200\" height=\"700\" src=\"https:\/\/irriprojekt.com\/wp-content\/uploads\/Javelin-Speedy-Rain-405.jpg\" class=\"image wp-image-8827  attachment-full size-full\" alt=\"speedy rain\" style=\"max-width: 100%; height: auto;\" srcset=\"https:\/\/irriprojekt.com\/wp-content\/uploads\/Javelin-Speedy-Rain-405.jpg 1200w, https:\/\/irriprojekt.com\/wp-content\/uploads\/Javelin-Speedy-Rain-405-300x175.jpg 300w, https:\/\/irriprojekt.com\/wp-content\/uploads\/Javelin-Speedy-Rain-405-1024x597.jpg 1024w, https:\/\/irriprojekt.com\/wp-content\/uploads\/Javelin-Speedy-Rain-405-768x448.jpg 768w, https:\/\/irriprojekt.com\/wp-content\/uploads\/Javelin-Speedy-Rain-405-600x350.jpg 600w\" sizes=\"(max-width: 1200px) 100vw, 1200px\" \/><figcaption class=\"wp-caption-text\">speedy rain<\/figcaption><\/figure><\/div><div id=\"panel-8826-0-0-1\" class=\"so-panel widget widget_black-studio-tinymce widget_black_studio_tinymce panel-last-child\" data-index=\"1\" ><div class=\"textwidget\"><div class=\"flex-shrink-0 flex flex-col relative items-end\">\n<div>\n<div class=\"pt-0\">\n<div class=\"gizmo-bot-avatar flex h-8 w-8 items-center justify-center overflow-hidden rounded-full\">\n<div class=\"relative p-1 rounded-sm flex items-center justify-center bg-token-main-surface-primary text-token-text-primary h-8 w-8\"><span style=\"font-family: 'Roboto Slab', serif; font-size: 26px; font-weight: bold; color: #99cc00;\">Navodnjavanje nogometnih terena<\/span><\/div>\n<\/div>\n<\/div>\n<\/div>\n<\/div>\n<div class=\"group\/conversation-turn relative flex w-full min-w-0 flex-col agent-turn\">\n<div class=\"flex-col gap-1 md:gap-3\">\n<div class=\"flex max-w-full flex-col flex-grow\">\n<div class=\"min-h-8 text-message flex w-full flex-col items-end gap-2 whitespace-normal break-words [.text-message+&amp;]:mt-5\" dir=\"auto\" data-message-author-role=\"assistant\" data-message-id=\"58198cc3-11cc-41b7-a87f-067333201991\" data-client-thread-id=\"WEB:06f24f0a-53d5-420e-a45e-31bda4fe32d6\" data-message-model-slug=\"gpt-4o\">\n<div class=\"flex w-full flex-col gap-1 empty:hidden first:pt-[3px]\">\n<div class=\"markdown prose w-full break-words dark:prose-invert light\">\n<p>Ure\u0111aji za navodnjavanje idealni su za odr\u017eavanje profesionalnih i amaterskih nogometnih terena.<\/p>\n<p>Klju\u010dne zna\u010dajke:<\/p>\n<ul>\n<li><strong>Precizno i ravnomjerno zalijevanje:<\/strong> Odr\u017eava optimalnu vla\u017enost za zdrav i otporan travnjak.<\/li>\n<li><strong>Podesiva brzina navodnjavanja:<\/strong> Omogu\u0107uje prilagodbu koli\u010dine vode prema specifi\u010dnim uvjetima terena.<\/li>\n<li><strong>Automatsko zaustavljanje:<\/strong> Jam\u010di precizno pokrivanje cijelog igrali\u0161ta bez suvi\u0161nog tro\u0161enja vode.<\/li>\n<li><strong>Jednostavna mobilnost:<\/strong> Samohodni ure\u0111aji lako se prenose izme\u0111u razli\u010ditih lokacija na terenu.<\/li>\n<li><strong>\u0160tedljiva tehnologija:<\/strong> Minimalna potro\u0161nja vode i niski radni tlakovi ve\u0107 od 1,9 bara.<\/li>\n<\/ul>\n<p>Prilagodljive opcije uklju\u010duju sektorske rasprskiva\u010de s razli\u010ditim mlaznicama i mogu\u0107nost pode\u0161avanja \u0161irine kolica za maksimalnu prilagodbu terenu.<\/p><\/div>\n<\/div>\n<\/div>\n<\/div>\n<\/div>\n<\/div>\n<\/div><\/div><\/div><\/div><div id=\"pg-8826-1\"  class=\"panel-grid panel-no-style\" ><div id=\"pgc-8826-1-0\"  class=\"panel-grid-cell\" ><div id=\"panel-8826-1-0-0\" class=\"so-panel widget widget_black-studio-tinymce widget_black_studio_tinymce panel-first-child panel-last-child\" data-index=\"2\" ><div class=\"textwidget\"><p><img decoding=\"async\" class=\"aligncenter wp-image-6403 size-full\" src=\"https:\/\/export-xml.qreativethemes.com\/thelandscaper\/wp-content\/uploads\/sites\/2\/2015\/07\/img_divider.png\" alt=\"img_divider\" width=\"1128\" height=\"14\" srcset=\"https:\/\/irriprojekt.com\/wp-content\/uploads\/2015\/07\/img_divider.png 1128w, https:\/\/irriprojekt.com\/wp-content\/uploads\/2015\/07\/img_divider-600x7.png 600w\" sizes=\"(max-width: 1128px) 100vw, 1128px\" \/><\/p>\n<\/div><\/div><\/div><\/div><div id=\"pg-8826-2\"  class=\"panel-grid panel-no-style\" ><div id=\"pgc-8826-2-0\"  class=\"panel-grid-cell panel-grid-cell-empty\" ><\/div><\/div><div id=\"pg-8826-3\"  class=\"panel-grid panel-no-style\" ><div id=\"pgc-8826-3-0\"  class=\"panel-grid-cell\" ><div id=\"panel-8826-3-0-0\" class=\"so-panel widget widget_black-studio-tinymce widget_black_studio_tinymce panel-first-child\" data-index=\"3\" ><h3 class=\"widget-title\"><span class=\"light\">Speedy<\/span> Rain 300 <\/h3><div class=\"textwidget\"><h3><img decoding=\"async\" class=\"alignnone size-medium wp-image-8846\" src=\"https:\/\/irriprojekt.com\/wp-content\/uploads\/Speedy-300-1095-300x204.gif\" alt=\"\" width=\"300\" height=\"204\" srcset=\"https:\/\/irriprojekt.com\/wp-content\/uploads\/Speedy-300-1095-300x204.gif 300w, https:\/\/irriprojekt.com\/wp-content\/uploads\/Speedy-300-1095-1024x698.gif 1024w, https:\/\/irriprojekt.com\/wp-content\/uploads\/Speedy-300-1095-768x523.gif 768w, https:\/\/irriprojekt.com\/wp-content\/uploads\/Speedy-300-1095-600x409.gif 600w\" sizes=\"(max-width: 300px) 100vw, 300px\" \/><\/h3>\n<h3>Cijena: 3.500,00 EUR (VPC)<\/h3>\n<h3>Klju\u010dne prednosti<\/h3>\n<p>&nbsp;<\/p>\n<p><span style=\"color: #a2c046; font-size: 18px;\"><span class=\"icon-wrap\"><i class=\"fas fa-check-circle\"><\/i><\/span><\/span> Promjer PE crijeva \u00d832 mm, duljina razmotanog crijeva 90 m<br \/>\n<span style=\"color: #a2c046; font-size: 18px;\"><span class=\"icon-wrap\"><i class=\"fas fa-check-circle\"><\/i><\/span><\/span> Stroj namotava crijevo tijekom navodnjavanja<br \/>\n<span style=\"color: #a2c046; font-size: 18px;\"><span class=\"icon-wrap\"><i class=\"fas fa-check-circle\"><\/i><\/span><\/span> Radi s promjenjivim ulaznim tlakom\u00a0<strong>od 1,9 BAR min.<\/strong> do 3,5 BAR max. (dobijeno iz vodovodnog sustava, potopne pumpe, moto-pumpe i tako dalje...)<br \/>\n<span style=\"color: #a2c046; font-size: 18px;\"><span class=\"icon-wrap\"><i class=\"fas fa-check-circle\"><\/i><\/span><\/span> Brzina namotavanja je podesiva kako bi se na terenu rasporedila prava koli\u010dina vode<br \/>\n<span style=\"color: #a2c046; font-size: 18px;\"><span class=\"icon-wrap\"><i class=\"fas fa-check-circle\"><\/i><\/span><\/span> Automatsko zaustavljanje vode na kraju navodnjavanja<\/p>\n<p><img loading=\"lazy\" decoding=\"async\" class=\"alignnone size-medium wp-image-8835\" src=\"https:\/\/irriprojekt.com\/wp-content\/uploads\/Screenshot-2024-11-22-110501-300x213.jpg\" alt=\"\" width=\"300\" height=\"213\" srcset=\"https:\/\/irriprojekt.com\/wp-content\/uploads\/Screenshot-2024-11-22-110501-300x213.jpg 300w, https:\/\/irriprojekt.com\/wp-content\/uploads\/Screenshot-2024-11-22-110501-768x546.jpg 768w, https:\/\/irriprojekt.com\/wp-content\/uploads\/Screenshot-2024-11-22-110501-600x427.jpg 600w, https:\/\/irriprojekt.com\/wp-content\/uploads\/Screenshot-2024-11-22-110501.jpg 973w\" sizes=\"(max-width: 300px) 100vw, 300px\" \/><\/p>\n<p>&nbsp;<\/p>\n<\/div><\/div><div id=\"panel-8826-3-0-1\" class=\"so-panel widget widget_black-studio-tinymce widget_black_studio_tinymce panel-last-child\" data-index=\"4\" ><h3 class=\"widget-title\"><span class=\"light\">Speedy<\/span> Rain 405<\/h3><div class=\"textwidget\"><h3><img loading=\"lazy\" decoding=\"async\" class=\"alignnone size-medium wp-image-8850\" src=\"https:\/\/irriprojekt.com\/wp-content\/uploads\/Speedy-405-1095-300x204.jpg\" alt=\"\" width=\"300\" height=\"204\" srcset=\"https:\/\/irriprojekt.com\/wp-content\/uploads\/Speedy-405-1095-300x204.jpg 300w, https:\/\/irriprojekt.com\/wp-content\/uploads\/Speedy-405-1095-1024x698.jpg 1024w, https:\/\/irriprojekt.com\/wp-content\/uploads\/Speedy-405-1095-768x523.jpg 768w, https:\/\/irriprojekt.com\/wp-content\/uploads\/Speedy-405-1095-600x409.jpg 600w, https:\/\/irriprojekt.com\/wp-content\/uploads\/Speedy-405-1095.jpg 1095w\" sizes=\"(max-width: 300px) 100vw, 300px\" \/><\/h3>\n<h3>Cijena: 5.300,00 EUR (VPC)<\/h3>\n<h3>Klju\u010dne prednosti<\/h3>\n<p>&nbsp;<\/p>\n<p><span style=\"color: #a2c046; font-size: 18px;\"><span class=\"icon-wrap\"><i class=\"fas fa-check-circle\"><\/i><\/span><\/span> Promjer PE crijeva \u00d840 mm, duljina razmotanog crijeva 130 m<br \/>\n<span style=\"color: #a2c046; font-size: 18px;\"><span class=\"icon-wrap\"><i class=\"fas fa-check-circle\"><\/i><\/span><\/span> Sustav za premotavanje preko parcijalne turbine s patentiranim koaksijalnim reduktorom bez odr\u017eavanja<br \/>\n<span style=\"color: #a2c046; font-size: 18px;\"><span class=\"icon-wrap\"><i class=\"fas fa-check-circle\"><\/i><\/span><\/span> Minimalni potrebni tlak 4,5 bara, maksimalni 8 bara (pogledajte odgovaraju\u0107i manometar)<br \/>\n<span style=\"color: #a2c046; font-size: 18px;\"><span class=\"icon-wrap\"><i class=\"fas fa-check-circle\"><\/i><\/span><\/span> Brzina premotavanja potpuno podesiva od 0 do 40 m\/h<br \/>\n<span style=\"color: #a2c046; font-size: 18px;\"><span class=\"icon-wrap\"><i class=\"fas fa-check-circle\"><\/i><\/span><\/span> Automatsko zaustavljanje vode na kraju navodnjavanja<\/p>\n<p><img loading=\"lazy\" decoding=\"async\" class=\"alignnone size-medium wp-image-8842\" src=\"https:\/\/irriprojekt.com\/wp-content\/uploads\/405-300x210.jpg\" alt=\"\" width=\"300\" height=\"210\" srcset=\"https:\/\/irriprojekt.com\/wp-content\/uploads\/405-300x210.jpg 300w, https:\/\/irriprojekt.com\/wp-content\/uploads\/405-768x538.jpg 768w, https:\/\/irriprojekt.com\/wp-content\/uploads\/405-600x420.jpg 600w, https:\/\/irriprojekt.com\/wp-content\/uploads\/405.jpg 977w\" sizes=\"(max-width: 300px) 100vw, 300px\" \/><\/p>\n<p>&nbsp;<\/p>\n<\/div><\/div><\/div><div id=\"pgc-8826-3-1\"  class=\"panel-grid-cell\" ><div id=\"panel-8826-3-1-0\" class=\"so-panel widget widget_black-studio-tinymce widget_black_studio_tinymce panel-first-child\" data-index=\"5\" ><h3 class=\"widget-title\"><span class=\"light\">Speedy<\/span> Rain 404<\/h3><div class=\"textwidget\"><h3><img loading=\"lazy\" decoding=\"async\" class=\"alignnone size-medium wp-image-8848\" src=\"https:\/\/irriprojekt.com\/wp-content\/uploads\/Speedy-400-1095-300x204.jpg\" alt=\"\" width=\"300\" height=\"204\" srcset=\"https:\/\/irriprojekt.com\/wp-content\/uploads\/Speedy-400-1095-300x204.jpg 300w, https:\/\/irriprojekt.com\/wp-content\/uploads\/Speedy-400-1095-1024x698.jpg 1024w, https:\/\/irriprojekt.com\/wp-content\/uploads\/Speedy-400-1095-768x523.jpg 768w, https:\/\/irriprojekt.com\/wp-content\/uploads\/Speedy-400-1095-600x409.jpg 600w, https:\/\/irriprojekt.com\/wp-content\/uploads\/Speedy-400-1095.jpg 1095w\" sizes=\"(max-width: 300px) 100vw, 300px\" \/><\/h3>\n<h3>Cijena: 4.700,00 EUR (VPC)<\/h3>\n<h3>Klju\u010dne prednosti<\/h3>\n<p>&nbsp;<\/p>\n<p><span style=\"color: #a2c046; font-size: 18px;\"><span class=\"icon-wrap\"><i class=\"fas fa-check-circle\"><\/i><\/span><\/span> Promjer PE crijeva \u00d840 mm, duljina razmotanog crijeva 130 m<br \/>\n<span style=\"color: #a2c046; font-size: 18px;\"><span class=\"icon-wrap\"><i class=\"fas fa-check-circle\"><\/i><\/span><\/span> Stroj namotava crijevo tijekom navodnjavanja<br \/>\n<span style=\"color: #a2c046; font-size: 18px;\"><span class=\"icon-wrap\"><i class=\"fas fa-check-circle\"><\/i><\/span><\/span> Radi s promjenjivim ulaznim tlakom\u00a0<strong>od 1,9 BAR min.<\/strong> do 3,5 BAR max. (dobijeno iz vodovodnog sustava, potopne pumpe, moto-pumpe i tako dalje...)<br \/>\n<span style=\"color: #a2c046; font-size: 18px;\"><span class=\"icon-wrap\"><i class=\"fas fa-check-circle\"><\/i><\/span><\/span> Brzina namotavanja je podesiva kako bi se na terenu rasporedila prava koli\u010dina vode<br \/>\n<span style=\"color: #a2c046; font-size: 18px;\"><span class=\"icon-wrap\"><i class=\"fas fa-check-circle\"><\/i><\/span><\/span> Automatsko zaustavljanje vode na kraju navodnjavanja<\/p>\n<p><img loading=\"lazy\" decoding=\"async\" class=\"alignnone size-medium wp-image-8839\" src=\"https:\/\/irriprojekt.com\/wp-content\/uploads\/404-300x209.jpg\" alt=\"\" width=\"300\" height=\"209\" srcset=\"https:\/\/irriprojekt.com\/wp-content\/uploads\/404-300x209.jpg 300w, https:\/\/irriprojekt.com\/wp-content\/uploads\/404-768x536.jpg 768w, https:\/\/irriprojekt.com\/wp-content\/uploads\/404-600x419.jpg 600w, https:\/\/irriprojekt.com\/wp-content\/uploads\/404.jpg 1005w\" sizes=\"(max-width: 300px) 100vw, 300px\" \/><\/p>\n<p>&nbsp;<\/p>\n<\/div><\/div><div id=\"panel-8826-3-1-1\" class=\"so-panel widget widget_black-studio-tinymce widget_black_studio_tinymce panel-last-child\" data-index=\"6\" ><h3 class=\"widget-title\"><span class=\"light\">Speedy<\/span> Rain 505<\/h3><div class=\"textwidget\"><h3><img loading=\"lazy\" decoding=\"async\" class=\"alignnone size-medium wp-image-8852\" src=\"https:\/\/irriprojekt.com\/wp-content\/uploads\/Speedy-505-1095-300x204.jpg\" alt=\"\" width=\"300\" height=\"204\" srcset=\"https:\/\/irriprojekt.com\/wp-content\/uploads\/Speedy-505-1095-300x204.jpg 300w, https:\/\/irriprojekt.com\/wp-content\/uploads\/Speedy-505-1095-1024x698.jpg 1024w, https:\/\/irriprojekt.com\/wp-content\/uploads\/Speedy-505-1095-768x523.jpg 768w, https:\/\/irriprojekt.com\/wp-content\/uploads\/Speedy-505-1095-600x409.jpg 600w, https:\/\/irriprojekt.com\/wp-content\/uploads\/Speedy-505-1095.jpg 1095w\" sizes=\"(max-width: 300px) 100vw, 300px\" \/><\/h3>\n<h3>Cijena: 6.100,00 EUR (VPC)<\/h3>\n<h3>Klju\u010dne prednosti<\/h3>\n<p>&nbsp;<\/p>\n<p><span style=\"color: #a2c046; font-size: 18px;\"><span class=\"icon-wrap\"><i class=\"fas fa-check-circle\"><\/i><\/span><\/span> Promjer PE crijeva \u00d850 mm, duljina razmotanog crijeva 160 m<br \/>\n<span style=\"color: #a2c046; font-size: 18px;\"><span class=\"icon-wrap\"><i class=\"fas fa-check-circle\"><\/i><\/span><\/span> Sustav za premotavanje preko parcijalne turbine s patentiranim koaksijalnim reduktorom bez odr\u017eavanja<br \/>\n<span style=\"color: #a2c046; font-size: 18px;\"><span class=\"icon-wrap\"><i class=\"fas fa-check-circle\"><\/i><\/span><\/span> Minimalni potrebni tlak 4,5 bara, maksimalni 8 bara (pogledajte odgovaraju\u0107i manometar)<br \/>\n<span style=\"color: #a2c046; font-size: 18px;\"><span class=\"icon-wrap\"><i class=\"fas fa-check-circle\"><\/i><\/span><\/span> Brzina premotavanja potpuno podesiva od 0 do 40 m\/h<br \/>\n<span style=\"color: #a2c046; font-size: 18px;\"><span class=\"icon-wrap\"><i class=\"fas fa-check-circle\"><\/i><\/span><\/span> Automatsko zaustavljanje vode na kraju navodnjavanja<\/p>\n<p><img loading=\"lazy\" decoding=\"async\" class=\"alignnone size-medium wp-image-8844\" src=\"https:\/\/irriprojekt.com\/wp-content\/uploads\/505-300x208.jpg\" alt=\"\" width=\"300\" height=\"208\" srcset=\"https:\/\/irriprojekt.com\/wp-content\/uploads\/505-300x208.jpg 300w, https:\/\/irriprojekt.com\/wp-content\/uploads\/505-768x532.jpg 768w, https:\/\/irriprojekt.com\/wp-content\/uploads\/505-600x416.jpg 600w, https:\/\/irriprojekt.com\/wp-content\/uploads\/505.jpg 976w\" sizes=\"(max-width: 300px) 100vw, 300px\" \/><\/p>\n<p>&nbsp;<\/p>\n<\/div><\/div><\/div><\/div><div id=\"pg-8826-4\"  class=\"panel-grid panel-no-style\" ><div id=\"pgc-8826-4-0\"  class=\"panel-grid-cell\" ><div id=\"panel-8826-4-0-0\" class=\"so-panel widget widget_media_image panel-first-child\" data-index=\"7\" ><img loading=\"lazy\" decoding=\"async\" width=\"1200\" height=\"700\" src=\"https:\/\/irriprojekt.com\/wp-content\/uploads\/Bristol_City_FC_04-1200x700-1.jpg\" class=\"image wp-image-8861  attachment-full size-full\" alt=\"\" style=\"max-width: 100%; height: auto;\" srcset=\"https:\/\/irriprojekt.com\/wp-content\/uploads\/Bristol_City_FC_04-1200x700-1.jpg 1200w, https:\/\/irriprojekt.com\/wp-content\/uploads\/Bristol_City_FC_04-1200x700-1-300x175.jpg 300w, https:\/\/irriprojekt.com\/wp-content\/uploads\/Bristol_City_FC_04-1200x700-1-1024x597.jpg 1024w, https:\/\/irriprojekt.com\/wp-content\/uploads\/Bristol_City_FC_04-1200x700-1-768x448.jpg 768w, https:\/\/irriprojekt.com\/wp-content\/uploads\/Bristol_City_FC_04-1200x700-1-600x350.jpg 600w\" sizes=\"(max-width: 1200px) 100vw, 1200px\" \/><\/div><div id=\"panel-8826-4-0-1\" class=\"so-panel widget widget_black-studio-tinymce widget_black_studio_tinymce panel-last-child\" data-index=\"8\" ><h3 class=\"widget-title\"><span class=\"light\">Po\u0161alji<\/span> Upit<\/h3><div class=\"textwidget\"><p>\n<div class=\"wpcf7 no-js\" id=\"wpcf7-f6469-o1\" lang=\"en-US\" dir=\"ltr\" data-wpcf7-id=\"6469\">\n<div class=\"screen-reader-response\"><p role=\"status\" aria-live=\"polite\" aria-atomic=\"true\"><\/p> <ul><\/ul><\/div>\n<form action=\"\/index.php\/wp-json\/wp\/v2\/pages\/8826#wpcf7-f6469-o1\" method=\"post\" class=\"wpcf7-form init\" aria-label=\"Contact form\" novalidate=\"novalidate\" data-status=\"init\">\n<fieldset class=\"hidden-fields-container\"><input type=\"hidden\" name=\"_wpcf7\" value=\"6469\" \/><input type=\"hidden\" name=\"_wpcf7_version\" value=\"6.1.4\" \/><input type=\"hidden\" name=\"_wpcf7_locale\" value=\"en_US\" \/><input type=\"hidden\" name=\"_wpcf7_unit_tag\" value=\"wpcf7-f6469-o1\" \/><input type=\"hidden\" name=\"_wpcf7_container_post\" value=\"0\" \/><input type=\"hidden\" name=\"_wpcf7_posted_data_hash\" value=\"\" \/>\n<\/fieldset>\n<div class=\"Po\u0161alji Upit\">\n\t<div class=\"row\">\n\t\t<div class=\"col-xs-12 col-md-6\">\n\t\t\t<p><span class=\"wpcf7-form-control-wrap\" data-name=\"your-name\"><input size=\"40\" maxlength=\"400\" class=\"wpcf7-form-control wpcf7-text wpcf7-validates-as-required\" aria-required=\"true\" aria-invalid=\"false\" placeholder=\"Ime i Prezime\" value=\"\" type=\"text\" name=\"your-name\" \/><\/span>\n\t\t\t<\/p>\n\t\t<\/div>\n\t\t<div class=\"col-xs-12 col-md-6\">\n\t\t\t<p><span class=\"wpcf7-form-control-wrap\" data-name=\"your-email\"><input size=\"40\" maxlength=\"400\" class=\"wpcf7-form-control wpcf7-email wpcf7-validates-as-required wpcf7-text wpcf7-validates-as-email\" aria-required=\"true\" aria-invalid=\"false\" placeholder=\"E-mail\" value=\"\" type=\"email\" name=\"your-email\" \/><\/span>\n\t\t\t<\/p>\n\t\t<\/div>\n\t\t<div class=\"col-xs-12\">\n\t\t\t<p><span class=\"wpcf7-form-control-wrap\" data-name=\"your-message\"><textarea cols=\"40\" rows=\"10\" maxlength=\"2000\" class=\"wpcf7-form-control wpcf7-textarea wpcf7-validates-as-required\" aria-required=\"true\" aria-invalid=\"false\" placeholder=\"Poruka\" name=\"your-message\"><\/textarea><\/span>\n\t\t\t<\/p>\n\t\t<\/div>\n\t\t<div class=\"col-xs-12\">\n\t\t\t<p><input class=\"wpcf7-form-control wpcf7-submit has-spinner btn btn-primary center-block\" type=\"submit\" value=\"Po\u0161alji Upit\" \/>\n\t\t\t<\/p>\n\t\t<\/div>\n\t<\/div>\n<\/div><p style=\"display: none !important;\" class=\"akismet-fields-container\" data-prefix=\"_wpcf7_ak_\"><label>&#916;<textarea name=\"_wpcf7_ak_hp_textarea\" cols=\"45\" rows=\"8\" maxlength=\"100\"><\/textarea><\/label><input type=\"hidden\" id=\"ak_js_1\" name=\"_wpcf7_ak_js\" value=\"72\"\/><script>document.getElementById( \"ak_js_1\" ).setAttribute( \"value\", ( new Date() ).getTime() );<\/script><\/p><div class=\"wpcf7-response-output\" aria-hidden=\"true\"><\/div>\n<\/form>\n<\/div>\n<\/p>\n<\/div><\/div><\/div><\/div><\/div>","protected":false},"excerpt":{"rendered":"<p>Navodnjavanje nogometnih terena Ure\u0111aji za navodnjavanje idealni su za odr\u017eavanje profesionalnih i amaterskih nogometnih terena. Klju\u010dne zna\u010dajke: Precizno i ravnomjerno zalijevanje: Odr\u017eava optimalnu vla\u017enost za zdrav i otporan travnjak. Podesiva brzina navodnjavanja: Omogu\u0107uje prilagodbu koli\u010dine vode prema specifi\u010dnim uvjetima terena. Automatsko zaustavljanje: Jam\u010di precizno pokrivanje cijelog igrali\u0161ta bez suvi\u0161nog tro\u0161enja vode. Jednostavna mobilnost: Samohodni ure\u0111aji [&hellip;]<\/p>\n","protected":false},"author":1,"featured_media":8827,"parent":921,"menu_order":0,"comment_status":"closed","ping_status":"closed","template":"","meta":{"footnotes":""},"class_list":["post-8826","page","type-page","status-publish","has-post-thumbnail","hentry"],"acf":[],"_links":{"self":[{"href":"https:\/\/irriprojekt.com\/index.php\/wp-json\/wp\/v2\/pages\/8826","targetHints":{"allow":["GET"]}}],"collection":[{"href":"https:\/\/irriprojekt.com\/index.php\/wp-json\/wp\/v2\/pages"}],"about":[{"href":"https:\/\/irriprojekt.com\/index.php\/wp-json\/wp\/v2\/types\/page"}],"author":[{"embeddable":true,"href":"https:\/\/irriprojekt.com\/index.php\/wp-json\/wp\/v2\/users\/1"}],"replies":[{"embeddable":true,"href":"https:\/\/irriprojekt.com\/index.php\/wp-json\/wp\/v2\/comments?post=8826"}],"version-history":[{"count":26,"href":"https:\/\/irriprojekt.com\/index.php\/wp-json\/wp\/v2\/pages\/8826\/revisions"}],"predecessor-version":[{"id":8863,"href":"https:\/\/irriprojekt.com\/index.php\/wp-json\/wp\/v2\/pages\/8826\/revisions\/8863"}],"up":[{"embeddable":true,"href":"https:\/\/irriprojekt.com\/index.php\/wp-json\/wp\/v2\/pages\/921"}],"wp:featuredmedia":[{"embeddable":true,"href":"https:\/\/irriprojekt.com\/index.php\/wp-json\/wp\/v2\/media\/8827"}],"wp:attachment":[{"href":"https:\/\/irriprojekt.com\/index.php\/wp-json\/wp\/v2\/media?parent=8826"}],"curies":[{"name":"wp","href":"https:\/\/api.w.org\/{rel}","templated":true}]}}