{"id":8724,"date":"2024-09-05T10:57:19","date_gmt":"2024-09-05T08:57:19","guid":{"rendered":"https:\/\/irriprojekt.com\/?page_id=8724"},"modified":"2024-09-05T11:28:48","modified_gmt":"2024-09-05T09:28:48","slug":"online-agronomsko-savjetovanje","status":"publish","type":"page","link":"https:\/\/irriprojekt.com\/index.php\/usluge\/online-agronomsko-savjetovanje\/","title":{"rendered":"Online agronomsko savjetovanje"},"content":{"rendered":"<div id=\"pl-8724\"  class=\"panel-layout\" ><div id=\"pg-8724-0\"  class=\"panel-grid panel-no-style\" ><div id=\"pgc-8724-0-0\"  class=\"panel-grid-cell\" ><div id=\"panel-8724-0-0-0\" class=\"so-panel widget widget_media_image panel-first-child\" data-index=\"0\" ><figure style=\"width: 2560px\" class=\"wp-caption alignnone\"><a href=\"https:\/\/irriprojekt.com\/wp-content\/uploads\/young-farmer-taking-care-his-business-scaled.jpg\"><img fetchpriority=\"high\" decoding=\"async\" width=\"2560\" height=\"1720\" src=\"https:\/\/irriprojekt.com\/wp-content\/uploads\/young-farmer-taking-care-his-business-scaled.jpg\" class=\"image wp-image-8725  attachment-full size-full\" alt=\"Online agronomsko savjetovanje\" style=\"max-width: 100%; height: auto;\" srcset=\"https:\/\/irriprojekt.com\/wp-content\/uploads\/young-farmer-taking-care-his-business-scaled.jpg 2560w, https:\/\/irriprojekt.com\/wp-content\/uploads\/young-farmer-taking-care-his-business-300x202.jpg 300w, https:\/\/irriprojekt.com\/wp-content\/uploads\/young-farmer-taking-care-his-business-1024x688.jpg 1024w, https:\/\/irriprojekt.com\/wp-content\/uploads\/young-farmer-taking-care-his-business-768x516.jpg 768w, https:\/\/irriprojekt.com\/wp-content\/uploads\/young-farmer-taking-care-his-business-1536x1032.jpg 1536w, https:\/\/irriprojekt.com\/wp-content\/uploads\/young-farmer-taking-care-his-business-2048x1376.jpg 2048w, https:\/\/irriprojekt.com\/wp-content\/uploads\/young-farmer-taking-care-his-business-600x403.jpg 600w\" sizes=\"(max-width: 2560px) 100vw, 2560px\" \/><\/a><figcaption class=\"wp-caption-text\">Online agronomsko savjetovanje<\/figcaption><\/figure><\/div><div id=\"panel-8724-0-0-1\" class=\"so-panel widget widget_black-studio-tinymce widget_black_studio_tinymce\" data-index=\"1\" ><div class=\"textwidget\"><p><span style=\"color: #99cc00;\"><strong>Trebate stru\u010dan agronomski savjet brzo i povoljno? Na\u0161a online agronomska savjetodavna usluga pru\u017ea jednostavan, brz, ekonomi\u010dan na\u010din da dobijete odgovore na sva va\u0161a pitanja, bilo da ste hobist ili profesionalni poljoprivrednik.<\/strong><\/span><\/p>\n<p><span style=\"color: #999999;\">Na\u0161i stru\u010dni agronomi savr\u0161eno poznaju svaku biljnu vrstu, njezinu morfologiju i karakteristike, \u0161to ih \u010dini idealnim vodi\u010dima u odabiru najboljih biljaka, sorti ili tretmana za va\u0161e specifi\u010dne potrebe. Oslonite se na njihovo znanje i iskustvo kako biste unaprijedili proizvodnju ili rije\u0161ili probleme iz svijeta biljaka.<\/span><\/p>\n<p>&nbsp;<\/p>\n<h4><span style=\"color: #99cc00;\">KAKO FUNKCIONIRA?<\/span><\/h4>\n<ol>\n<li><strong><span style=\"color: #999999;\">Odaberite jedan od paketa:<\/span><\/strong><\/li>\n<\/ol>\n<h3><\/h3>\n<h3><span style=\"color: #99cc00;\"><strong>Basic Paket<\/strong><\/span><\/h3>\n<ul>\n<li><span style=\"color: #999999;\"><strong>Namjena<\/strong>: Ovaj paket idealan je za korisnike koji trebaju brze, jednostavne i konkretne informacije. Ako imate specifi\u010dno pitanje o biljnoj vrsti, sorti, tlu ili osnovnim tretmanima \u2013 ovo je paket za vas.<\/span><\/li>\n<li><span style=\"color: #999999;\"><strong>\u0160to uklju\u010duje<\/strong>: Jednokratna konzultacija putem WhatsAppa, Vibera ili telefona, gdje agronom pru\u017ea osnovne savjete i upute vezane uz va\u0161e pitanje.<\/span><\/li>\n<li><span style=\"color: #999999;\"><strong>Primjeri upita<\/strong>: Koju vrstu biljke odabrati za odre\u0111enu klimu? Kako se pravilno tretira odre\u0111ena bolest biljke? Savjeti o osnovnim gnojivima.<\/span><\/li>\n<li><span style=\"color: #999999;\"><strong>Trajanje<\/strong>: Jednokratni kontakt, s kratkim odgovorom na va\u0161a pitanja.<\/span><\/li>\n<\/ul>\n<h3><span style=\"color: #99cc00;\"><strong>Medium Paket<\/strong><\/span><\/h3>\n<ul>\n<li><span style=\"color: #999999;\"><strong>Namjena<\/strong>: Ovaj paket pru\u017ea ve\u0107u razinu podr\u0161ke i idealan je za korisnike koji \u017eele kontinuiranu komunikaciju i savjete tijekom procesa uzgoja biljaka, odr\u017eavanja nasada ili rje\u0161avanja specifi\u010dnih agronomskih izazova.<\/span><\/li>\n<li><span style=\"color: #999999;\"><strong>\u0160to uklju\u010duje<\/strong>: Dnevna podr\u0161ka putem WhatsAppa, Vibera ili telefona, gdje agronom prati va\u0161 napredak, daje preporuke i odgovara na pitanja tijekom uzgoja ili sezonskih radova.<\/span><\/li>\n<li><span style=\"color: #999999;\"><strong>Primjeri upita<\/strong>: Savjeti o pripremi tla, redovnoj njezi biljaka, pravilnoj gnojidbi, prepoznavanju i tretiranju biljnih bolesti, planiranje sezonskih poslova.<\/span><\/li>\n<li><span style=\"color: #999999;\"><strong>Trajanje<\/strong>: Fleksibilna i kontinuirana podr\u0161ka kroz unaprijed dogovoreno vremensko razdoblje, uz mogu\u0107nost dnevnog kontaktiranja agronoma za savjete.<\/span><\/li>\n<\/ul>\n<h3><span style=\"color: #99cc00;\"><strong>Premium Paket<\/strong><\/span><\/h3>\n<ul>\n<li><span style=\"color: #999999;\"><strong>Namjena<\/strong>: Namijenjen onima koji trebaju sveobuhvatnu, stru\u010dnu podr\u0161ku, uklju\u010duju\u0107i detaljnije analize i prilago\u0111ene elaborirane planove. Savr\u0161en je za profesionalne poljoprivrednike ili ambiciozne hobiste koji \u017eele optimizirati svoje agronomske prakse.<\/span><\/li>\n<li><span style=\"color: #999999;\"><strong>\u0160to uklju\u010duje<\/strong>: Sve usluge iz Medium paketa (dnevna podr\u0161ka i komunikacija), ali dodatno uklju\u010duje i izradu stru\u010dnog elaborata koji uklju\u010duje detaljnu analizu tla, plan sadnje, preporuke za specifi\u010dne tretmane, gnojidbu, navodnjavanje i za\u0161titu bilja.<\/span><\/li>\n<li><span style=\"color: #999999;\"><strong>Primjeri upita<\/strong>: Prilago\u0111eni planovi za uzgoj specifi\u010dnih biljaka, izrada godi\u0161njeg plana proizvodnje, analiza tla i prijedlozi za optimalnu gnojidbu i navodnjavanje, izrada preporuka za pobolj\u0161anje prinosa i zdravlja biljaka.<\/span><\/li>\n<li><span style=\"color: #999999;\"><strong>Bonus<\/strong>: Besplatni stru\u010dni elaborat prilago\u0111en va\u0161im specifi\u010dnim potrebama i uslovima, koji uklju\u010duje sveobuhvatne upute i preporuke.<\/span><\/li>\n<li><span style=\"color: #999999;\"><strong>Trajanje<\/strong>: Dugoro\u010dna podr\u0161ka uz mogu\u0107nost redovnog savjetovanja s agronomom i dodatni konzultacijski pozivi po potrebi.<\/span><\/li>\n<\/ul>\n<p><span style=\"color: #99cc00;\">Svaki paket omogu\u0107uje vam da dobijete profesionalne savjete izravno od diplomiranog in\u017eenjera agronomije, prilago\u0111ene va\u0161im potrebama \u2013 bilo da tra\u017eite osnovne informacije ili detaljna stru\u010dna rje\u0161enja.<\/span><\/p>\n<p>&nbsp;<\/p>\n<p><span style=\"color: #999999;\">2.<strong> Nakon odabira paketa, na\u0161 agronom \u0107e vas kontaktirati putem WhatsAppa, Vibera, Online video poziva ili telefonom kako biste dogovorili termin konzultacije.<\/strong><\/span><\/p>\n<p>&nbsp;<\/p>\n<p><span style=\"color: #999999;\">Konzultacije se provode putem poziva preko WhatsApp-a, Viber-a, Google Meet-a, Zoom-a ovisno o va\u0161oj preferenciji.<\/span><\/p>\n<p>&nbsp;<\/p>\n<p><span style=\"color: #999999;\">Ne gubite vrijeme i novac, oslonite se na stru\u010dno vodstvo i unaprijedite svoj vrt ili farmu uz na\u0161u pomo\u0107!<\/span><\/p>\n<\/div><\/div><div id=\"panel-8724-0-0-2\" class=\"so-panel widget widget_media_image panel-last-child\" data-index=\"2\" ><figure style=\"width: 2560px\" class=\"wp-caption alignnone\"><a href=\"https:\/\/irriprojekt.com\/wp-content\/uploads\/greenhouse-owner-presenting-flowers-options-potential-customer-retailer-scaled.jpg\"><img decoding=\"async\" width=\"2560\" height=\"1706\" src=\"https:\/\/irriprojekt.com\/wp-content\/uploads\/greenhouse-owner-presenting-flowers-options-potential-customer-retailer-scaled.jpg\" class=\"image wp-image-8726  attachment-full size-full\" alt=\"Online agronomsko savjetovanje\" style=\"max-width: 100%; height: auto;\" srcset=\"https:\/\/irriprojekt.com\/wp-content\/uploads\/greenhouse-owner-presenting-flowers-options-potential-customer-retailer-scaled.jpg 2560w, https:\/\/irriprojekt.com\/wp-content\/uploads\/greenhouse-owner-presenting-flowers-options-potential-customer-retailer-300x200.jpg 300w, https:\/\/irriprojekt.com\/wp-content\/uploads\/greenhouse-owner-presenting-flowers-options-potential-customer-retailer-1024x683.jpg 1024w, https:\/\/irriprojekt.com\/wp-content\/uploads\/greenhouse-owner-presenting-flowers-options-potential-customer-retailer-768x512.jpg 768w, https:\/\/irriprojekt.com\/wp-content\/uploads\/greenhouse-owner-presenting-flowers-options-potential-customer-retailer-1536x1024.jpg 1536w, https:\/\/irriprojekt.com\/wp-content\/uploads\/greenhouse-owner-presenting-flowers-options-potential-customer-retailer-2048x1365.jpg 2048w, https:\/\/irriprojekt.com\/wp-content\/uploads\/greenhouse-owner-presenting-flowers-options-potential-customer-retailer-850x567.jpg 850w, https:\/\/irriprojekt.com\/wp-content\/uploads\/greenhouse-owner-presenting-flowers-options-potential-customer-retailer-360x240.jpg 360w, https:\/\/irriprojekt.com\/wp-content\/uploads\/greenhouse-owner-presenting-flowers-options-potential-customer-retailer-600x400.jpg 600w\" sizes=\"(max-width: 2560px) 100vw, 2560px\" \/><\/a><figcaption class=\"wp-caption-text\">Online agronomsko savjetovanje<\/figcaption><\/figure><\/div><\/div><\/div><div id=\"pg-8724-1\"  class=\"panel-grid panel-no-style\" ><div id=\"pgc-8724-1-0\"  class=\"panel-grid-cell panel-grid-cell-mobile-last\" ><div id=\"panel-8724-1-0-0\" class=\"so-panel widget widget_black-studio-tinymce widget_black_studio_tinymce panel-first-child panel-last-child\" data-index=\"3\" ><div class=\"textwidget\"><h3>Klju\u010dne prednosti<\/h3>\n<p style=\"text-align: left;\"><span style=\"color: #999999;\">Na\u0161e dosada\u0161nje iskustvo pokazuje da je pravilno vo\u0111enje agronomskih procesa i primjena stru\u010dnih preporuka klju\u010dna za postizanje optimalnih prinosa i dugoro\u010dno zdravlje biljnih kultura. <\/span><\/p>\n<p><span style=\"color: #a2c046; font-size: 18px;\"><span class=\"icon-wrap\"><i class=\"fas fa-check-circle\"><\/i><\/span><\/span> <span style=\"color: #999999;\">Stru\u010dnost i profesionalnost<\/span><br \/>\n<span style=\"color: #a2c046; font-size: 18px;\"><span class=\"icon-wrap\"><i class=\"fas fa-check-circle\"><\/i><\/span><\/span> <span style=\"color: #999999;\">Brza i jednostavna komunikacija<\/span><br \/>\n<span style=\"color: #a2c046; font-size: 18px;\"><span class=\"icon-wrap\"><i class=\"fas fa-check-circle\"><\/i><\/span><\/span> <span style=\"color: #999999;\">Ekonomi\u010dnost i u\u0161teda vremena<\/span><br \/>\n<span style=\"color: #a2c046; font-size: 18px;\"><span class=\"icon-wrap\"><i class=\"fas fa-check-circle\"><\/i><\/span><\/span> <span style=\"color: #999999;\">Detaljni stru\u010dni elaborati<\/span><br \/>\n<span style=\"color: #a2c046; font-size: 18px;\"><span class=\"icon-wrap\"><i class=\"fas fa-check-circle\"><\/i><\/span><\/span><span style=\"line-height: 1.5; color: #999999;\"> Neprekidna podr\u0161ka u realnom vremenu<\/span><\/p>\n<\/div><\/div><\/div><div id=\"pgc-8724-1-1\"  class=\"panel-grid-cell panel-grid-cell-empty\" ><\/div><\/div><div id=\"pg-8724-2\"  class=\"panel-grid panel-no-style\" ><div id=\"pgc-8724-2-0\"  class=\"panel-grid-cell\" ><div id=\"panel-8724-2-0-0\" class=\"so-panel widget widget_black-studio-tinymce widget_black_studio_tinymce panel-first-child panel-last-child\" data-index=\"4\" ><h3 class=\"widget-title\"><span class=\"light\">Po\u0161alji<\/span> Upit<\/h3><div class=\"textwidget\"><p>\n<div class=\"wpcf7 no-js\" id=\"wpcf7-f6469-o1\" lang=\"en-US\" dir=\"ltr\" data-wpcf7-id=\"6469\">\n<div class=\"screen-reader-response\"><p role=\"status\" aria-live=\"polite\" aria-atomic=\"true\"><\/p> <ul><\/ul><\/div>\n<form action=\"\/index.php\/wp-json\/wp\/v2\/pages\/8724#wpcf7-f6469-o1\" method=\"post\" class=\"wpcf7-form init\" aria-label=\"Contact form\" novalidate=\"novalidate\" data-status=\"init\">\n<fieldset class=\"hidden-fields-container\"><input type=\"hidden\" name=\"_wpcf7\" value=\"6469\" \/><input type=\"hidden\" name=\"_wpcf7_version\" value=\"6.1.4\" \/><input type=\"hidden\" name=\"_wpcf7_locale\" value=\"en_US\" \/><input type=\"hidden\" name=\"_wpcf7_unit_tag\" value=\"wpcf7-f6469-o1\" \/><input type=\"hidden\" name=\"_wpcf7_container_post\" value=\"0\" \/><input type=\"hidden\" name=\"_wpcf7_posted_data_hash\" value=\"\" \/>\n<\/fieldset>\n<div class=\"Po\u0161alji Upit\">\n\t<div class=\"row\">\n\t\t<div class=\"col-xs-12 col-md-6\">\n\t\t\t<p><span class=\"wpcf7-form-control-wrap\" data-name=\"your-name\"><input size=\"40\" maxlength=\"400\" class=\"wpcf7-form-control wpcf7-text wpcf7-validates-as-required\" aria-required=\"true\" aria-invalid=\"false\" placeholder=\"Ime i Prezime\" value=\"\" type=\"text\" name=\"your-name\" \/><\/span>\n\t\t\t<\/p>\n\t\t<\/div>\n\t\t<div class=\"col-xs-12 col-md-6\">\n\t\t\t<p><span class=\"wpcf7-form-control-wrap\" data-name=\"your-email\"><input size=\"40\" maxlength=\"400\" class=\"wpcf7-form-control wpcf7-email wpcf7-validates-as-required wpcf7-text wpcf7-validates-as-email\" aria-required=\"true\" aria-invalid=\"false\" placeholder=\"E-mail\" value=\"\" type=\"email\" name=\"your-email\" \/><\/span>\n\t\t\t<\/p>\n\t\t<\/div>\n\t\t<div class=\"col-xs-12\">\n\t\t\t<p><span class=\"wpcf7-form-control-wrap\" data-name=\"your-message\"><textarea cols=\"40\" rows=\"10\" maxlength=\"2000\" class=\"wpcf7-form-control wpcf7-textarea wpcf7-validates-as-required\" aria-required=\"true\" aria-invalid=\"false\" placeholder=\"Poruka\" name=\"your-message\"><\/textarea><\/span>\n\t\t\t<\/p>\n\t\t<\/div>\n\t\t<div class=\"col-xs-12\">\n\t\t\t<p><input class=\"wpcf7-form-control wpcf7-submit has-spinner btn btn-primary center-block\" type=\"submit\" value=\"Po\u0161alji Upit\" \/>\n\t\t\t<\/p>\n\t\t<\/div>\n\t<\/div>\n<\/div><p style=\"display: none !important;\" class=\"akismet-fields-container\" data-prefix=\"_wpcf7_ak_\"><label>&#916;<textarea name=\"_wpcf7_ak_hp_textarea\" cols=\"45\" rows=\"8\" maxlength=\"100\"><\/textarea><\/label><input type=\"hidden\" id=\"ak_js_1\" name=\"_wpcf7_ak_js\" value=\"158\"\/><script>document.getElementById( \"ak_js_1\" ).setAttribute( \"value\", ( new Date() ).getTime() );<\/script><\/p><div class=\"wpcf7-response-output\" aria-hidden=\"true\"><\/div>\n<\/form>\n<\/div>\n<\/p>\n<\/div><\/div><\/div><\/div><\/div>","protected":false},"excerpt":{"rendered":"<p>Trebate stru\u010dan agronomski savjet brzo i povoljno? Na\u0161a online agronomska savjetodavna usluga pru\u017ea jednostavan, brz, ekonomi\u010dan na\u010din da dobijete odgovore na sva va\u0161a pitanja, bilo da ste hobist ili profesionalni poljoprivrednik. Na\u0161i stru\u010dni agronomi savr\u0161eno poznaju svaku biljnu vrstu, njezinu morfologiju i karakteristike, \u0161to ih \u010dini idealnim vodi\u010dima u odabiru najboljih biljaka, sorti ili tretmana [&hellip;]<\/p>\n","protected":false},"author":1,"featured_media":8725,"parent":921,"menu_order":0,"comment_status":"closed","ping_status":"closed","template":"","meta":{"footnotes":""},"class_list":["post-8724","page","type-page","status-publish","has-post-thumbnail","hentry"],"acf":[],"_links":{"self":[{"href":"https:\/\/irriprojekt.com\/index.php\/wp-json\/wp\/v2\/pages\/8724","targetHints":{"allow":["GET"]}}],"collection":[{"href":"https:\/\/irriprojekt.com\/index.php\/wp-json\/wp\/v2\/pages"}],"about":[{"href":"https:\/\/irriprojekt.com\/index.php\/wp-json\/wp\/v2\/types\/page"}],"author":[{"embeddable":true,"href":"https:\/\/irriprojekt.com\/index.php\/wp-json\/wp\/v2\/users\/1"}],"replies":[{"embeddable":true,"href":"https:\/\/irriprojekt.com\/index.php\/wp-json\/wp\/v2\/comments?post=8724"}],"version-history":[{"count":10,"href":"https:\/\/irriprojekt.com\/index.php\/wp-json\/wp\/v2\/pages\/8724\/revisions"}],"predecessor-version":[{"id":8739,"href":"https:\/\/irriprojekt.com\/index.php\/wp-json\/wp\/v2\/pages\/8724\/revisions\/8739"}],"up":[{"embeddable":true,"href":"https:\/\/irriprojekt.com\/index.php\/wp-json\/wp\/v2\/pages\/921"}],"wp:featuredmedia":[{"embeddable":true,"href":"https:\/\/irriprojekt.com\/index.php\/wp-json\/wp\/v2\/media\/8725"}],"wp:attachment":[{"href":"https:\/\/irriprojekt.com\/index.php\/wp-json\/wp\/v2\/media?parent=8724"}],"curies":[{"name":"wp","href":"https:\/\/api.w.org\/{rel}","templated":true}]}}