{"id":7864,"date":"2023-08-12T16:53:31","date_gmt":"2023-08-12T16:53:31","guid":{"rendered":"https:\/\/irriprojekt.com\/?page_id=7864"},"modified":"2025-01-08T11:36:42","modified_gmt":"2025-01-08T09:36:42","slug":"tehnoloski-projekt-navodnjavanje-hortikultura","status":"publish","type":"page","link":"https:\/\/irriprojekt.com\/index.php\/usluge\/tehnoloski-projekt-navodnjavanje-hortikultura\/","title":{"rendered":"Tehnolo\u0161ki projekt | Navodnjavanja hortikultura"},"content":{"rendered":"<div id=\"pl-7864\"  class=\"panel-layout\" ><div id=\"pg-7864-0\"  class=\"panel-grid panel-no-style\" ><div id=\"pgc-7864-0-0\"  class=\"panel-grid-cell\" ><div id=\"panel-7864-0-0-0\" class=\"so-panel widget widget_media_image panel-first-child panel-last-child\" data-index=\"0\" ><img fetchpriority=\"high\" decoding=\"async\" width=\"2000\" height=\"1093\" src=\"https:\/\/irriprojekt.com\/wp-content\/uploads\/2023\/08\/free-irrigation-design-advice_fa4dede9-a40f-4cc8-8453-8c8f4a50f9d3_2000x1093-1.webp\" class=\"image wp-image-8289  attachment-full size-full\" alt=\"\" style=\"max-width: 100%; height: auto;\" srcset=\"https:\/\/irriprojekt.com\/wp-content\/uploads\/2023\/08\/free-irrigation-design-advice_fa4dede9-a40f-4cc8-8453-8c8f4a50f9d3_2000x1093-1.webp 2000w, https:\/\/irriprojekt.com\/wp-content\/uploads\/2023\/08\/free-irrigation-design-advice_fa4dede9-a40f-4cc8-8453-8c8f4a50f9d3_2000x1093-1-300x164.webp 300w, https:\/\/irriprojekt.com\/wp-content\/uploads\/2023\/08\/free-irrigation-design-advice_fa4dede9-a40f-4cc8-8453-8c8f4a50f9d3_2000x1093-1-1024x560.webp 1024w, https:\/\/irriprojekt.com\/wp-content\/uploads\/2023\/08\/free-irrigation-design-advice_fa4dede9-a40f-4cc8-8453-8c8f4a50f9d3_2000x1093-1-768x420.webp 768w, https:\/\/irriprojekt.com\/wp-content\/uploads\/2023\/08\/free-irrigation-design-advice_fa4dede9-a40f-4cc8-8453-8c8f4a50f9d3_2000x1093-1-1536x839.webp 1536w, https:\/\/irriprojekt.com\/wp-content\/uploads\/2023\/08\/free-irrigation-design-advice_fa4dede9-a40f-4cc8-8453-8c8f4a50f9d3_2000x1093-1-600x328.webp 600w\" sizes=\"(max-width: 2000px) 100vw, 2000px\" \/><\/div><\/div><\/div><div id=\"pg-7864-1\"  class=\"panel-grid panel-no-style\" ><div id=\"pgc-7864-1-0\"  class=\"panel-grid-cell\" ><div id=\"panel-7864-1-0-0\" class=\"so-panel widget widget_black-studio-tinymce widget_black_studio_tinymce panel-first-child panel-last-child\" data-index=\"1\" ><div class=\"textwidget\"><p>Projektiranje sustava navodnjavanja u hortikulturi obuhva\u0107a planiranje, razvoj i implementaciju sustava za pravilno i u\u010dinkovito zalijevanje biljaka. Sustavi navodnjavanja moraju osigurati pravilnu raspodjelu vode prema potrebama biljaka, uzimaju\u0107i u obzir lokalne klimatske uvjete, vrstu tla i specifi\u010dne zahtjeve pojedinih biljnih vrsta.<\/p>\n<p><span style=\"color: #99cc00;\">Faze projektiranja:<\/span><\/p>\n<p>1.\u00a0 Analiza tla i mjerenje: Odre\u0111ivanje tipa, strukture i sposobnosti zadr\u017eavanja vode tla.<br \/>\n2.\u00a0 Odre\u0111ivanje potrebe za vodom: Na temelju vrsta biljaka, faze rasta i lokalnih klimatskih uvjeta.<br \/>\n3.\u00a0 Izbor metode navodnjavanja: Kap po kap, prskanje, povr\u0161insko navodnjavanje itd.<br \/>\n4.\u00a0 Dizajniranje sustava: Uklju\u010duju\u0107i mre\u017eu cijevi, pumpe, filtre, senzore i kontrolne jedinice.<br \/>\n5.\u00a0 Izbor opreme: Ovisno o prora\u010dunu i potrebama.<br \/>\n6.\u00a0 Planiranje odr\u017eavanja: Periodi\u010dna provjera i odr\u017eavanje sustava kako bi se osigurao njegov dugotrajni rad.<\/p>\n<p>Usluga projektiranja sustava navodnjavanja u hortikulturi:<\/p>\n<p>\"Usluge projektiranja sustava navodnjavanja za va\u0161 hortikulturni prostor!\"<\/p>\n<p>\u017delite li pravilno zalijevati svoje biljke i osigurati im optimalne uvjete za rast? Na\u0161a ekipa stru\u010dnjaka nudi:<\/p>\n<p>- Detaljnu analizu va\u0161eg tla i klimatskih uvjeta.<br \/>\n- Prilago\u0111eno projektiranje sustava prema va\u0161im specifi\u010dnim potrebama.<br \/>\n- Savjetovanje oko izbora najbolje metode navodnjavanja i opreme.<br \/>\n- Implementacija i instalacija sustava.<br \/>\n- Odr\u017eavanje i podr\u0161ku nakon instalacije.<\/p>\n<p><span style=\"color: #99cc00;\">Kontaktirajte nas danas i osigurajte svojim biljkama najbolju mogu\u0107u njegu kroz na\u0161e usluge projektiranja sustava navodnjavanja.<\/span><\/p>\n<p>Tehnolo\u0161ki projekt izra\u0111en je i ovjeren\/potpisan od strane stru\u010dne osobe u podru\u010dju agronomije i tehni\u010dkih\u00a0znanosti, odnosi se na korisnika te antifrost sustav\u00a0na lokaciji\u00a0ulaganja korisnika.<\/p>\n<p><strong>Cijena za svaki projekt se odre\u0111uje individualno i ovisi o slo\u017eenosti samog projekta.<\/strong><\/p>\n<p>&nbsp;<\/p>\n<\/div><\/div><\/div><\/div><div id=\"pg-7864-2\"  class=\"panel-grid panel-no-style\" ><div id=\"pgc-7864-2-0\"  class=\"panel-grid-cell\" ><div id=\"panel-7864-2-0-0\" class=\"so-panel widget widget_black-studio-tinymce widget_black_studio_tinymce panel-first-child panel-last-child\" data-index=\"2\" ><h3 class=\"widget-title\"><span class=\"light\">Po\u0161alji<\/span> Upit<\/h3><div class=\"textwidget\"><p>\n<div class=\"wpcf7 no-js\" id=\"wpcf7-f6469-o1\" lang=\"en-US\" dir=\"ltr\" data-wpcf7-id=\"6469\">\n<div class=\"screen-reader-response\"><p role=\"status\" aria-live=\"polite\" aria-atomic=\"true\"><\/p> <ul><\/ul><\/div>\n<form action=\"\/index.php\/wp-json\/wp\/v2\/pages\/7864#wpcf7-f6469-o1\" method=\"post\" class=\"wpcf7-form init\" aria-label=\"Contact form\" novalidate=\"novalidate\" data-status=\"init\">\n<fieldset class=\"hidden-fields-container\"><input type=\"hidden\" name=\"_wpcf7\" value=\"6469\" \/><input type=\"hidden\" name=\"_wpcf7_version\" value=\"6.1.4\" \/><input type=\"hidden\" name=\"_wpcf7_locale\" value=\"en_US\" \/><input type=\"hidden\" name=\"_wpcf7_unit_tag\" value=\"wpcf7-f6469-o1\" \/><input type=\"hidden\" name=\"_wpcf7_container_post\" value=\"0\" \/><input type=\"hidden\" name=\"_wpcf7_posted_data_hash\" value=\"\" \/>\n<\/fieldset>\n<div class=\"Po\u0161alji Upit\">\n\t<div class=\"row\">\n\t\t<div class=\"col-xs-12 col-md-6\">\n\t\t\t<p><span class=\"wpcf7-form-control-wrap\" data-name=\"your-name\"><input size=\"40\" maxlength=\"400\" class=\"wpcf7-form-control wpcf7-text wpcf7-validates-as-required\" aria-required=\"true\" aria-invalid=\"false\" placeholder=\"Ime i Prezime\" value=\"\" type=\"text\" name=\"your-name\" \/><\/span>\n\t\t\t<\/p>\n\t\t<\/div>\n\t\t<div class=\"col-xs-12 col-md-6\">\n\t\t\t<p><span class=\"wpcf7-form-control-wrap\" data-name=\"your-email\"><input size=\"40\" maxlength=\"400\" class=\"wpcf7-form-control wpcf7-email wpcf7-validates-as-required wpcf7-text wpcf7-validates-as-email\" aria-required=\"true\" aria-invalid=\"false\" placeholder=\"E-mail\" value=\"\" type=\"email\" name=\"your-email\" \/><\/span>\n\t\t\t<\/p>\n\t\t<\/div>\n\t\t<div class=\"col-xs-12\">\n\t\t\t<p><span class=\"wpcf7-form-control-wrap\" data-name=\"your-message\"><textarea cols=\"40\" rows=\"10\" maxlength=\"2000\" class=\"wpcf7-form-control wpcf7-textarea wpcf7-validates-as-required\" aria-required=\"true\" aria-invalid=\"false\" placeholder=\"Poruka\" name=\"your-message\"><\/textarea><\/span>\n\t\t\t<\/p>\n\t\t<\/div>\n\t\t<div class=\"col-xs-12\">\n\t\t\t<p><input class=\"wpcf7-form-control wpcf7-submit has-spinner btn btn-primary center-block\" type=\"submit\" value=\"Po\u0161alji Upit\" \/>\n\t\t\t<\/p>\n\t\t<\/div>\n\t<\/div>\n<\/div><p style=\"display: none !important;\" class=\"akismet-fields-container\" data-prefix=\"_wpcf7_ak_\"><label>&#916;<textarea name=\"_wpcf7_ak_hp_textarea\" cols=\"45\" rows=\"8\" maxlength=\"100\"><\/textarea><\/label><input type=\"hidden\" id=\"ak_js_1\" name=\"_wpcf7_ak_js\" value=\"108\"\/><script>document.getElementById( \"ak_js_1\" ).setAttribute( \"value\", ( new Date() ).getTime() );<\/script><\/p><div class=\"wpcf7-response-output\" aria-hidden=\"true\"><\/div>\n<\/form>\n<\/div>\n<\/p>\n<\/div><\/div><\/div><\/div><\/div>","protected":false},"excerpt":{"rendered":"<p>Projektiranje sustava navodnjavanja u hortikulturi obuhva\u0107a planiranje, razvoj i implementaciju sustava za pravilno i u\u010dinkovito zalijevanje biljaka. Sustavi navodnjavanja moraju osigurati pravilnu raspodjelu vode prema potrebama biljaka, uzimaju\u0107i u obzir lokalne klimatske uvjete, vrstu tla i specifi\u010dne zahtjeve pojedinih biljnih vrsta. Faze projektiranja: 1.\u00a0 Analiza tla i mjerenje: Odre\u0111ivanje tipa, strukture i sposobnosti zadr\u017eavanja vode [&hellip;]<\/p>\n","protected":false},"author":1,"featured_media":8270,"parent":921,"menu_order":0,"comment_status":"closed","ping_status":"closed","template":"","meta":{"footnotes":""},"class_list":["post-7864","page","type-page","status-publish","has-post-thumbnail","hentry"],"acf":[],"_links":{"self":[{"href":"https:\/\/irriprojekt.com\/index.php\/wp-json\/wp\/v2\/pages\/7864","targetHints":{"allow":["GET"]}}],"collection":[{"href":"https:\/\/irriprojekt.com\/index.php\/wp-json\/wp\/v2\/pages"}],"about":[{"href":"https:\/\/irriprojekt.com\/index.php\/wp-json\/wp\/v2\/types\/page"}],"author":[{"embeddable":true,"href":"https:\/\/irriprojekt.com\/index.php\/wp-json\/wp\/v2\/users\/1"}],"replies":[{"embeddable":true,"href":"https:\/\/irriprojekt.com\/index.php\/wp-json\/wp\/v2\/comments?post=7864"}],"version-history":[{"count":41,"href":"https:\/\/irriprojekt.com\/index.php\/wp-json\/wp\/v2\/pages\/7864\/revisions"}],"predecessor-version":[{"id":8875,"href":"https:\/\/irriprojekt.com\/index.php\/wp-json\/wp\/v2\/pages\/7864\/revisions\/8875"}],"up":[{"embeddable":true,"href":"https:\/\/irriprojekt.com\/index.php\/wp-json\/wp\/v2\/pages\/921"}],"wp:featuredmedia":[{"embeddable":true,"href":"https:\/\/irriprojekt.com\/index.php\/wp-json\/wp\/v2\/media\/8270"}],"wp:attachment":[{"href":"https:\/\/irriprojekt.com\/index.php\/wp-json\/wp\/v2\/media?parent=7864"}],"curies":[{"name":"wp","href":"https:\/\/api.w.org\/{rel}","templated":true}]}}