{"id":7857,"date":"2023-08-12T16:51:23","date_gmt":"2023-08-12T16:51:23","guid":{"rendered":"https:\/\/irriprojekt.com\/?page_id=7857"},"modified":"2025-01-02T13:46:10","modified_gmt":"2025-01-02T11:46:10","slug":"projektna-dokumentacija","status":"publish","type":"page","link":"https:\/\/irriprojekt.com\/index.php\/usluge\/projektna-dokumentacija\/","title":{"rendered":"Projektna dokumentacija"},"content":{"rendered":"<div id=\"pl-7857\"  class=\"panel-layout\" ><div id=\"pg-7857-0\"  class=\"panel-grid panel-no-style\" ><div id=\"pgc-7857-0-0\"  class=\"panel-grid-cell\" ><div id=\"panel-7857-0-0-0\" class=\"so-panel widget widget_media_image panel-first-child\" data-index=\"0\" ><div class=\"text-center panel-widget-style panel-widget-style-for-7857-0-0-0\" ><img fetchpriority=\"high\" decoding=\"async\" width=\"832\" height=\"474\" src=\"https:\/\/irriprojekt.com\/wp-content\/uploads\/2023\/08\/Screenshot-2023-08-10-092442.jpg\" class=\"image wp-image-7673  attachment-full size-full\" alt=\"\" style=\"max-width: 100%; height: auto;\" srcset=\"https:\/\/irriprojekt.com\/wp-content\/uploads\/2023\/08\/Screenshot-2023-08-10-092442.jpg 832w, https:\/\/irriprojekt.com\/wp-content\/uploads\/2023\/08\/Screenshot-2023-08-10-092442-600x342.jpg 600w, https:\/\/irriprojekt.com\/wp-content\/uploads\/2023\/08\/Screenshot-2023-08-10-092442-300x171.jpg 300w, https:\/\/irriprojekt.com\/wp-content\/uploads\/2023\/08\/Screenshot-2023-08-10-092442-768x438.jpg 768w\" sizes=\"(max-width: 832px) 100vw, 832px\" \/><\/div><\/div><div id=\"panel-7857-0-0-1\" class=\"so-panel widget widget_black-studio-tinymce widget_black_studio_tinymce panel-last-child\" data-index=\"1\" ><div class=\"textwidget\"><p>Nudimo izradu projektne dokumentacije za sustave navodnjavanja, prilago\u0111ene specifi\u010dnim potrebama va\u0161eg vo\u0107njaka. Na\u0161 tim pokriva sve klju\u010dne tehni\u010dke i tehnolo\u0161ke aspekte, uklju\u010duju\u0107i grafi\u010dke detalje i specifi\u010dne vrste ulaganja. Bilo da planirate novi vo\u0107njak ili modernizaciju postoje\u0107eg.<\/p>\n<h4><span style=\"color: #99cc00;\">Priprema za EU Fondove:<\/span><\/h4>\n<p>Projektna dokumentacija izra\u0111ena je u skladu s kriterijima natje\u010daja za EU fondove, uklju\u010duju\u0107i sve potrebne tehni\u010dke detalje i tro\u0161kovnik.<\/p>\n<h4><span style=\"color: #99cc00;\">Usluga obuhva\u0107a:<\/span><\/h4>\n<ul>\n<li><strong>Lokacija i vrsta vo\u0107a:<\/strong> Prilagodba projekta va\u0161im specifi\u010dnostima.<\/li>\n<li><strong>Analiza tla i uvjeti uzgoja:<\/strong> Stru\u010dna procjena i optimalni uvjeti.<\/li>\n<li><strong>Oprema za vo\u0107njake:<\/strong> Specifikacija potrebne opreme i sustava navodnjavanja.<\/li>\n<\/ul>\n<h4><span style=\"color: #99cc00;\">Tehni\u010dki detalji:<\/span><\/h4>\n<p>Hidrauli\u010dki prora\u010dun, kapaciteti vode, ekonomi\u010dna distribucija, filtracija, automatika, te oprema za automatsko i daljinsko upravljanje sustavom navodnjavanja.<\/p>\n<h4><span style=\"color: #99cc00;\">Tro\u0161kovnik i monta\u017ea:<\/span><\/h4>\n<p>Detaljan tro\u0161kovnik i nacrti za monta\u017eu sustava.<\/p>\n<h4><span style=\"color: #99cc00;\">Kontaktirajte nas:<\/span><\/h4>\n<p>Na\u0161 tehnolo\u0161ki ili glavni projekt je certificiran i potpisan od strane eksperta u podru\u010dju agronomije i tehni\u010dkih znanosti, specifi\u010dno prilago\u0111en potrebama korisnika.<\/p>\n<p>Obratite nam se za besplatnu konzultaciju!<\/p>\n<p><span style=\"color: #99cc00;\"><strong>Kontaktirajte nas za individualnu procjenu cijene izrade dokumentacije, koja varira ovisno o kompleksnosti va\u0161eg projekta.<\/strong><\/span><\/p>\n<p>&nbsp;<\/p>\n<p>&nbsp;<\/p>\n<\/div><\/div><\/div><\/div><div id=\"pg-7857-1\"  class=\"panel-grid panel-no-style\" ><div id=\"pgc-7857-1-0\"  class=\"panel-grid-cell\" ><div id=\"panel-7857-1-0-0\" class=\"so-panel widget widget_qt_feature_page widget-featured-page panel-first-child\" data-index=\"2\" >\n\t\t\t<div class=\"post-item page\">\n\t\t\t\t\t\t\t\t\t<a href=\"https:\/\/irriprojekt.com\/index.php\/usluge\/tehnoloski-projekt-navodnjavanje\/\" class=\"post-item-image\">\n\t\t\t\t\t\t<img decoding=\"async\" width=\"360\" height=\"240\" src=\"https:\/\/irriprojekt.com\/wp-content\/uploads\/sat-1-360x240.png\" class=\"attachment-thelandscaper-featured-thumb size-thelandscaper-featured-thumb\" alt=\"Tehnolo\u0161ki projekt | Navodnjavanja\" srcset=\"https:\/\/irriprojekt.com\/wp-content\/uploads\/sat-1-360x240.png 360w, https:\/\/irriprojekt.com\/wp-content\/uploads\/sat-1-850x567.png 850w\" sizes=\"(min-width: 781px) 360px, calc(100vw - 30px)\" \/>\t\t\t\t\t\t\t\t\t\t\t\t\t<div class=\"overlay\">\n\t\t\t\t\t\t\t\t<div class=\"vertical-center\">\n\t\t\t\t\t\t\t\t\t<span>Pro\u010ditaj vi\u0161e...<\/span>\n\t\t\t\t\t\t\t\t<\/div>\n\t\t\t\t\t\t\t<\/div>\n\t\t\t\t\t\t\t\t\t\t\t<\/a>\n\t\t\t\t\t\t\t\t<h5 class=\"title\">\n\t\t\t\t\t<a href=\"https:\/\/irriprojekt.com\/index.php\/usluge\/tehnoloski-projekt-navodnjavanje\/\">Tehnolo\u0161ki projekt | Navodnjavanja<\/a>\n\t\t\t\t<\/h5>\n\t\t\t\t\t\t\t\t\t<p>Projekt sustava navodnjavanja sadr\u017ei: opis investicije, tehni\u010dko-tehnolo\u0161ki i proizvodni proces, grafi\u010dki dio&hellip;<\/p>\n\t\t\t\t\t\t\t\t\t\t\t\t\t<a href=\"https:\/\/irriprojekt.com\/index.php\/usluge\/tehnoloski-projekt-navodnjavanje\/\" class=\"more\">Pro\u010ditaj vi\u0161e...<\/a>\n\t\t\t\t\t\t\t<\/div>\n\n\t\t\t<\/div><div id=\"panel-7857-1-0-1\" class=\"so-panel widget widget_qt_feature_page widget-featured-page panel-last-child\" data-index=\"3\" >\n\t\t\t<div class=\"post-item page\">\n\t\t\t\t\t\t\t\t\t<a href=\"https:\/\/irriprojekt.com\/index.php\/usluge\/tehnoloski-projekt-zastita-od-mraza\/\" class=\"post-item-image\">\n\t\t\t\t\t\t<img decoding=\"async\" width=\"360\" height=\"240\" src=\"https:\/\/irriprojekt.com\/wp-content\/uploads\/2023\/08\/Q-FPS-00055-G-Nacrti-Dolencic-ANTIFROST-A2-NOVE-INSTALACIJE-AF-2-360x240.webp\" class=\"attachment-thelandscaper-featured-thumb size-thelandscaper-featured-thumb\" alt=\"Tehnolo\u0161ki projekt | Za\u0161tita od mraza\" srcset=\"https:\/\/irriprojekt.com\/wp-content\/uploads\/2023\/08\/Q-FPS-00055-G-Nacrti-Dolencic-ANTIFROST-A2-NOVE-INSTALACIJE-AF-2-360x240.webp 360w, https:\/\/irriprojekt.com\/wp-content\/uploads\/2023\/08\/Q-FPS-00055-G-Nacrti-Dolencic-ANTIFROST-A2-NOVE-INSTALACIJE-AF-2-850x567.webp 850w\" sizes=\"(min-width: 781px) 360px, calc(100vw - 30px)\" \/>\t\t\t\t\t\t\t\t\t\t\t\t\t<div class=\"overlay\">\n\t\t\t\t\t\t\t\t<div class=\"vertical-center\">\n\t\t\t\t\t\t\t\t\t<span>Pro\u010ditaj vi\u0161e...<\/span>\n\t\t\t\t\t\t\t\t<\/div>\n\t\t\t\t\t\t\t<\/div>\n\t\t\t\t\t\t\t\t\t\t\t<\/a>\n\t\t\t\t\t\t\t\t<h5 class=\"title\">\n\t\t\t\t\t<a href=\"https:\/\/irriprojekt.com\/index.php\/usluge\/tehnoloski-projekt-zastita-od-mraza\/\">Tehnolo\u0161ki projekt | Za\u0161tita od mraza<\/a>\n\t\t\t\t<\/h5>\n\t\t\t\t\t\t\t\t\t<p>Projekt antifrost sustava za\u0161tite od mraza\n\nSaznajte o tehni\u010dkim i tehnolo\u0161kim aspektima, ulaganjima, i kako&hellip;<\/p>\n\t\t\t\t\t\t\t\t\t\t\t\t\t<a href=\"https:\/\/irriprojekt.com\/index.php\/usluge\/tehnoloski-projekt-zastita-od-mraza\/\" class=\"more\">Pro\u010ditaj vi\u0161e...<\/a>\n\t\t\t\t\t\t\t<\/div>\n\n\t\t\t<\/div><\/div><div id=\"pgc-7857-1-1\"  class=\"panel-grid-cell\" ><div id=\"panel-7857-1-1-0\" class=\"so-panel widget widget_qt_feature_page widget-featured-page panel-first-child\" data-index=\"4\" >\n\t\t\t<div class=\"post-item page\">\n\t\t\t\t\t\t\t\t\t<a href=\"https:\/\/irriprojekt.com\/index.php\/usluge\/glavni-projekt-navodnjavanja\/\" class=\"post-item-image\">\n\t\t\t\t\t\t<img loading=\"lazy\" decoding=\"async\" width=\"360\" height=\"240\" src=\"https:\/\/irriprojekt.com\/wp-content\/uploads\/2023\/08\/Q-FPS-00158-G-Culo-U-IZRADI-Model-0-1-360x240.webp\" class=\"attachment-thelandscaper-featured-thumb size-thelandscaper-featured-thumb\" alt=\"Glavni projekt | Navodnjavanja\" srcset=\"https:\/\/irriprojekt.com\/wp-content\/uploads\/2023\/08\/Q-FPS-00158-G-Culo-U-IZRADI-Model-0-1-360x240.webp 360w, https:\/\/irriprojekt.com\/wp-content\/uploads\/2023\/08\/Q-FPS-00158-G-Culo-U-IZRADI-Model-0-1-850x567.webp 850w\" sizes=\"(min-width: 781px) 360px, calc(100vw - 30px)\" \/>\t\t\t\t\t\t\t\t\t\t\t\t\t<div class=\"overlay\">\n\t\t\t\t\t\t\t\t<div class=\"vertical-center\">\n\t\t\t\t\t\t\t\t\t<span>Pro\u010ditaj vi\u0161e...<\/span>\n\t\t\t\t\t\t\t\t<\/div>\n\t\t\t\t\t\t\t<\/div>\n\t\t\t\t\t\t\t\t\t\t\t<\/a>\n\t\t\t\t\t\t\t\t<h5 class=\"title\">\n\t\t\t\t\t<a href=\"https:\/\/irriprojekt.com\/index.php\/usluge\/glavni-projekt-navodnjavanja\/\">Glavni projekt | Navodnjavanja<\/a>\n\t\t\t\t<\/h5>\n\t\t\t\t\t\t\t\t\t<p>Glavni projekt navodnjavanje obuhva\u0107aju tehni\u010dke i tehnolo\u0161ke procese, grafi\u010dke detalje te specifi\u010dnu vrstu&hellip;<\/p>\n\t\t\t\t\t\t\t\t\t\t\t\t\t<a href=\"https:\/\/irriprojekt.com\/index.php\/usluge\/glavni-projekt-navodnjavanja\/\" class=\"more\">Pro\u010ditaj vi\u0161e...<\/a>\n\t\t\t\t\t\t\t<\/div>\n\n\t\t\t<\/div><div id=\"panel-7857-1-1-1\" class=\"so-panel widget widget_qt_feature_page widget-featured-page panel-last-child\" data-index=\"5\" >\n\t\t\t<div class=\"post-item page\">\n\t\t\t\t\t\t\t\t\t<a href=\"https:\/\/irriprojekt.com\/index.php\/usluge\/tehnoloski-projekt-akumulacija-vode\/\" class=\"post-item-image\">\n\t\t\t\t\t\t<img loading=\"lazy\" decoding=\"async\" width=\"360\" height=\"240\" src=\"https:\/\/irriprojekt.com\/wp-content\/uploads\/Shema-akumulacija-360x240.png\" class=\"attachment-thelandscaper-featured-thumb size-thelandscaper-featured-thumb\" alt=\"Tehnolo\u0161ki projekt | Akumulacija vode\" srcset=\"\" sizes=\"(min-width: 781px) 360px, calc(100vw - 30px)\" \/>\t\t\t\t\t\t\t\t\t\t\t\t\t<div class=\"overlay\">\n\t\t\t\t\t\t\t\t<div class=\"vertical-center\">\n\t\t\t\t\t\t\t\t\t<span>Pro\u010ditaj vi\u0161e...<\/span>\n\t\t\t\t\t\t\t\t<\/div>\n\t\t\t\t\t\t\t<\/div>\n\t\t\t\t\t\t\t\t\t\t\t<\/a>\n\t\t\t\t\t\t\t\t<h5 class=\"title\">\n\t\t\t\t\t<a href=\"https:\/\/irriprojekt.com\/index.php\/usluge\/tehnoloski-projekt-akumulacija-vode\/\">Tehnolo\u0161ki projekt | Akumulacija vode<\/a>\n\t\t\t\t<\/h5>\n\t\t\t\t\t\t\t\t\t<p>Projektiranje akumulacije vode za potrebe navodnjavanja je proces planiranja i izgradnje sustava za prikupljanje&hellip;<\/p>\n\t\t\t\t\t\t\t\t\t\t\t\t\t<a href=\"https:\/\/irriprojekt.com\/index.php\/usluge\/tehnoloski-projekt-akumulacija-vode\/\" class=\"more\">Pro\u010ditaj vi\u0161e...<\/a>\n\t\t\t\t\t\t\t<\/div>\n\n\t\t\t<\/div><\/div><div id=\"pgc-7857-1-2\"  class=\"panel-grid-cell\" ><div id=\"panel-7857-1-2-0\" class=\"so-panel widget widget_qt_feature_page widget-featured-page panel-first-child\" data-index=\"6\" >\n\t\t\t<div class=\"post-item page\">\n\t\t\t\t\t\t\t\t\t<a href=\"https:\/\/irriprojekt.com\/index.php\/usluge\/tehnoloski-projekt-navodnjavanje-hortikultura\/\" class=\"post-item-image\">\n\t\t\t\t\t\t<img loading=\"lazy\" decoding=\"async\" width=\"360\" height=\"240\" src=\"https:\/\/irriprojekt.com\/wp-content\/uploads\/2023\/08\/free-irrigation-design-advice_fa4dede9-a40f-4cc8-8453-8c8f4a50f9d3_2000x1093-360x240.webp\" class=\"attachment-thelandscaper-featured-thumb size-thelandscaper-featured-thumb\" alt=\"Tehnolo\u0161ki projekt | Navodnjavanja hortikultura\" srcset=\"https:\/\/irriprojekt.com\/wp-content\/uploads\/2023\/08\/free-irrigation-design-advice_fa4dede9-a40f-4cc8-8453-8c8f4a50f9d3_2000x1093-360x240.webp 360w, https:\/\/irriprojekt.com\/wp-content\/uploads\/2023\/08\/free-irrigation-design-advice_fa4dede9-a40f-4cc8-8453-8c8f4a50f9d3_2000x1093-850x567.webp 850w\" sizes=\"(min-width: 781px) 360px, calc(100vw - 30px)\" \/>\t\t\t\t\t\t\t\t\t\t\t\t\t<div class=\"overlay\">\n\t\t\t\t\t\t\t\t<div class=\"vertical-center\">\n\t\t\t\t\t\t\t\t\t<span>Pro\u010ditaj vi\u0161e...<\/span>\n\t\t\t\t\t\t\t\t<\/div>\n\t\t\t\t\t\t\t<\/div>\n\t\t\t\t\t\t\t\t\t\t\t<\/a>\n\t\t\t\t\t\t\t\t<h5 class=\"title\">\n\t\t\t\t\t<a href=\"https:\/\/irriprojekt.com\/index.php\/usluge\/tehnoloski-projekt-navodnjavanje-hortikultura\/\">Tehnolo\u0161ki projekt | Navodnjavanja hortikultura<\/a>\n\t\t\t\t<\/h5>\n\t\t\t\t\t\t\t\t\t<p>Projektiranje sustava navodnjavanja u hortikulturi obuhva\u0107a planiranje, razvoj i implementaciju&hellip;<\/p>\n\t\t\t\t\t\t\t\t\t\t\t\t\t<a href=\"https:\/\/irriprojekt.com\/index.php\/usluge\/tehnoloski-projekt-navodnjavanje-hortikultura\/\" class=\"more\">Pro\u010ditaj vi\u0161e...<\/a>\n\t\t\t\t\t\t\t<\/div>\n\n\t\t\t<\/div><div id=\"panel-7857-1-2-1\" class=\"so-panel widget widget_qt_feature_page widget-featured-page panel-last-child\" data-index=\"7\" >\n\t\t\t<div class=\"post-item page\">\n\t\t\t\t\t\t\t\t\t<a href=\"https:\/\/irriprojekt.com\/index.php\/usluge\/elaborat-navodnjavanje\/\" class=\"post-item-image\">\n\t\t\t\t\t\t<img loading=\"lazy\" decoding=\"async\" width=\"360\" height=\"240\" src=\"https:\/\/irriprojekt.com\/wp-content\/uploads\/6-360x240.png\" class=\"attachment-thelandscaper-featured-thumb size-thelandscaper-featured-thumb\" alt=\"Elaborat | Navodnjavanja\" srcset=\"\" sizes=\"(min-width: 781px) 360px, calc(100vw - 30px)\" \/>\t\t\t\t\t\t\t\t\t\t\t\t\t<div class=\"overlay\">\n\t\t\t\t\t\t\t\t<div class=\"vertical-center\">\n\t\t\t\t\t\t\t\t\t<span>Pro\u010ditaj vi\u0161e...<\/span>\n\t\t\t\t\t\t\t\t<\/div>\n\t\t\t\t\t\t\t<\/div>\n\t\t\t\t\t\t\t\t\t\t\t<\/a>\n\t\t\t\t\t\t\t\t<h5 class=\"title\">\n\t\t\t\t\t<a href=\"https:\/\/irriprojekt.com\/index.php\/usluge\/elaborat-navodnjavanje\/\">Elaborat | Navodnjavanja<\/a>\n\t\t\t\t<\/h5>\n\t\t\t\t\t\t\t\t\t<p>Elaborat sustava navodnjavanja sadr\u017ei: opis investicije, tehni\u010dko-tehnolo\u0161ki i proizvodni proces, grafi\u010dki dio&hellip;<\/p>\n\t\t\t\t\t\t\t\t\t\t\t\t\t<a href=\"https:\/\/irriprojekt.com\/index.php\/usluge\/elaborat-navodnjavanje\/\" class=\"more\">Pro\u010ditaj vi\u0161e...<\/a>\n\t\t\t\t\t\t\t<\/div>\n\n\t\t\t<\/div><\/div><\/div><div id=\"pg-7857-2\"  class=\"panel-grid panel-no-style\" ><div id=\"pgc-7857-2-0\"  class=\"panel-grid-cell\" ><div id=\"panel-7857-2-0-0\" class=\"so-panel widget widget_black-studio-tinymce widget_black_studio_tinymce panel-first-child panel-last-child\" data-index=\"8\" ><div class=\"textwidget\"><p><img loading=\"lazy\" decoding=\"async\" class=\"aligncenter wp-image-6403 size-full\" src=\"https:\/\/export-xml.qreativethemes.com\/thelandscaper\/wp-content\/uploads\/sites\/2\/2015\/07\/img_divider.png\" alt=\"img_divider\" width=\"1128\" height=\"14\" srcset=\"https:\/\/irriprojekt.com\/wp-content\/uploads\/2015\/07\/img_divider.png 1128w, https:\/\/irriprojekt.com\/wp-content\/uploads\/2015\/07\/img_divider-600x7.png 600w\" sizes=\"(max-width: 1128px) 100vw, 1128px\" \/><\/p>\n<\/div><\/div><\/div><\/div><div id=\"pg-7857-3\"  class=\"panel-grid panel-no-style\" ><div id=\"pgc-7857-3-0\"  class=\"panel-grid-cell\" ><div id=\"panel-7857-3-0-0\" class=\"so-panel widget widget_black-studio-tinymce widget_black_studio_tinymce panel-first-child panel-last-child\" data-index=\"9\" ><div class=\"textwidget\"><h3>Klju\u010dne prednosti<\/h3>\n<p>Izrada projektne dokumentacije ima brojne prednosti:<\/p>\n<p><span style=\"color: #a2c046; font-size: 18px;\"><span class=\"icon-wrap\"><i class=\"fas fa-check-circle\"><\/i><\/span><\/span> Definiranje ciljeva i opsega projekta<br \/>\n<span style=\"color: #a2c046; font-size: 18px;\"><span class=\"icon-wrap\"><i class=\"fas fa-check-circle\"><\/i><\/span><\/span> Planiranje resursa<br \/>\n<span style=\"color: #a2c046; font-size: 18px;\"><span class=\"icon-wrap\"><i class=\"fas fa-check-circle\"><\/i><\/span><\/span> Upravljanje rizicima<br \/>\n<span style=\"color: #a2c046; font-size: 18px;\"><span class=\"icon-wrap\"><i class=\"fas fa-check-circle\"><\/i><\/span><\/span> Dokumentacija za budu\u0107nost<br \/>\n<span style=\"color: #a2c046; font-size: 18px;\"><span class=\"icon-wrap\"><i class=\"fas fa-check-circle\"><\/i><\/span><\/span> Pravna za\u0161tita<\/p>\n<\/div><\/div><\/div><\/div><div id=\"pg-7857-4\"  class=\"panel-grid panel-no-style\" ><div id=\"pgc-7857-4-0\"  class=\"panel-grid-cell\" ><div id=\"panel-7857-4-0-0\" class=\"so-panel widget widget_black-studio-tinymce widget_black_studio_tinymce panel-first-child panel-last-child\" data-index=\"10\" ><h3 class=\"widget-title\"><span class=\"light\">Po\u0161alji<\/span> Upit<\/h3><div class=\"textwidget\"><p>\n<div class=\"wpcf7 no-js\" id=\"wpcf7-f6469-o1\" lang=\"en-US\" dir=\"ltr\" data-wpcf7-id=\"6469\">\n<div class=\"screen-reader-response\"><p role=\"status\" aria-live=\"polite\" aria-atomic=\"true\"><\/p> <ul><\/ul><\/div>\n<form action=\"\/index.php\/wp-json\/wp\/v2\/pages\/7857#wpcf7-f6469-o1\" method=\"post\" class=\"wpcf7-form init\" aria-label=\"Contact form\" novalidate=\"novalidate\" data-status=\"init\">\n<fieldset class=\"hidden-fields-container\"><input type=\"hidden\" name=\"_wpcf7\" value=\"6469\" \/><input type=\"hidden\" name=\"_wpcf7_version\" value=\"6.1.4\" \/><input type=\"hidden\" name=\"_wpcf7_locale\" value=\"en_US\" \/><input type=\"hidden\" name=\"_wpcf7_unit_tag\" value=\"wpcf7-f6469-o1\" \/><input type=\"hidden\" name=\"_wpcf7_container_post\" value=\"0\" \/><input type=\"hidden\" name=\"_wpcf7_posted_data_hash\" value=\"\" \/>\n<\/fieldset>\n<div class=\"Po\u0161alji Upit\">\n\t<div class=\"row\">\n\t\t<div class=\"col-xs-12 col-md-6\">\n\t\t\t<p><span class=\"wpcf7-form-control-wrap\" data-name=\"your-name\"><input size=\"40\" maxlength=\"400\" class=\"wpcf7-form-control wpcf7-text wpcf7-validates-as-required\" aria-required=\"true\" aria-invalid=\"false\" placeholder=\"Ime i Prezime\" value=\"\" type=\"text\" name=\"your-name\" \/><\/span>\n\t\t\t<\/p>\n\t\t<\/div>\n\t\t<div class=\"col-xs-12 col-md-6\">\n\t\t\t<p><span class=\"wpcf7-form-control-wrap\" data-name=\"your-email\"><input size=\"40\" maxlength=\"400\" class=\"wpcf7-form-control wpcf7-email wpcf7-validates-as-required wpcf7-text wpcf7-validates-as-email\" aria-required=\"true\" aria-invalid=\"false\" placeholder=\"E-mail\" value=\"\" type=\"email\" name=\"your-email\" \/><\/span>\n\t\t\t<\/p>\n\t\t<\/div>\n\t\t<div class=\"col-xs-12\">\n\t\t\t<p><span class=\"wpcf7-form-control-wrap\" data-name=\"your-message\"><textarea cols=\"40\" rows=\"10\" maxlength=\"2000\" class=\"wpcf7-form-control wpcf7-textarea wpcf7-validates-as-required\" aria-required=\"true\" aria-invalid=\"false\" placeholder=\"Poruka\" name=\"your-message\"><\/textarea><\/span>\n\t\t\t<\/p>\n\t\t<\/div>\n\t\t<div class=\"col-xs-12\">\n\t\t\t<p><input class=\"wpcf7-form-control wpcf7-submit has-spinner btn btn-primary center-block\" type=\"submit\" value=\"Po\u0161alji Upit\" \/>\n\t\t\t<\/p>\n\t\t<\/div>\n\t<\/div>\n<\/div><p style=\"display: none !important;\" class=\"akismet-fields-container\" data-prefix=\"_wpcf7_ak_\"><label>&#916;<textarea name=\"_wpcf7_ak_hp_textarea\" cols=\"45\" rows=\"8\" maxlength=\"100\"><\/textarea><\/label><input type=\"hidden\" id=\"ak_js_1\" name=\"_wpcf7_ak_js\" value=\"239\"\/><script>document.getElementById( \"ak_js_1\" ).setAttribute( \"value\", ( new Date() ).getTime() );<\/script><\/p><div class=\"wpcf7-response-output\" aria-hidden=\"true\"><\/div>\n<\/form>\n<\/div>\n<\/p>\n<\/div><\/div><\/div><\/div><\/div>","protected":false},"excerpt":{"rendered":"<p>Nudimo izradu projektne dokumentacije za sustave navodnjavanja, prilago\u0111ene specifi\u010dnim potrebama va\u0161eg vo\u0107njaka. Na\u0161 tim pokriva sve klju\u010dne tehni\u010dke i tehnolo\u0161ke aspekte, uklju\u010duju\u0107i grafi\u010dke detalje i specifi\u010dne vrste ulaganja. Bilo da planirate novi vo\u0107njak ili modernizaciju postoje\u0107eg. Priprema za EU Fondove: Projektna dokumentacija izra\u0111ena je u skladu s kriterijima natje\u010daja za EU fondove, uklju\u010duju\u0107i sve potrebne [&hellip;]<\/p>\n","protected":false},"author":1,"featured_media":7673,"parent":921,"menu_order":0,"comment_status":"closed","ping_status":"closed","template":"","meta":{"footnotes":""},"class_list":["post-7857","page","type-page","status-publish","has-post-thumbnail","hentry"],"acf":[],"_links":{"self":[{"href":"https:\/\/irriprojekt.com\/index.php\/wp-json\/wp\/v2\/pages\/7857","targetHints":{"allow":["GET"]}}],"collection":[{"href":"https:\/\/irriprojekt.com\/index.php\/wp-json\/wp\/v2\/pages"}],"about":[{"href":"https:\/\/irriprojekt.com\/index.php\/wp-json\/wp\/v2\/types\/page"}],"author":[{"embeddable":true,"href":"https:\/\/irriprojekt.com\/index.php\/wp-json\/wp\/v2\/users\/1"}],"replies":[{"embeddable":true,"href":"https:\/\/irriprojekt.com\/index.php\/wp-json\/wp\/v2\/comments?post=7857"}],"version-history":[{"count":58,"href":"https:\/\/irriprojekt.com\/index.php\/wp-json\/wp\/v2\/pages\/7857\/revisions"}],"predecessor-version":[{"id":8870,"href":"https:\/\/irriprojekt.com\/index.php\/wp-json\/wp\/v2\/pages\/7857\/revisions\/8870"}],"up":[{"embeddable":true,"href":"https:\/\/irriprojekt.com\/index.php\/wp-json\/wp\/v2\/pages\/921"}],"wp:featuredmedia":[{"embeddable":true,"href":"https:\/\/irriprojekt.com\/index.php\/wp-json\/wp\/v2\/media\/7673"}],"wp:attachment":[{"href":"https:\/\/irriprojekt.com\/index.php\/wp-json\/wp\/v2\/media?parent=7857"}],"curies":[{"name":"wp","href":"https:\/\/api.w.org\/{rel}","templated":true}]}}