{"id":7843,"date":"2023-08-12T16:41:30","date_gmt":"2023-08-12T16:41:30","guid":{"rendered":"https:\/\/irriprojekt.com\/?page_id=7843"},"modified":"2024-08-12T16:48:15","modified_gmt":"2024-08-12T14:48:15","slug":"tehnoloski-projekt-zastita-od-mraza","status":"publish","type":"page","link":"https:\/\/irriprojekt.com\/index.php\/usluge\/tehnoloski-projekt-zastita-od-mraza\/","title":{"rendered":"Tehnolo\u0161ki projekt | Za\u0161tita od mraza"},"content":{"rendered":"<div id=\"pl-7843\"  class=\"panel-layout\" ><div id=\"pg-7843-0\"  class=\"panel-grid panel-no-style\" ><div id=\"pgc-7843-0-0\"  class=\"panel-grid-cell\" ><div id=\"panel-7843-0-0-0\" class=\"so-panel widget widget_media_image panel-first-child\" data-index=\"0\" ><img fetchpriority=\"high\" decoding=\"async\" width=\"2560\" height=\"1809\" src=\"https:\/\/irriprojekt.com\/wp-content\/uploads\/2023\/08\/Q-FPS-00055-G-Nacrti-Dolencic-ANTIFROST-A2-NOVE-INSTALACIJE-AF-2-scaled.webp\" class=\"image wp-image-7788  attachment-full size-full\" alt=\"\" style=\"max-width: 100%; height: auto;\" srcset=\"https:\/\/irriprojekt.com\/wp-content\/uploads\/2023\/08\/Q-FPS-00055-G-Nacrti-Dolencic-ANTIFROST-A2-NOVE-INSTALACIJE-AF-2-scaled.webp 2560w, https:\/\/irriprojekt.com\/wp-content\/uploads\/2023\/08\/Q-FPS-00055-G-Nacrti-Dolencic-ANTIFROST-A2-NOVE-INSTALACIJE-AF-2-scaled-600x424.webp 600w, https:\/\/irriprojekt.com\/wp-content\/uploads\/2023\/08\/Q-FPS-00055-G-Nacrti-Dolencic-ANTIFROST-A2-NOVE-INSTALACIJE-AF-2-300x212.webp 300w, https:\/\/irriprojekt.com\/wp-content\/uploads\/2023\/08\/Q-FPS-00055-G-Nacrti-Dolencic-ANTIFROST-A2-NOVE-INSTALACIJE-AF-2-1024x723.webp 1024w, https:\/\/irriprojekt.com\/wp-content\/uploads\/2023\/08\/Q-FPS-00055-G-Nacrti-Dolencic-ANTIFROST-A2-NOVE-INSTALACIJE-AF-2-768x543.webp 768w, https:\/\/irriprojekt.com\/wp-content\/uploads\/2023\/08\/Q-FPS-00055-G-Nacrti-Dolencic-ANTIFROST-A2-NOVE-INSTALACIJE-AF-2-1536x1085.webp 1536w, https:\/\/irriprojekt.com\/wp-content\/uploads\/2023\/08\/Q-FPS-00055-G-Nacrti-Dolencic-ANTIFROST-A2-NOVE-INSTALACIJE-AF-2-2048x1447.webp 2048w\" sizes=\"(max-width: 2560px) 100vw, 2560px\" \/><\/div><div id=\"panel-7843-0-0-1\" class=\"so-panel widget widget_black-studio-tinymce widget_black_studio_tinymce panel-last-child\" data-index=\"1\" ><div class=\"textwidget\"><p><span style=\"color: #99cc00;\">Projekt antifrost sustava za\u0161tite od mraza<\/span><\/p>\n<p>Saznajte o tehni\u010dkim i tehnolo\u0161kim aspektima, ulaganjima, i kako osigurati optimalnu za\u0161titu vo\u0107njaka od mraza.<\/p>\n<p>Ulaganja u sustav za\u0161tite od mraza obuhva\u0107aju tehni\u010dke i tehnolo\u0161ke procese, grafi\u010dke detalje te specifi\u010dnu vrstu ulaganja, bilo da se radi o uspostavi novog vo\u0107njaka ili modernizaciji postoje\u0107eg. Detalji uklju\u010duju lokaciju, vrste vo\u0107a, analizu tla, uvjete uzgoja, i opis specifi\u010dne opreme za vo\u0107njake.<\/p>\n<p><span style=\"color: #99cc00;\">\u00a0Tehni\u010dki Detalji Projekta:<\/span><br \/>\nOvdje se ulazi u sr\u017e hidrauli\u010dkog prora\u010duna, potrebne kapacitete vode za rad antifrost sustava, ekonomi\u010dnu distribuciju vode, filtraciju, automatiku i agrometerolo\u0161ke stanice za predvi\u0111anje rizika od mraza.<\/p>\n<p><span style=\"color: #99cc00;\">Tehnolo\u0161ka Specifikacija i Ovjera:<\/span><br \/>\nSvaki tehnolo\u0161ki projekt potvr\u0111en je od strane stru\u010dnjaka u agronomiji i tehni\u010dkim znanostima, prilago\u0111en potrebama korisnika i specifi\u010dnoj lokaciji ulaganja.<\/p>\n<p><span style=\"color: #99cc00;\">Tro\u0161kovnik i Monta\u017ea:<\/span><br \/>\nUz vodi\u010d, pru\u017eamo i detaljni tro\u0161kovnik za nabavu i izvo\u0111enje radova, kao i instrukcije za monta\u017eu antifrost sustava s detaljnim nacrtima.<\/p>\n<p>Tehnolo\u0161ki projekt izra\u0111en je i ovjeren\/potpisan od strane stru\u010dne osobe u podru\u010dju agronomije i tehni\u010dkih\u00a0znanosti, odnosi se na korisnika te antifrost sustav\u00a0na lokaciji\u00a0ulaganja korisnika.<\/p>\n<p><span style=\"color: #99cc00;\">Za sve informacije o antifrost sustavu za\u0161tite od mraza, obratite se na\u0161em timu stru\u010dnjaka. Osigurajte svoj vo\u0107njak od \u0161tetnih posljedica mraza s na\u0161om stru\u010dnom pomo\u0107i.<\/span><\/p>\n<p><strong>Cijena za svaki projekt se odre\u0111uje individualno i ovisi o slo\u017eenosti samog projekta.<\/strong><\/p>\n<p>&nbsp;<\/p>\n<\/div><\/div><\/div><\/div><div id=\"pg-7843-1\"  class=\"panel-grid panel-no-style\" ><div id=\"pgc-7843-1-0\"  class=\"panel-grid-cell\" ><div id=\"panel-7843-1-0-0\" class=\"so-panel widget widget_black-studio-tinymce widget_black_studio_tinymce panel-first-child panel-last-child\" data-index=\"2\" ><h3 class=\"widget-title\"><span class=\"light\">Po\u0161aljite<\/span> Upit<\/h3><div class=\"textwidget\"><h3>\n<div class=\"wpcf7 no-js\" id=\"wpcf7-f6469-o1\" lang=\"en-US\" dir=\"ltr\" data-wpcf7-id=\"6469\">\n<div class=\"screen-reader-response\"><p role=\"status\" aria-live=\"polite\" aria-atomic=\"true\"><\/p> <ul><\/ul><\/div>\n<form action=\"\/index.php\/wp-json\/wp\/v2\/pages\/7843#wpcf7-f6469-o1\" method=\"post\" class=\"wpcf7-form init\" aria-label=\"Contact form\" novalidate=\"novalidate\" data-status=\"init\">\n<fieldset class=\"hidden-fields-container\"><input type=\"hidden\" name=\"_wpcf7\" value=\"6469\" \/><input type=\"hidden\" name=\"_wpcf7_version\" value=\"6.1.4\" \/><input type=\"hidden\" name=\"_wpcf7_locale\" value=\"en_US\" \/><input type=\"hidden\" name=\"_wpcf7_unit_tag\" value=\"wpcf7-f6469-o1\" \/><input type=\"hidden\" name=\"_wpcf7_container_post\" value=\"0\" \/><input type=\"hidden\" name=\"_wpcf7_posted_data_hash\" value=\"\" \/>\n<\/fieldset>\n<div class=\"Po\u0161alji Upit\">\n\t<div class=\"row\">\n\t\t<div class=\"col-xs-12 col-md-6\">\n\t\t\t<p><span class=\"wpcf7-form-control-wrap\" data-name=\"your-name\"><input size=\"40\" maxlength=\"400\" class=\"wpcf7-form-control wpcf7-text wpcf7-validates-as-required\" aria-required=\"true\" aria-invalid=\"false\" placeholder=\"Ime i Prezime\" value=\"\" type=\"text\" name=\"your-name\" \/><\/span>\n\t\t\t<\/p>\n\t\t<\/div>\n\t\t<div class=\"col-xs-12 col-md-6\">\n\t\t\t<p><span class=\"wpcf7-form-control-wrap\" data-name=\"your-email\"><input size=\"40\" maxlength=\"400\" class=\"wpcf7-form-control wpcf7-email wpcf7-validates-as-required wpcf7-text wpcf7-validates-as-email\" aria-required=\"true\" aria-invalid=\"false\" placeholder=\"E-mail\" value=\"\" type=\"email\" name=\"your-email\" \/><\/span>\n\t\t\t<\/p>\n\t\t<\/div>\n\t\t<div class=\"col-xs-12\">\n\t\t\t<p><span class=\"wpcf7-form-control-wrap\" data-name=\"your-message\"><textarea cols=\"40\" rows=\"10\" maxlength=\"2000\" class=\"wpcf7-form-control wpcf7-textarea wpcf7-validates-as-required\" aria-required=\"true\" aria-invalid=\"false\" placeholder=\"Poruka\" name=\"your-message\"><\/textarea><\/span>\n\t\t\t<\/p>\n\t\t<\/div>\n\t\t<div class=\"col-xs-12\">\n\t\t\t<p><input class=\"wpcf7-form-control wpcf7-submit has-spinner btn btn-primary center-block\" type=\"submit\" value=\"Po\u0161alji Upit\" \/>\n\t\t\t<\/p>\n\t\t<\/div>\n\t<\/div>\n<\/div><p style=\"display: none !important;\" class=\"akismet-fields-container\" data-prefix=\"_wpcf7_ak_\"><label>&#916;<textarea name=\"_wpcf7_ak_hp_textarea\" cols=\"45\" rows=\"8\" maxlength=\"100\"><\/textarea><\/label><input type=\"hidden\" id=\"ak_js_1\" name=\"_wpcf7_ak_js\" value=\"61\"\/><script>document.getElementById( \"ak_js_1\" ).setAttribute( \"value\", ( new Date() ).getTime() );<\/script><\/p><div class=\"wpcf7-response-output\" aria-hidden=\"true\"><\/div>\n<\/form>\n<\/div>\n<\/h3>\n<\/div><\/div><\/div><\/div><div id=\"pg-7843-2\"  class=\"panel-grid panel-no-style\" ><div id=\"pgc-7843-2-0\"  class=\"panel-grid-cell panel-grid-cell-empty\" ><\/div><\/div><\/div>","protected":false},"excerpt":{"rendered":"<p>Projekt antifrost sustava za\u0161tite od mraza Saznajte o tehni\u010dkim i tehnolo\u0161kim aspektima, ulaganjima, i kako osigurati optimalnu za\u0161titu vo\u0107njaka od mraza. Ulaganja u sustav za\u0161tite od mraza obuhva\u0107aju tehni\u010dke i tehnolo\u0161ke procese, grafi\u010dke detalje te specifi\u010dnu vrstu ulaganja, bilo da se radi o uspostavi novog vo\u0107njaka ili modernizaciji postoje\u0107eg. Detalji uklju\u010duju lokaciju, vrste vo\u0107a, analizu [&hellip;]<\/p>\n","protected":false},"author":1,"featured_media":7788,"parent":921,"menu_order":0,"comment_status":"closed","ping_status":"closed","template":"","meta":{"footnotes":""},"class_list":["post-7843","page","type-page","status-publish","has-post-thumbnail","hentry"],"acf":[],"_links":{"self":[{"href":"https:\/\/irriprojekt.com\/index.php\/wp-json\/wp\/v2\/pages\/7843","targetHints":{"allow":["GET"]}}],"collection":[{"href":"https:\/\/irriprojekt.com\/index.php\/wp-json\/wp\/v2\/pages"}],"about":[{"href":"https:\/\/irriprojekt.com\/index.php\/wp-json\/wp\/v2\/types\/page"}],"author":[{"embeddable":true,"href":"https:\/\/irriprojekt.com\/index.php\/wp-json\/wp\/v2\/users\/1"}],"replies":[{"embeddable":true,"href":"https:\/\/irriprojekt.com\/index.php\/wp-json\/wp\/v2\/comments?post=7843"}],"version-history":[{"count":16,"href":"https:\/\/irriprojekt.com\/index.php\/wp-json\/wp\/v2\/pages\/7843\/revisions"}],"predecessor-version":[{"id":8702,"href":"https:\/\/irriprojekt.com\/index.php\/wp-json\/wp\/v2\/pages\/7843\/revisions\/8702"}],"up":[{"embeddable":true,"href":"https:\/\/irriprojekt.com\/index.php\/wp-json\/wp\/v2\/pages\/921"}],"wp:featuredmedia":[{"embeddable":true,"href":"https:\/\/irriprojekt.com\/index.php\/wp-json\/wp\/v2\/media\/7788"}],"wp:attachment":[{"href":"https:\/\/irriprojekt.com\/index.php\/wp-json\/wp\/v2\/media?parent=7843"}],"curies":[{"name":"wp","href":"https:\/\/api.w.org\/{rel}","templated":true}]}}