{"id":7616,"date":"2023-08-09T20:06:12","date_gmt":"2023-08-09T20:06:12","guid":{"rendered":"https:\/\/irriprojekt.com\/?page_id=7616"},"modified":"2023-09-01T11:14:17","modified_gmt":"2023-09-01T09:14:17","slug":"navodnjavanje-hortikultura","status":"publish","type":"page","link":"https:\/\/irriprojekt.com\/index.php\/usluge\/navodnjavanje-hortikultura\/","title":{"rendered":"Navodnjavanje &#8211; Hortikultura"},"content":{"rendered":"<div id=\"pl-7616\"  class=\"panel-layout\" ><div id=\"pg-7616-0\"  class=\"panel-grid panel-no-style\" ><div id=\"pgc-7616-0-0\"  class=\"panel-grid-cell\" ><div id=\"panel-7616-0-0-0\" class=\"so-panel widget widget_media_image panel-first-child panel-last-child\" data-index=\"0\" ><a href=\"https:\/\/irriprojekt.com\/wp-content\/uploads\/2023\/08\/navodnjavanje-01-2.webp\"><img fetchpriority=\"high\" decoding=\"async\" width=\"1400\" height=\"933\" src=\"https:\/\/irriprojekt.com\/wp-content\/uploads\/2023\/08\/navodnjavanje-01-2.webp\" class=\"image wp-image-7621  attachment-full size-full\" alt=\"\" style=\"max-width: 100%; height: auto;\" srcset=\"https:\/\/irriprojekt.com\/wp-content\/uploads\/2023\/08\/navodnjavanje-01-2.webp 1400w, https:\/\/irriprojekt.com\/wp-content\/uploads\/2023\/08\/navodnjavanje-01-2-600x400.webp 600w, https:\/\/irriprojekt.com\/wp-content\/uploads\/2023\/08\/navodnjavanje-01-2-300x200.webp 300w, https:\/\/irriprojekt.com\/wp-content\/uploads\/2023\/08\/navodnjavanje-01-2-1024x682.webp 1024w, https:\/\/irriprojekt.com\/wp-content\/uploads\/2023\/08\/navodnjavanje-01-2-768x512.webp 768w, https:\/\/irriprojekt.com\/wp-content\/uploads\/2023\/08\/navodnjavanje-01-2-850x567.webp 850w, https:\/\/irriprojekt.com\/wp-content\/uploads\/2023\/08\/navodnjavanje-01-2-360x240.webp 360w\" sizes=\"(max-width: 1400px) 100vw, 1400px\" \/><\/a><\/div><\/div><\/div><div id=\"pg-7616-1\"  class=\"panel-grid panel-no-style\" ><div id=\"pgc-7616-1-0\"  class=\"panel-grid-cell\" ><div id=\"panel-7616-1-0-0\" class=\"so-panel widget widget_black-studio-tinymce widget_black_studio_tinymce panel-first-child panel-last-child\" data-index=\"1\" ><div class=\"textwidget\"><p><span style=\"color: #99cc00;\">Optimizacija navodnjavanja za hortikulturu: Kako do bujnog vrta<\/span><\/p>\n<p>Za postizanje bujnog vrta u hortikulturi klju\u010dno je navodnjavanje. U\u010dinkovito upravljanje vodom ne samo da poti\u010de rast biljaka, ve\u0107 \u010duva resurse i \u0161titi okoli\u0161. U ovom tekstu osvrnut \u0107emo se na bit u\u010dinkovitog navodnjavanja u hortikulturi i dati prakti\u010dne savjete za najbolje rezultate.<\/p>\n<p><span style=\"color: #99cc00;\">Strategija navodnjavanja:<\/span><br \/>\nPrije sadnje napravite precizan plan navodnjavanja. Uklju\u010dite karakteristike tla, klimatske \u010dimbenike i specifi\u010dne potrebe biljaka koje planirate uzgajati. To\u010dno odredite u\u010destalost i koli\u010dinu vode kako biste sprije\u010dili neadekvatno zalijevanje.<\/p>\n<p><span style=\"color: #99cc00;\">Tehnike navodnjavanja:<\/span><br \/>\nPravilan odabir tehnike navodnjavanja je klju\u010dan. Tehnike poput kapanja ili raspr\u0161ivanja osiguravaju precizno i \u200b\u200bravnomjerno zalijevanje, smanjuju\u0107i gubitke isparavanjem.<\/p>\n<p><span style=\"color: #99cc00;\">Pra\u0107enje vla\u017enosti tla:<\/span><br \/>\nInstalirajte senzore vlage u tlu kako biste po potrebi prilagodili raspored zalijevanja. To \u0107e vam pomo\u0107i da prepoznate i sprije\u010dite rizike kao \u0161to je prekomjerno zalijevanje, koje mo\u017ee uzrokovati bolest ili o\u0161te\u0107enje korijena.<\/p>\n<p><span style=\"color: #99cc00;\">Vremenski okvir zalijevanja:<\/span><br \/>\nIdealno vrijeme za navodnjavanje je rano ujutro ili kasno poslijepodne. Izbjegavajte zalijevanje tijekom najve\u0107e dnevne vru\u0107ine kako biste smanjili isparavanje.<\/p>\n<p><span style=\"color: #99cc00;\">Kori\u0161tenje mal\u010da:<\/span><br \/>\nMal\u010d poma\u017ee u o\u010duvanju vlage, ograni\u010dava korov i \u0161titi biljke od ekstremnih temperatura. To je klju\u010dna metoda za maksimiziranje kori\u0161tenja vode u vrtu.<\/p>\n<p><span style=\"color: #99cc00;\">Specifi\u010dno zalijevanje:<\/span><br \/>\nPrilagodite zalijevanje svakoj biljci prema njezinim potrebama. Grupirajte biljke sa sli\u010dnim potrebama kako biste optimizirali svoj raspored zalijevanja.<\/p>\n<p>Kako bi va\u0161 hortikulturni vrt cvjetao, bitno je u\u010dinkovito navodnjavanje. Detaljno planiranje, prava tehnika, nadzor i prilago\u0111eno navodnjavanje su klju\u010d. Pridr\u017eavaju\u0107i se ovih savjeta, ne samo da \u0107ete oplemeniti svoj vrt, ve\u0107 \u0107ete pridonijeti o\u010duvanju prirodnih resursa i okoli\u0161a. Uz pravu strategiju vode, va\u0161 \u0107e vrt procvjetati punim sjajem.<\/p>\n<\/div><\/div><\/div><\/div><div id=\"pg-7616-2\"  class=\"panel-grid panel-no-style\" ><div id=\"pgc-7616-2-0\"  class=\"panel-grid-cell\" ><div id=\"panel-7616-2-0-0\" class=\"so-panel widget widget_media_image panel-first-child panel-last-child\" data-index=\"2\" ><a href=\"https:\/\/irriprojekt.com\/wp-content\/uploads\/2023\/08\/iStock-1166961064.webp\"><img decoding=\"async\" width=\"1771\" height=\"1181\" src=\"https:\/\/irriprojekt.com\/wp-content\/uploads\/2023\/08\/iStock-1166961064.webp\" class=\"image wp-image-8221  attachment-full size-full\" alt=\"\" style=\"max-width: 100%; height: auto;\" srcset=\"https:\/\/irriprojekt.com\/wp-content\/uploads\/2023\/08\/iStock-1166961064.webp 1771w, https:\/\/irriprojekt.com\/wp-content\/uploads\/2023\/08\/iStock-1166961064-300x200.webp 300w, https:\/\/irriprojekt.com\/wp-content\/uploads\/2023\/08\/iStock-1166961064-1024x683.webp 1024w, https:\/\/irriprojekt.com\/wp-content\/uploads\/2023\/08\/iStock-1166961064-768x512.webp 768w, https:\/\/irriprojekt.com\/wp-content\/uploads\/2023\/08\/iStock-1166961064-1536x1024.webp 1536w, https:\/\/irriprojekt.com\/wp-content\/uploads\/2023\/08\/iStock-1166961064-850x567.webp 850w, https:\/\/irriprojekt.com\/wp-content\/uploads\/2023\/08\/iStock-1166961064-360x240.webp 360w, https:\/\/irriprojekt.com\/wp-content\/uploads\/2023\/08\/iStock-1166961064-600x400.webp 600w\" sizes=\"(max-width: 1771px) 100vw, 1771px\" \/><\/a><\/div><\/div><\/div><div id=\"pg-7616-3\"  class=\"panel-grid panel-no-style\" ><div id=\"pgc-7616-3-0\"  class=\"panel-grid-cell\" ><div id=\"panel-7616-3-0-0\" class=\"so-panel widget widget_black-studio-tinymce widget_black_studio_tinymce panel-first-child panel-last-child\" data-index=\"3\" ><div class=\"textwidget\"><p><img decoding=\"async\" class=\"aligncenter wp-image-6403 size-full\" src=\"https:\/\/export-xml.qreativethemes.com\/thelandscaper\/wp-content\/uploads\/sites\/2\/2015\/07\/img_divider.png\" alt=\"img_divider\" width=\"1128\" height=\"14\" srcset=\"https:\/\/irriprojekt.com\/wp-content\/uploads\/2015\/07\/img_divider.png 1128w, https:\/\/irriprojekt.com\/wp-content\/uploads\/2015\/07\/img_divider-600x7.png 600w\" sizes=\"(max-width: 1128px) 100vw, 1128px\" \/><\/p>\n<\/div><\/div><\/div><\/div><div id=\"pg-7616-4\"  class=\"panel-grid panel-no-style\" ><div id=\"pgc-7616-4-0\"  class=\"panel-grid-cell\" ><div id=\"panel-7616-4-0-0\" class=\"so-panel widget widget_black-studio-tinymce widget_black_studio_tinymce panel-first-child panel-last-child\" data-index=\"4\" ><div class=\"textwidget\"><h3>Klju\u010dne prednosti<\/h3>\n<p>Ugradnja sustava navodnjavanja u krajobraz nudi mnoge prednosti.<\/p>\n<p><span style=\"color: #a2c046; font-size: 18px;\"><span class=\"icon-wrap\"><i class=\"fas fa-check-circle\"><\/i><\/span><\/span> Ravnomjerno navodnjavanje<br \/>\n<span style=\"color: #a2c046; font-size: 18px;\"><span class=\"icon-wrap\"><i class=\"fas fa-check-circle\"><\/i><\/span><\/span> Optimalan rast biljaka<br \/>\n<span style=\"color: #a2c046; font-size: 18px;\"><span class=\"icon-wrap\"><i class=\"fas fa-check-circle\"><\/i><\/span><\/span> U\u0161teda vremena<br \/>\n<span style=\"color: #a2c046; font-size: 18px;\"><span class=\"icon-wrap\"><i class=\"fas fa-check-circle\"><\/i><\/span><\/span> Podizanje\u00a0vrijednosti imovine<br \/>\n<span style=\"color: #a2c046; font-size: 18px;\"><span class=\"icon-wrap\"><i class=\"fas fa-check-circle\"><\/i><\/span><\/span> Smanjenje korova i bolesti<\/p>\n<\/div><\/div><\/div><\/div><div id=\"pg-7616-5\"  class=\"panel-grid panel-no-style\" ><div id=\"pgc-7616-5-0\"  class=\"panel-grid-cell\" ><div id=\"panel-7616-5-0-0\" class=\"so-panel widget widget_media_image panel-first-child\" data-index=\"5\" ><a href=\"https:\/\/irriprojekt.com\/wp-content\/uploads\/2023\/08\/iStock-1297408570-scaled.webp\"><img loading=\"lazy\" decoding=\"async\" width=\"2560\" height=\"1171\" src=\"https:\/\/irriprojekt.com\/wp-content\/uploads\/2023\/08\/iStock-1297408570-scaled.webp\" class=\"image wp-image-8224  attachment-full size-full\" alt=\"\" style=\"max-width: 100%; height: auto;\" srcset=\"https:\/\/irriprojekt.com\/wp-content\/uploads\/2023\/08\/iStock-1297408570-scaled.webp 2560w, https:\/\/irriprojekt.com\/wp-content\/uploads\/2023\/08\/iStock-1297408570-300x137.webp 300w, https:\/\/irriprojekt.com\/wp-content\/uploads\/2023\/08\/iStock-1297408570-1024x468.webp 1024w, https:\/\/irriprojekt.com\/wp-content\/uploads\/2023\/08\/iStock-1297408570-768x351.webp 768w, https:\/\/irriprojekt.com\/wp-content\/uploads\/2023\/08\/iStock-1297408570-1536x703.webp 1536w, https:\/\/irriprojekt.com\/wp-content\/uploads\/2023\/08\/iStock-1297408570-2048x937.webp 2048w, https:\/\/irriprojekt.com\/wp-content\/uploads\/2023\/08\/iStock-1297408570-600x274.webp 600w\" sizes=\"(max-width: 2560px) 100vw, 2560px\" \/><\/a><\/div><div id=\"panel-7616-5-0-1\" class=\"so-panel widget widget_black-studio-tinymce widget_black_studio_tinymce panel-last-child\" data-index=\"6\" ><h3 class=\"widget-title\"><span class=\"light\">Po\u0161alji<\/span> Upit<\/h3><div class=\"textwidget\"><h3>\n<div class=\"wpcf7 no-js\" id=\"wpcf7-f6469-o1\" lang=\"en-US\" dir=\"ltr\" data-wpcf7-id=\"6469\">\n<div class=\"screen-reader-response\"><p role=\"status\" aria-live=\"polite\" aria-atomic=\"true\"><\/p> <ul><\/ul><\/div>\n<form action=\"\/index.php\/wp-json\/wp\/v2\/pages\/7616#wpcf7-f6469-o1\" method=\"post\" class=\"wpcf7-form init\" aria-label=\"Contact form\" novalidate=\"novalidate\" data-status=\"init\">\n<fieldset class=\"hidden-fields-container\"><input type=\"hidden\" name=\"_wpcf7\" value=\"6469\" \/><input type=\"hidden\" name=\"_wpcf7_version\" value=\"6.1.4\" \/><input type=\"hidden\" name=\"_wpcf7_locale\" value=\"en_US\" \/><input type=\"hidden\" name=\"_wpcf7_unit_tag\" value=\"wpcf7-f6469-o1\" \/><input type=\"hidden\" name=\"_wpcf7_container_post\" value=\"0\" \/><input type=\"hidden\" name=\"_wpcf7_posted_data_hash\" value=\"\" \/>\n<\/fieldset>\n<div class=\"Po\u0161alji Upit\">\n\t<div class=\"row\">\n\t\t<div class=\"col-xs-12 col-md-6\">\n\t\t\t<p><span class=\"wpcf7-form-control-wrap\" data-name=\"your-name\"><input size=\"40\" maxlength=\"400\" class=\"wpcf7-form-control wpcf7-text wpcf7-validates-as-required\" aria-required=\"true\" aria-invalid=\"false\" placeholder=\"Ime i Prezime\" value=\"\" type=\"text\" name=\"your-name\" \/><\/span>\n\t\t\t<\/p>\n\t\t<\/div>\n\t\t<div class=\"col-xs-12 col-md-6\">\n\t\t\t<p><span class=\"wpcf7-form-control-wrap\" data-name=\"your-email\"><input size=\"40\" maxlength=\"400\" class=\"wpcf7-form-control wpcf7-email wpcf7-validates-as-required wpcf7-text wpcf7-validates-as-email\" aria-required=\"true\" aria-invalid=\"false\" placeholder=\"E-mail\" value=\"\" type=\"email\" name=\"your-email\" \/><\/span>\n\t\t\t<\/p>\n\t\t<\/div>\n\t\t<div class=\"col-xs-12\">\n\t\t\t<p><span class=\"wpcf7-form-control-wrap\" data-name=\"your-message\"><textarea cols=\"40\" rows=\"10\" maxlength=\"2000\" class=\"wpcf7-form-control wpcf7-textarea wpcf7-validates-as-required\" aria-required=\"true\" aria-invalid=\"false\" placeholder=\"Poruka\" name=\"your-message\"><\/textarea><\/span>\n\t\t\t<\/p>\n\t\t<\/div>\n\t\t<div class=\"col-xs-12\">\n\t\t\t<p><input class=\"wpcf7-form-control wpcf7-submit has-spinner btn btn-primary center-block\" type=\"submit\" value=\"Po\u0161alji Upit\" \/>\n\t\t\t<\/p>\n\t\t<\/div>\n\t<\/div>\n<\/div><p style=\"display: none !important;\" class=\"akismet-fields-container\" data-prefix=\"_wpcf7_ak_\"><label>&#916;<textarea name=\"_wpcf7_ak_hp_textarea\" cols=\"45\" rows=\"8\" maxlength=\"100\"><\/textarea><\/label><input type=\"hidden\" id=\"ak_js_1\" name=\"_wpcf7_ak_js\" value=\"47\"\/><script>document.getElementById( \"ak_js_1\" ).setAttribute( \"value\", ( new Date() ).getTime() );<\/script><\/p><div class=\"wpcf7-response-output\" aria-hidden=\"true\"><\/div>\n<\/form>\n<\/div>\n<\/h3>\n<\/div><\/div><\/div><\/div><\/div>","protected":false},"excerpt":{"rendered":"<p>Optimizacija navodnjavanja za hortikulturu: Kako do bujnog vrta Za postizanje bujnog vrta u hortikulturi klju\u010dno je navodnjavanje. U\u010dinkovito upravljanje vodom ne samo da poti\u010de rast biljaka, ve\u0107 \u010duva resurse i \u0161titi okoli\u0161. U ovom tekstu osvrnut \u0107emo se na bit u\u010dinkovitog navodnjavanja u hortikulturi i dati prakti\u010dne savjete za najbolje rezultate. Strategija navodnjavanja: Prije sadnje [&hellip;]<\/p>\n","protected":false},"author":1,"featured_media":7621,"parent":921,"menu_order":0,"comment_status":"closed","ping_status":"closed","template":"","meta":{"footnotes":""},"class_list":["post-7616","page","type-page","status-publish","has-post-thumbnail","hentry"],"acf":[],"_links":{"self":[{"href":"https:\/\/irriprojekt.com\/index.php\/wp-json\/wp\/v2\/pages\/7616","targetHints":{"allow":["GET"]}}],"collection":[{"href":"https:\/\/irriprojekt.com\/index.php\/wp-json\/wp\/v2\/pages"}],"about":[{"href":"https:\/\/irriprojekt.com\/index.php\/wp-json\/wp\/v2\/types\/page"}],"author":[{"embeddable":true,"href":"https:\/\/irriprojekt.com\/index.php\/wp-json\/wp\/v2\/users\/1"}],"replies":[{"embeddable":true,"href":"https:\/\/irriprojekt.com\/index.php\/wp-json\/wp\/v2\/comments?post=7616"}],"version-history":[{"count":22,"href":"https:\/\/irriprojekt.com\/index.php\/wp-json\/wp\/v2\/pages\/7616\/revisions"}],"predecessor-version":[{"id":8491,"href":"https:\/\/irriprojekt.com\/index.php\/wp-json\/wp\/v2\/pages\/7616\/revisions\/8491"}],"up":[{"embeddable":true,"href":"https:\/\/irriprojekt.com\/index.php\/wp-json\/wp\/v2\/pages\/921"}],"wp:featuredmedia":[{"embeddable":true,"href":"https:\/\/irriprojekt.com\/index.php\/wp-json\/wp\/v2\/media\/7621"}],"wp:attachment":[{"href":"https:\/\/irriprojekt.com\/index.php\/wp-json\/wp\/v2\/media?parent=7616"}],"curies":[{"name":"wp","href":"https:\/\/api.w.org\/{rel}","templated":true}]}}