{"id":7437,"date":"2015-09-08T16:45:07","date_gmt":"2015-09-08T16:45:07","guid":{"rendered":"http:\/\/localhost:8888\/construction\/?page_id=11"},"modified":"2024-11-22T11:24:38","modified_gmt":"2024-11-22T09:24:38","slug":"home","status":"publish","type":"page","link":"https:\/\/irriprojekt.com\/","title":{"rendered":"Home"},"content":{"rendered":"\t\t<div data-elementor-type=\"wp-page\" data-elementor-id=\"7437\" class=\"elementor elementor-7437\">\n\t\t\t\t\t\t<section class=\"elementor-section elementor-top-section elementor-element elementor-element-65261e21 elementor-section-boxed elementor-section-height-default elementor-section-height-default\" data-id=\"65261e21\" data-element_type=\"section\">\n\t\t\t\t\t\t<div class=\"elementor-container elementor-column-gap-default\">\n\t\t\t\t\t<div class=\"elementor-column elementor-col-100 elementor-top-column elementor-element elementor-element-3585cd16\" data-id=\"3585cd16\" data-element_type=\"column\">\n\t\t\t<div class=\"elementor-widget-wrap elementor-element-populated\">\n\t\t\t\t\t\t<div class=\"elementor-element elementor-element-4a4f0bc6 elementor-widget elementor-widget-text-editor\" data-id=\"4a4f0bc6\" data-element_type=\"widget\" data-widget_type=\"text-editor.default\">\n\t\t\t\t<div class=\"elementor-widget-container\">\n\t\t\t\t\t\t\t\t\t<div id=\"pl-7437\" class=\"panel-layout\"><div id=\"pg-7437-0\" class=\"panel-grid panel-has-style\" data-style=\"{&quot;background_image_attachment&quot;:false,&quot;background_display&quot;:&quot;tile&quot;,&quot;background_image_size&quot;:&quot;full&quot;,&quot;border_thickness&quot;:&quot;1px&quot;,&quot;full_height&quot;:&quot;&quot;,&quot;bottom_margin&quot;:&quot;55px&quot;,&quot;row_stretch&quot;:&quot;full&quot;,&quot;cell_alignment&quot;:&quot;flex-start&quot;}\" data-ratio=\"1\" data-ratio-direction=\"right\"><div class=\"siteorigin-panels-stretch panel-row-style panel-row-style-for-7437-0\" data-stretch-type=\"full\"><div id=\"pgc-7437-0-0\" class=\"panel-grid-cell\" data-weight=\"0.33333333333333\"><div id=\"panel-7437-0-0-0\" class=\"so-panel widget widget_black-studio-tinymce widget_black_studio_tinymce panel-first-child panel-last-child\" data-index=\"0\" data-style=\"{&quot;class&quot;:&quot;border-box&quot;,&quot;background_image_attachment&quot;:false,&quot;background_display&quot;:&quot;tile&quot;,&quot;background_image_size&quot;:&quot;full&quot;,&quot;border_thickness&quot;:&quot;1px&quot;,&quot;white_widget_title&quot;:&quot;&quot;,&quot;text_center&quot;:&quot;&quot;,&quot;border_box&quot;:&quot;&quot;,&quot;content_box&quot;:&quot;&quot;}\"><div class=\"border-box panel-widget-style panel-widget-style-for-7437-0-0-0\"><h3 class=\"widget-title\">Usluge koje nudimo<\/h3><div class=\"textwidget\"><p>Na\u0161a firma pru\u017ea sveobuhvatne usluge projektiranja \u00a0i instalacije sistema navodnjavanja\u00a0 uz cjelogodi\u0161nje odr\u017eavanje i servisiranje. Specijalizirani smo za dizajniranje i implementaciju naprednih sustava navodnjavanja, kao i sustava za za\u0161titu od mraza kako bi va\u0161e biljke bile sigurne i zdrave. Osim toga, pru\u017eamo stru\u010dnu pomo\u0107 u prijavi na natje\u010daje EU fondova, osiguravaju\u0107i da va\u0161i projekti budu prepoznati i financirani.<\/p><p><a class=\"more\" href=\"https:\/\/irriprojekt.com\/index.php\/usluge\/\">Vidi sve na\u0161e usluge&#8230;<\/a><\/p><\/div><\/div><\/div><\/div><div id=\"pgc-7437-0-1\" class=\"panel-grid-cell\" data-weight=\"0.33333333333333\"><div id=\"panel-7437-0-1-0\" class=\"so-panel widget widget_qt_feature_page widget-featured-page panel-first-child panel-last-child\" data-index=\"1\" data-style=\"{&quot;background_image_attachment&quot;:false,&quot;background_display&quot;:&quot;tile&quot;,&quot;background_image_size&quot;:&quot;full&quot;,&quot;border_thickness&quot;:&quot;1px&quot;,&quot;white_widget_title&quot;:&quot;&quot;,&quot;text_center&quot;:&quot;&quot;,&quot;border_box&quot;:&quot;&quot;,&quot;content_box&quot;:&quot;&quot;}\"><p>\n\t\t\t<div class=\"post-item page\">\n\t\t\t\t\t\t\t\t\t<a href=\"https:\/\/irriprojekt.com\/\" class=\"post-item-image\">\n\t\t\t\t\t\t<img fetchpriority=\"high\" decoding=\"async\" width=\"360\" height=\"240\" src=\"https:\/\/irriprojekt.com\/wp-content\/uploads\/2023\/08\/iStock-638155104-360x240.webp\" class=\"attachment-thelandscaper-featured-thumb size-thelandscaper-featured-thumb\" alt=\"\" srcset=\"https:\/\/irriprojekt.com\/wp-content\/uploads\/2023\/08\/iStock-638155104-360x240.webp 360w, https:\/\/irriprojekt.com\/wp-content\/uploads\/2023\/08\/iStock-638155104-850x567.webp 850w\" sizes=\"(min-width: 781px) 360px, calc(100vw - 30px)\" \/>\t\t\t\t\t\t\t\t\t\t\t<\/a>\n\t\t\t\t\t\t\t\t<h5 class=\"title\">\n\t\t\t\t\t<a href=\"https:\/\/irriprojekt.com\/\"><\/a>\n\t\t\t\t<\/h5>\n\t\t\t\t\t\t\t\t\t\t\t<\/div>\n\n\t\t\t<\/p><\/div><\/div><div id=\"pgc-7437-0-2\" class=\"panel-grid-cell\" data-weight=\"0.33333333333333\"><div id=\"panel-7437-0-2-0\" class=\"so-panel widget widget_qt_feature_page widget-featured-page panel-first-child panel-last-child\" data-index=\"2\" data-style=\"{&quot;background_image_attachment&quot;:false,&quot;background_display&quot;:&quot;tile&quot;,&quot;background_image_size&quot;:&quot;full&quot;,&quot;border_thickness&quot;:&quot;1px&quot;,&quot;white_widget_title&quot;:&quot;&quot;,&quot;text_center&quot;:&quot;&quot;,&quot;border_box&quot;:&quot;&quot;,&quot;content_box&quot;:&quot;&quot;}\"><p>\n\t\t\t<div class=\"post-item page\">\n\t\t\t\t\t\t\t\t\t<a href=\"https:\/\/irriprojekt.com\/\" class=\"post-item-image\">\n\t\t\t\t\t\t<img fetchpriority=\"high\" decoding=\"async\" width=\"360\" height=\"240\" src=\"https:\/\/irriprojekt.com\/wp-content\/uploads\/2023\/08\/iStock-638155104-360x240.webp\" class=\"attachment-thelandscaper-featured-thumb size-thelandscaper-featured-thumb\" alt=\"\" srcset=\"https:\/\/irriprojekt.com\/wp-content\/uploads\/2023\/08\/iStock-638155104-360x240.webp 360w, https:\/\/irriprojekt.com\/wp-content\/uploads\/2023\/08\/iStock-638155104-850x567.webp 850w\" sizes=\"(min-width: 781px) 360px, calc(100vw - 30px)\" \/>\t\t\t\t\t\t\t\t\t\t\t<\/a>\n\t\t\t\t\t\t\t\t<h5 class=\"title\">\n\t\t\t\t\t<a href=\"https:\/\/irriprojekt.com\/\"><\/a>\n\t\t\t\t<\/h5>\n\t\t\t\t\t\t\t\t\t\t\t<\/div>\n\n\t\t\t<\/p><\/div><\/div><\/div><\/div><div id=\"pg-7437-1\" class=\"panel-grid panel-has-style\" data-style=\"{&quot;background_image_attachment&quot;:false,&quot;background_display&quot;:&quot;tile&quot;,&quot;background_image_size&quot;:&quot;full&quot;,&quot;border_thickness&quot;:&quot;1px&quot;,&quot;full_height&quot;:&quot;&quot;,&quot;bottom_margin&quot;:&quot;55px&quot;,&quot;row_stretch&quot;:&quot;full&quot;,&quot;cell_alignment&quot;:&quot;flex-start&quot;}\" data-ratio=\"1\" data-ratio-direction=\"right\"><div class=\"siteorigin-panels-stretch panel-row-style panel-row-style-for-7437-1\" data-stretch-type=\"full\"><div id=\"pgc-7437-1-0\" class=\"panel-grid-cell panel-grid-cell-empty\" data-weight=\"0.33333333333333\">\u00a0<\/div><div id=\"pgc-7437-1-1\" class=\"panel-grid-cell\" data-weight=\"0.33333333333333\"><div id=\"panel-7437-1-1-0\" class=\"so-panel widget widget_qt_feature_page widget-featured-page panel-first-child panel-last-child\" data-index=\"3\" data-style=\"{&quot;background_image_attachment&quot;:false,&quot;background_display&quot;:&quot;tile&quot;,&quot;background_image_size&quot;:&quot;full&quot;,&quot;border_thickness&quot;:&quot;1px&quot;,&quot;white_widget_title&quot;:&quot;&quot;,&quot;text_center&quot;:&quot;&quot;,&quot;border_box&quot;:&quot;&quot;,&quot;content_box&quot;:&quot;&quot;}\"><p>\n\t\t\t<div class=\"post-item page\">\n\t\t\t\t\t\t\t\t\t<a href=\"https:\/\/irriprojekt.com\/\" class=\"post-item-image\">\n\t\t\t\t\t\t<img fetchpriority=\"high\" decoding=\"async\" width=\"360\" height=\"240\" src=\"https:\/\/irriprojekt.com\/wp-content\/uploads\/2023\/08\/iStock-638155104-360x240.webp\" class=\"attachment-thelandscaper-featured-thumb size-thelandscaper-featured-thumb\" alt=\"\" srcset=\"https:\/\/irriprojekt.com\/wp-content\/uploads\/2023\/08\/iStock-638155104-360x240.webp 360w, https:\/\/irriprojekt.com\/wp-content\/uploads\/2023\/08\/iStock-638155104-850x567.webp 850w\" sizes=\"(min-width: 781px) 360px, calc(100vw - 30px)\" \/>\t\t\t\t\t\t\t\t\t\t\t<\/a>\n\t\t\t\t\t\t\t\t<h5 class=\"title\">\n\t\t\t\t\t<a href=\"https:\/\/irriprojekt.com\/\"><\/a>\n\t\t\t\t<\/h5>\n\t\t\t\t\t\t\t\t\t\t\t<\/div>\n\n\t\t\t<\/p><\/div><\/div><div id=\"pgc-7437-1-2\" class=\"panel-grid-cell\" data-weight=\"0.33333333333333\"><div id=\"panel-7437-1-2-0\" class=\"so-panel widget widget_qt_feature_page widget-featured-page panel-first-child panel-last-child\" data-index=\"4\" data-style=\"{&quot;background_image_attachment&quot;:false,&quot;background_display&quot;:&quot;tile&quot;,&quot;background_image_size&quot;:&quot;full&quot;,&quot;border_thickness&quot;:&quot;1px&quot;,&quot;white_widget_title&quot;:&quot;&quot;,&quot;text_center&quot;:&quot;&quot;,&quot;border_box&quot;:&quot;&quot;,&quot;content_box&quot;:&quot;&quot;}\"><p>\n\t\t\t<div class=\"post-item page\">\n\t\t\t\t\t\t\t\t\t<a href=\"https:\/\/irriprojekt.com\/\" class=\"post-item-image\">\n\t\t\t\t\t\t<img fetchpriority=\"high\" decoding=\"async\" width=\"360\" height=\"240\" src=\"https:\/\/irriprojekt.com\/wp-content\/uploads\/2023\/08\/iStock-638155104-360x240.webp\" class=\"attachment-thelandscaper-featured-thumb size-thelandscaper-featured-thumb\" alt=\"\" srcset=\"https:\/\/irriprojekt.com\/wp-content\/uploads\/2023\/08\/iStock-638155104-360x240.webp 360w, https:\/\/irriprojekt.com\/wp-content\/uploads\/2023\/08\/iStock-638155104-850x567.webp 850w\" sizes=\"(min-width: 781px) 360px, calc(100vw - 30px)\" \/>\t\t\t\t\t\t\t\t\t\t\t<\/a>\n\t\t\t\t\t\t\t\t<h5 class=\"title\">\n\t\t\t\t\t<a href=\"https:\/\/irriprojekt.com\/\"><\/a>\n\t\t\t\t<\/h5>\n\t\t\t\t\t\t\t\t\t\t\t<\/div>\n\n\t\t\t<\/p><\/div><\/div><\/div><\/div><div id=\"pg-7437-2\" class=\"panel-grid panel-has-style\" data-style=\"{&quot;padding&quot;:&quot;55px 0px 55px 0px&quot;,&quot;background_image_attachment&quot;:&quot;6595&quot;,&quot;background_image_attachment_fallback&quot;:false,&quot;background_display&quot;:&quot;tile&quot;,&quot;full_height&quot;:&quot;&quot;,&quot;bottom_margin&quot;:&quot;60px&quot;,&quot;row_stretch&quot;:&quot;full&quot;,&quot;cell_alignment&quot;:&quot;flex-start&quot;}\"><div class=\"siteorigin-panels-stretch panel-row-style panel-row-style-for-7437-2\" data-stretch-type=\"full\"><div id=\"pgc-7437-2-0\" class=\"panel-grid-cell\" data-weight=\"1\"><div id=\"panel-7437-2-0-0\" class=\"so-panel widget widget_black-studio-tinymce widget_black_studio_tinymce panel-first-child\" data-index=\"5\" data-style=\"{&quot;class&quot;:&quot;text-center no-border white&quot;,&quot;background_image_attachment&quot;:false,&quot;background_display&quot;:&quot;tile&quot;,&quot;background_image_size&quot;:&quot;full&quot;,&quot;border_thickness&quot;:&quot;1px&quot;,&quot;white_widget_title&quot;:&quot;&quot;,&quot;text_center&quot;:&quot;&quot;,&quot;border_box&quot;:&quot;&quot;,&quot;content_box&quot;:&quot;&quot;}\"><div class=\"text-center no-border white panel-widget-style panel-widget-style-for-7437-2-0-0\"><h3 class=\"widget-title\"><span class=\"light\">Projekti<\/span><\/h3><div class=\"textwidget\">S dugogodi\u0161njim iskustvom u navodnjavanju, mo\u017eete se osloniti na na\u0161u tvrtku za vrhunsku kvalitetu i uslugu ure\u0111enja okoli\u0161a.<\/div><\/div><\/div><div id=\"panel-7437-2-0-1\" class=\"so-panel widget widget_ess-grid-widget widget_ess_grid panel-last-child\" data-index=\"6\" data-style=\"{&quot;background_image_attachment&quot;:false,&quot;background_display&quot;:&quot;tile&quot;,&quot;background_image_size&quot;:&quot;full&quot;,&quot;border_thickness&quot;:&quot;1px&quot;,&quot;white_widget_title&quot;:&quot;&quot;,&quot;text_center&quot;:&quot;&quot;,&quot;border_box&quot;:&quot;&quot;,&quot;content_box&quot;:&quot;&quot;}\"><p><\/p><\/div><\/div><\/div><\/div><div id=\"pg-7437-3\" class=\"panel-grid panel-no-style\" data-style=\"{&quot;background_display&quot;:&quot;tile&quot;,&quot;full_height&quot;:&quot;&quot;,&quot;bottom_margin&quot;:&quot;15px&quot;}\"><div id=\"pgc-7437-3-0\" class=\"panel-grid-cell\" data-weight=\"1\"><div id=\"panel-7437-3-0-0\" class=\"so-panel widget widget_text panel-first-child panel-last-child\" data-index=\"7\" data-style=\"{&quot;class&quot;:&quot;no-border&quot;,&quot;background_image_attachment&quot;:false,&quot;background_display&quot;:&quot;tile&quot;,&quot;background_image_size&quot;:&quot;full&quot;,&quot;border_thickness&quot;:&quot;1px&quot;,&quot;white_widget_title&quot;:&quot;&quot;,&quot;text_center&quot;:&quot;&quot;,&quot;border_box&quot;:&quot;&quot;,&quot;content_box&quot;:&quot;&quot;}\"><div class=\"no-border panel-widget-style panel-widget-style-for-7437-3-0-0\"><h3 class=\"widget-title\"><span class=\"light\">Novi<\/span> Proizvodi<\/h3><div class=\"textwidget\"><div class=\"woocommerce columns-4 \"><ul class=\"products columns-4\"><li class=\"product type-product post-6218 status-publish first instock product_cat-akumulacija product_tag-akumulacija product_tag-akumulacija-vode product_tag-navodnjavanje has-post-thumbnail sale shipping-taxable purchasable product-type-simple\">\u00a0<\/li><li class=\"product type-product post-1209 status-publish instock product_cat-electric has-post-thumbnail shipping-taxable purchasable product-type-simple\">\u00a0<\/li><li class=\"product type-product post-1207 status-publish instock product_cat-accessories product_cat-hand-tools has-post-thumbnail sale shipping-taxable purchasable product-type-simple\">\u00a0<\/li><li class=\"product type-product post-563 status-publish last instock product_cat-garden product_cat-hand-tools product_cat-professional has-post-thumbnail shipping-taxable purchasable product-type-simple\">\u00a0<\/li><\/ul><\/div><\/div><\/div><\/div><\/div><\/div><div id=\"pg-7437-4\" class=\"panel-grid panel-has-style\" data-style=\"{&quot;padding&quot;:&quot;60px&quot;,&quot;background_image_attachment&quot;:&quot;5256&quot;,&quot;background_image_attachment_fallback&quot;:false,&quot;background_display&quot;:&quot;tile&quot;,&quot;full_height&quot;:&quot;&quot;,&quot;bottom_margin&quot;:&quot;0px&quot;,&quot;row_stretch&quot;:&quot;full&quot;}\"><div class=\"siteorigin-panels-stretch panel-row-style panel-row-style-for-7437-4\" data-stretch-type=\"full\"><div id=\"pgc-7437-4-0\" class=\"panel-grid-cell\" data-weight=\"1\"><div id=\"panel-7437-4-0-0\" class=\"so-panel widget widget_qt_recent_posts_block widget_post_block panel-first-child panel-last-child\" data-index=\"8\" data-style=\"{&quot;background_image_attachment&quot;:false,&quot;background_display&quot;:&quot;tile&quot;,&quot;background_image_size&quot;:&quot;full&quot;,&quot;border_thickness&quot;:&quot;1px&quot;,&quot;white_widget_title&quot;:&quot;&quot;,&quot;text_center&quot;:&quot;&quot;,&quot;border_box&quot;:&quot;&quot;,&quot;content_box&quot;:&quot;&quot;}\"><p>\n\t\t\t<div class=\"block-posts\">\n\n\t\t\t\t\n\t\t\t\t<div class=\"row\">\n\t\t\t\t\t\t\t\t\t\t\n\t\t\t\t\t\t<div class=\"col-xs-12 col-sm-4 col-md-3\">\n\t\t\t\t\t\t\t<article class=\"post-item news\">\n\t\t\t\t\t\t\t\t\t\t\t\t\t\t\t\t\t<a href=\"https:\/\/irriprojekt.com\/index.php\/2025\/01\/02\/75-01-intervencija-uspostava-mladih-poljoprivrednika-20-12-2024-24-2-2025\/\" class=\"post-item-image\">\n\t\t\t\t\t\t\t\t\t\t<img decoding=\"async\" width=\"239\" height=\"102\" src=\"https:\/\/irriprojekt.com\/wp-content\/uploads\/Screenshot-2025-01-02-121427.jpg\" class=\"attachment-thelandscaper-news-small size-thelandscaper-news-small\" alt=\"75.01. Uspostava mladih poljoprivrednika\" srcset=\"\" sizes=\"(min-width: 781px) 360px, calc(100vw - 30px)\" \/> \n\t\t\t\t\t\t\t\t\t\t\t\t\t\t\t\t\t\t\t\t\t<div class=\"label-wrap\">\n\t\t\t\t\t\t\t\t\t\t\t\t<span class=\"label date\">2 sije\u010dnja, 2025<\/span>\n\t\t\t\t\t\t\t\t\t\t\t\t\t\t\t\t\t\t\t\t\t\t\t<\/div>\n\t\t\t\t\t\t\t\t\t\t\t\t\t\t\t\t\t\t\t<\/a>\n\t\t\t\t\t\t\t\t\t\t\t\t\t\t\t\t<div class=\"post-item-content\">\n\t\t\t\t\t\t\t\t\t<h5 class=\"title\">\n\t\t\t\t\t\t\t\t\t\t<a href=\"https:\/\/irriprojekt.com\/index.php\/2025\/01\/02\/75-01-intervencija-uspostava-mladih-poljoprivrednika-20-12-2024-24-2-2025\/\">75.01. Intervencija &#8211; Uspostava mladih poljoprivrednika 20.12.2024. &#8211; 24.2.2025.<\/a>\n\t\t\t\t\t\t\t\t\t<\/h5>\n\t\t\t\t\t\t\t\t\t<p>\n\t\t\t\t                        Cilj ove intervencije je poticanje razvoja obnovljenog i inovativnog poljoprivrednog sektora. Mladi ljudi trebaju biti&#8230;\t\t\t\t                    <\/p>\n\t\t\t\t                    <a href=\"https:\/\/irriprojekt.com\/index.php\/2025\/01\/02\/75-01-intervencija-uspostava-mladih-poljoprivrednika-20-12-2024-24-2-2025\/\" class=\"more\">Read More<\/a>\n\t\t\t\t\t\t\t\t<\/div>\n\t\t\t\t\t\t\t<\/article>\n\t\t\t\t\t\t<\/div>\n\t\t\t\t\t\t\n\t\t\t\t\t\t\n\t\t\t\t\t\t<div class=\"col-xs-12 col-sm-4 col-md-3\">\n\t\t\t\t\t\t\t<article class=\"post-item news\">\n\t\t\t\t\t\t\t\t\t\t\t\t\t\t\t\t\t<a href=\"https:\/\/irriprojekt.com\/index.php\/2024\/09\/25\/hidraulicno-ispitivanje-dobave-vode\/\" class=\"post-item-image\">\n\t\t\t\t\t\t\t\t\t\t<img decoding=\"async\" width=\"360\" height=\"203\" src=\"https:\/\/irriprojekt.com\/wp-content\/uploads\/Hydrantflowtest3-360x203.jpg\" class=\"attachment-thelandscaper-news-small size-thelandscaper-news-small\" alt=\"ispitivanje dobave vode\" srcset=\"https:\/\/irriprojekt.com\/wp-content\/uploads\/Hydrantflowtest3-360x203.jpg 360w, https:\/\/irriprojekt.com\/wp-content\/uploads\/Hydrantflowtest3-300x169.jpg 300w, https:\/\/irriprojekt.com\/wp-content\/uploads\/Hydrantflowtest3-1024x576.jpg 1024w, https:\/\/irriprojekt.com\/wp-content\/uploads\/Hydrantflowtest3-768x432.jpg 768w, https:\/\/irriprojekt.com\/wp-content\/uploads\/Hydrantflowtest3-1536x864.jpg 1536w, https:\/\/irriprojekt.com\/wp-content\/uploads\/Hydrantflowtest3-2048x1152.jpg 2048w, https:\/\/irriprojekt.com\/wp-content\/uploads\/Hydrantflowtest3-848x480.jpg 848w, https:\/\/irriprojekt.com\/wp-content\/uploads\/Hydrantflowtest3-850x479.jpg 850w, https:\/\/irriprojekt.com\/wp-content\/uploads\/Hydrantflowtest3-600x337.jpg 600w\" sizes=\"(min-width: 781px) 360px, calc(100vw - 30px)\" \/> \n\t\t\t\t\t\t\t\t\t\t\t\t\t\t\t\t\t\t\t\t\t<div class=\"label-wrap\">\n\t\t\t\t\t\t\t\t\t\t\t\t<span class=\"label date\">25 rujna, 2024<\/span>\n\t\t\t\t\t\t\t\t\t\t\t\t\t\t\t\t\t\t\t\t\t\t\t<\/div>\n\t\t\t\t\t\t\t\t\t\t\t\t\t\t\t\t\t\t\t<\/a>\n\t\t\t\t\t\t\t\t\t\t\t\t\t\t\t\t<div class=\"post-item-content\">\n\t\t\t\t\t\t\t\t\t<h5 class=\"title\">\n\t\t\t\t\t\t\t\t\t\t<a href=\"https:\/\/irriprojekt.com\/index.php\/2024\/09\/25\/hidraulicno-ispitivanje-dobave-vode\/\">Hidrauli\u010dno ispitivanje dobave vode<\/a>\n\t\t\t\t\t\t\t\t\t<\/h5>\n\t\t\t\t\t\t\t\t\t<p>\n\t\t\t\t                        Hidrauli\u010dno ispitivanje dobave vode slu\u017ei za provjeru mo\u017ee li vodoopskrbni sustav osigurati dovoljan protok vode&#8230;\t\t\t\t                    <\/p>\n\t\t\t\t                    <a href=\"https:\/\/irriprojekt.com\/index.php\/2024\/09\/25\/hidraulicno-ispitivanje-dobave-vode\/\" class=\"more\">Read More<\/a>\n\t\t\t\t\t\t\t\t<\/div>\n\t\t\t\t\t\t\t<\/article>\n\t\t\t\t\t\t<\/div>\n\t\t\t\t\t\t\n\t\t\t\t\t\t\t\t\t\t<\/div>\n\t\t\t<\/div>\n\n\t\t\t<\/p><\/div><\/div><\/div><\/div><div id=\"pg-7437-5\" class=\"panel-grid panel-no-style\" data-style=\"{&quot;background_image_attachment&quot;:false,&quot;background_display&quot;:&quot;tile&quot;,&quot;background_image_size&quot;:&quot;full&quot;,&quot;border_thickness&quot;:&quot;1px&quot;,&quot;full_height&quot;:&quot;&quot;,&quot;bottom_margin&quot;:&quot;45px&quot;,&quot;cell_alignment&quot;:&quot;flex-start&quot;}\" data-ratio=\"1\" data-ratio-direction=\"right\"><div id=\"pgc-7437-5-0\" class=\"panel-grid-cell\" data-weight=\"1\"><div id=\"panel-7437-5-0-0\" class=\"so-panel widget widget_black-studio-tinymce widget_black_studio_tinymce panel-first-child panel-last-child\" data-index=\"9\" data-style=\"{&quot;class&quot;:&quot;content-box text-center&quot;,&quot;background_image_attachment&quot;:false,&quot;background_display&quot;:&quot;tile&quot;,&quot;background_image_size&quot;:&quot;full&quot;,&quot;border_thickness&quot;:&quot;1px&quot;,&quot;white_widget_title&quot;:&quot;&quot;,&quot;text_center&quot;:&quot;&quot;,&quot;border_box&quot;:&quot;&quot;,&quot;content_box&quot;:&quot;&quot;}\"><div class=\"content-box text-center panel-widget-style panel-widget-style-for-7437-5-0-0\"><h3 class=\"widget-title\"><span class=\"light\">Kontaktirajte<\/span> Nas<\/h3><div class=\"textwidget\"><div id=\"wpcf7-f3275-o2\" class=\"wpcf7 no-js\" dir=\"ltr\" lang=\"en-US\"><div class=\"screen-reader-response\"><p role=\"status\" aria-live=\"polite\" aria-atomic=\"true\">\u00a0<\/p><\/div><form class=\"wpcf7-form init\" action=\"\/wp-admin\/post.php#wpcf7-f3275-o2\" method=\"post\" novalidate=\"novalidate\" aria-label=\"Contact form\" data-status=\"init\"><div style=\"display: none;\"><input name=\"_wpcf7\" type=\"hidden\" value=\"3275\" \/><br \/><input name=\"_wpcf7_version\" type=\"hidden\" value=\"5.8\" \/><br \/><input name=\"_wpcf7_locale\" type=\"hidden\" value=\"en_US\" \/><br \/><input name=\"_wpcf7_unit_tag\" type=\"hidden\" value=\"wpcf7-f3275-o2\" \/><br \/><input name=\"_wpcf7_container_post\" type=\"hidden\" value=\"0\" \/><br \/><input name=\"_wpcf7_posted_data_hash\" type=\"hidden\" value=\"\" \/><\/div><div class=\"Po\u0161alji upit\"><div class=\"row\"><div class=\"col-xs-12 col-md-6\"><p><span class=\"wpcf7-form-control-wrap\" data-name=\"your-name\"><input class=\"wpcf7-form-control wpcf7-text wpcf7-validates-as-required\" name=\"your-name\" size=\"40\" type=\"text\" value=\"\" placeholder=\"Ime\" aria-required=\"true\" aria-invalid=\"false\" \/><\/span><span class=\"wpcf7-form-control-wrap\" data-name=\"your-email\"><input class=\"wpcf7-form-control wpcf7-email wpcf7-validates-as-required wpcf7-text wpcf7-validates-as-email\" name=\"your-email\" size=\"40\" type=\"email\" value=\"\" placeholder=\"Email\" aria-required=\"true\" aria-invalid=\"false\" \/><\/span><span class=\"wpcf7-form-control-wrap\" data-name=\"service\"><select class=\"wpcf7-form-control wpcf7-select\" name=\"service\" aria-invalid=\"false\"><option value=\"Navodnjavanje\">Navodnjavanje<\/option><option value=\"Akumulacija\">Akumulacija<\/option><option value=\"Projektna dokumentacija\">Projektna dokumentacija<\/option><option value=\"Za\u0161tita od mraza\">Za\u0161tita od mraza<\/option><option value=\"Za\u0161tita od tu\u010de\">Za\u0161tita od tu\u010de<\/option><option value=\"Eu fondovi bespovratna sredstva\">Eu fondovi bespovratna sredstva<\/option><\/select><\/span><\/p><\/div><div class=\"col-xs-12 col-md-6\"><p><span class=\"wpcf7-form-control-wrap\" data-name=\"your-message\"><textarea class=\"wpcf7-form-control wpcf7-textarea\" cols=\"40\" name=\"your-message\" rows=\"10\" placeholder=\"Poruka\" aria-invalid=\"false\"><\/textarea><\/span><\/p><\/div><div class=\"col-xs-12\"><p><input class=\"wpcf7-form-control wpcf7-submit has-spinner\" type=\"submit\" value=\"Po\u0161alji upit\" \/><\/p><\/div><\/div><\/div><div class=\"wpcf7-response-output\" aria-hidden=\"true\">\u00a0<\/div><\/form><\/div><\/div><\/div><\/div><\/div><\/div><\/div>\t\t\t\t\t\t\t\t<\/div>\n\t\t\t\t<\/div>\n\t\t\t\t\t<\/div>\n\t\t<\/div>\n\t\t\t\t\t<\/div>\n\t\t<\/section>\n\t\t\t\t<section class=\"elementor-section elementor-top-section elementor-element elementor-element-fd0cb8b elementor-section-boxed elementor-section-height-default elementor-section-height-default\" data-id=\"fd0cb8b\" data-element_type=\"section\">\n\t\t\t\t\t\t<div class=\"elementor-container elementor-column-gap-default\">\n\t\t\t\t\t<div class=\"elementor-column elementor-col-100 elementor-top-column elementor-element elementor-element-9ac2272\" data-id=\"9ac2272\" data-element_type=\"column\">\n\t\t\t<div class=\"elementor-widget-wrap elementor-element-populated\">\n\t\t\t\t\t\t<section class=\"elementor-section elementor-inner-section elementor-element elementor-element-8761aa3 elementor-section-boxed elementor-section-height-default elementor-section-height-default\" data-id=\"8761aa3\" data-element_type=\"section\">\n\t\t\t\t\t\t<div class=\"elementor-container elementor-column-gap-default\">\n\t\t\t\t\t<div class=\"elementor-column elementor-col-50 elementor-inner-column elementor-element elementor-element-63aebbc\" data-id=\"63aebbc\" data-element_type=\"column\">\n\t\t\t<div class=\"elementor-widget-wrap\">\n\t\t\t\t\t\t\t<\/div>\n\t\t<\/div>\n\t\t\t\t<div class=\"elementor-column elementor-col-50 elementor-inner-column elementor-element elementor-element-2cbf54d\" data-id=\"2cbf54d\" data-element_type=\"column\">\n\t\t\t<div class=\"elementor-widget-wrap\">\n\t\t\t\t\t\t\t<\/div>\n\t\t<\/div>\n\t\t\t\t\t<\/div>\n\t\t<\/section>\n\t\t\t\t\t<\/div>\n\t\t<\/div>\n\t\t\t\t\t<\/div>\n\t\t<\/section>\n\t\t\t\t<\/div>\n\t\t","protected":false},"excerpt":{"rendered":"<p>Usluge koje nudimo BN Projekt je tvrtka koja se bavi projektiranjem, odr\u017eavanjem i izvo\u0111enjem sustava navodnjavanja za poljoprivredne povr\u0161ine i krajobraze.\u00a0 Specijalizirani smo za dizajniranje i implementaciju naprednih sustava navodnjavanja, kao i sustava za za\u0161titu od mraza kako bi va\u0161e biljke bile sigurne i zdrave. Osim toga, pru\u017eamo stru\u010dnu pomo\u0107 u prijavi na natje\u010daje EU [&hellip;]<\/p>\n","protected":false},"author":1,"featured_media":8208,"parent":0,"menu_order":0,"comment_status":"closed","ping_status":"closed","template":"template-front-fullslider.php","meta":{"footnotes":""},"class_list":["post-7437","page","type-page","status-publish","has-post-thumbnail","hentry"],"acf":[],"_links":{"self":[{"href":"https:\/\/irriprojekt.com\/index.php\/wp-json\/wp\/v2\/pages\/7437","targetHints":{"allow":["GET"]}}],"collection":[{"href":"https:\/\/irriprojekt.com\/index.php\/wp-json\/wp\/v2\/pages"}],"about":[{"href":"https:\/\/irriprojekt.com\/index.php\/wp-json\/wp\/v2\/types\/page"}],"author":[{"embeddable":true,"href":"https:\/\/irriprojekt.com\/index.php\/wp-json\/wp\/v2\/users\/1"}],"replies":[{"embeddable":true,"href":"https:\/\/irriprojekt.com\/index.php\/wp-json\/wp\/v2\/comments?post=7437"}],"version-history":[{"count":172,"href":"https:\/\/irriprojekt.com\/index.php\/wp-json\/wp\/v2\/pages\/7437\/revisions"}],"predecessor-version":[{"id":8823,"href":"https:\/\/irriprojekt.com\/index.php\/wp-json\/wp\/v2\/pages\/7437\/revisions\/8823"}],"wp:featuredmedia":[{"embeddable":true,"href":"https:\/\/irriprojekt.com\/index.php\/wp-json\/wp\/v2\/media\/8208"}],"wp:attachment":[{"href":"https:\/\/irriprojekt.com\/index.php\/wp-json\/wp\/v2\/media?parent=7437"}],"curies":[{"name":"wp","href":"https:\/\/api.w.org\/{rel}","templated":true}]}}