{"id":673,"date":"2015-07-22T16:38:25","date_gmt":"2015-07-22T16:38:25","guid":{"rendered":"http:\/\/localhost:8888\/construction\/?page_id=673"},"modified":"2023-09-01T10:52:47","modified_gmt":"2023-09-01T08:52:47","slug":"navodnjavanje","status":"publish","type":"page","link":"https:\/\/irriprojekt.com\/index.php\/usluge\/navodnjavanje\/","title":{"rendered":"Navodnjavanje"},"content":{"rendered":"<div id=\"pl-673\"  class=\"panel-layout\" ><div id=\"pg-673-0\"  class=\"panel-grid panel-no-style\" ><div id=\"pgc-673-0-0\"  class=\"panel-grid-cell\" ><div id=\"panel-673-0-0-0\" class=\"so-panel widget widget_media_image panel-first-child\" data-index=\"0\" ><img fetchpriority=\"high\" decoding=\"async\" width=\"2560\" height=\"1363\" src=\"https:\/\/irriprojekt.com\/wp-content\/uploads\/2023\/08\/iStock-638155104-scaled.webp\" class=\"image wp-image-8208  attachment-full size-full\" alt=\"\" style=\"max-width: 100%; height: auto;\" srcset=\"https:\/\/irriprojekt.com\/wp-content\/uploads\/2023\/08\/iStock-638155104-scaled.webp 2560w, https:\/\/irriprojekt.com\/wp-content\/uploads\/2023\/08\/iStock-638155104-300x160.webp 300w, https:\/\/irriprojekt.com\/wp-content\/uploads\/2023\/08\/iStock-638155104-1024x545.webp 1024w, https:\/\/irriprojekt.com\/wp-content\/uploads\/2023\/08\/iStock-638155104-768x409.webp 768w, https:\/\/irriprojekt.com\/wp-content\/uploads\/2023\/08\/iStock-638155104-1536x818.webp 1536w, https:\/\/irriprojekt.com\/wp-content\/uploads\/2023\/08\/iStock-638155104-2048x1090.webp 2048w, https:\/\/irriprojekt.com\/wp-content\/uploads\/2023\/08\/iStock-638155104-600x319.webp 600w\" sizes=\"(max-width: 2560px) 100vw, 2560px\" \/><\/div><div id=\"panel-673-0-0-1\" class=\"so-panel widget widget_black-studio-tinymce widget_black_studio_tinymce panel-last-child\" data-index=\"1\" ><div class=\"textwidget\"><p><span style=\"color: #99cc00;\">Sustavi navodnjavanja za poljoprivredu i vrtove:<\/span><\/p>\n<p>1. Kap po kap - precizno ispu\u0161tanje vode na korijenje pomo\u0107u kapaljki.<br \/>\n2. Rasprskiva\u010dki sustav - raspr\u0161uje vodu pomo\u0107u raznih vrsta rasprskiva\u010da preko polja ili vrta.<br \/>\n3. Podzemni sustav - koristi podzemne cijevi za isporuku vode.<br \/>\n4. Mikro-rosa\u010di - kombinacija kap po kap i rasprskiva\u010dkog sustava za precizno zalijevanje.<br \/>\n5. Povr\u0161inski sustavi - zalijevanje travnjaka ili njiva pomo\u0107u rasprskiva\u010da.<\/p>\n<p>&nbsp;<\/p>\n<\/div><\/div><\/div><\/div><div id=\"pg-673-1\"  class=\"panel-grid panel-no-style\" ><div id=\"pgc-673-1-0\"  class=\"panel-grid-cell\" ><div id=\"panel-673-1-0-0\" class=\"so-panel widget widget_qt_feature_page widget-featured-page panel-first-child\" data-index=\"2\" >\n\t\t\t<div class=\"post-item page\">\n\t\t\t\t\t\t\t\t\t<a href=\"https:\/\/irriprojekt.com\/index.php\/usluge\/navodnjavanje-vocarstvo\/\" class=\"post-item-image\">\n\t\t\t\t\t\t<img decoding=\"async\" width=\"360\" height=\"240\" src=\"https:\/\/irriprojekt.com\/wp-content\/uploads\/2023\/08\/iStock-1225208416-360x240.webp\" class=\"attachment-thelandscaper-featured-thumb size-thelandscaper-featured-thumb\" alt=\"Navodnjavanje - Vo\u0107arstvo\" srcset=\"https:\/\/irriprojekt.com\/wp-content\/uploads\/2023\/08\/iStock-1225208416-360x240.webp 360w, https:\/\/irriprojekt.com\/wp-content\/uploads\/2023\/08\/iStock-1225208416-300x200.webp 300w, https:\/\/irriprojekt.com\/wp-content\/uploads\/2023\/08\/iStock-1225208416-1024x683.webp 1024w, https:\/\/irriprojekt.com\/wp-content\/uploads\/2023\/08\/iStock-1225208416-768x512.webp 768w, https:\/\/irriprojekt.com\/wp-content\/uploads\/2023\/08\/iStock-1225208416-1536x1024.webp 1536w, https:\/\/irriprojekt.com\/wp-content\/uploads\/2023\/08\/iStock-1225208416-2048x1366.webp 2048w, https:\/\/irriprojekt.com\/wp-content\/uploads\/2023\/08\/iStock-1225208416-850x567.webp 850w, https:\/\/irriprojekt.com\/wp-content\/uploads\/2023\/08\/iStock-1225208416-600x400.webp 600w\" sizes=\"(min-width: 781px) 360px, calc(100vw - 30px)\" \/>\t\t\t\t\t\t\t\t\t\t\t\t\t<div class=\"overlay\">\n\t\t\t\t\t\t\t\t<div class=\"vertical-center\">\n\t\t\t\t\t\t\t\t\t<span>Pro\u010ditaj vi\u0161e...<\/span>\n\t\t\t\t\t\t\t\t<\/div>\n\t\t\t\t\t\t\t<\/div>\n\t\t\t\t\t\t\t\t\t\t\t<\/a>\n\t\t\t\t\t\t\t\t<h5 class=\"title\">\n\t\t\t\t\t<a href=\"https:\/\/irriprojekt.com\/index.php\/usluge\/navodnjavanje-vocarstvo\/\">Navodnjavanje - Vo\u0107arstvo<\/a>\n\t\t\t\t<\/h5>\n\t\t\t\t\t\t\t\t\t<p>Navodnjavanje vo\u0107njaka:\u00a0 kako pove\u0107ati urod i osigurati zdrav rast vo\u0107aka\n\nOtkrijte kako transformirati svoj&hellip;<\/p>\n\t\t\t\t\t\t\t\t\t\t\t\t\t<a href=\"https:\/\/irriprojekt.com\/index.php\/usluge\/navodnjavanje-vocarstvo\/\" class=\"more\">Pro\u010ditaj vi\u0161e...<\/a>\n\t\t\t\t\t\t\t<\/div>\n\n\t\t\t<\/div><div id=\"panel-673-1-0-1\" class=\"so-panel widget widget_qt_feature_page widget-featured-page panel-last-child\" data-index=\"3\" >\n\t\t\t<div class=\"post-item page\">\n\t\t\t\t\t\t\t\t\t<a href=\"https:\/\/irriprojekt.com\/index.php\/usluge\/navodnjavanje-hortikultura\/\" class=\"post-item-image\">\n\t\t\t\t\t\t<img decoding=\"async\" width=\"360\" height=\"240\" src=\"https:\/\/irriprojekt.com\/wp-content\/uploads\/2023\/08\/navodnjavanje-01-2-360x240.webp\" class=\"attachment-thelandscaper-featured-thumb size-thelandscaper-featured-thumb\" alt=\"Navodnjavanje - Hortikultura\" srcset=\"https:\/\/irriprojekt.com\/wp-content\/uploads\/2023\/08\/navodnjavanje-01-2-360x240.webp 360w, https:\/\/irriprojekt.com\/wp-content\/uploads\/2023\/08\/navodnjavanje-01-2-600x400.webp 600w, https:\/\/irriprojekt.com\/wp-content\/uploads\/2023\/08\/navodnjavanje-01-2-300x200.webp 300w, https:\/\/irriprojekt.com\/wp-content\/uploads\/2023\/08\/navodnjavanje-01-2-1024x682.webp 1024w, https:\/\/irriprojekt.com\/wp-content\/uploads\/2023\/08\/navodnjavanje-01-2-768x512.webp 768w, https:\/\/irriprojekt.com\/wp-content\/uploads\/2023\/08\/navodnjavanje-01-2-850x567.webp 850w, https:\/\/irriprojekt.com\/wp-content\/uploads\/2023\/08\/navodnjavanje-01-2.webp 1400w\" sizes=\"(min-width: 781px) 360px, calc(100vw - 30px)\" \/>\t\t\t\t\t\t\t\t\t\t\t\t\t<div class=\"overlay\">\n\t\t\t\t\t\t\t\t<div class=\"vertical-center\">\n\t\t\t\t\t\t\t\t\t<span>Pro\u010ditaj vi\u0161e...<\/span>\n\t\t\t\t\t\t\t\t<\/div>\n\t\t\t\t\t\t\t<\/div>\n\t\t\t\t\t\t\t\t\t\t\t<\/a>\n\t\t\t\t\t\t\t\t<h5 class=\"title\">\n\t\t\t\t\t<a href=\"https:\/\/irriprojekt.com\/index.php\/usluge\/navodnjavanje-hortikultura\/\">Navodnjavanje - Hortikultura<\/a>\n\t\t\t\t<\/h5>\n\t\t\t\t\t\t\t\t\t<p>Optimizacija navodnjavanja za hortikulturu: Kako do bujnog vrta\n\nZa postizanje bujnog vrta u hortikulturi klju\u010dno&hellip;<\/p>\n\t\t\t\t\t\t\t\t\t\t\t\t\t<a href=\"https:\/\/irriprojekt.com\/index.php\/usluge\/navodnjavanje-hortikultura\/\" class=\"more\">Pro\u010ditaj vi\u0161e...<\/a>\n\t\t\t\t\t\t\t<\/div>\n\n\t\t\t<\/div><\/div><div id=\"pgc-673-1-1\"  class=\"panel-grid-cell\" ><div id=\"panel-673-1-1-0\" class=\"so-panel widget widget_qt_feature_page widget-featured-page panel-first-child\" data-index=\"4\" >\n\t\t\t<div class=\"post-item page\">\n\t\t\t\t\t\t\t\t\t<a href=\"https:\/\/irriprojekt.com\/index.php\/usluge\/navodnjavanje\/navodnjavanje-povrcarstvo\/\" class=\"post-item-image\">\n\t\t\t\t\t\t<img loading=\"lazy\" decoding=\"async\" width=\"360\" height=\"240\" src=\"https:\/\/irriprojekt.com\/wp-content\/uploads\/2023\/08\/xcel-wobbler-coffee-360x240.webp\" class=\"attachment-thelandscaper-featured-thumb size-thelandscaper-featured-thumb\" alt=\"Navodnjavanje - Povr\u0107arstvo\" srcset=\"https:\/\/irriprojekt.com\/wp-content\/uploads\/2023\/08\/xcel-wobbler-coffee-360x240.webp 360w, https:\/\/irriprojekt.com\/wp-content\/uploads\/2023\/08\/xcel-wobbler-coffee-850x567.webp 850w\" sizes=\"(min-width: 781px) 360px, calc(100vw - 30px)\" \/>\t\t\t\t\t\t\t\t\t\t\t\t\t<div class=\"overlay\">\n\t\t\t\t\t\t\t\t<div class=\"vertical-center\">\n\t\t\t\t\t\t\t\t\t<span>Pro\u010ditaj vi\u0161e...<\/span>\n\t\t\t\t\t\t\t\t<\/div>\n\t\t\t\t\t\t\t<\/div>\n\t\t\t\t\t\t\t\t\t\t\t<\/a>\n\t\t\t\t\t\t\t\t<h5 class=\"title\">\n\t\t\t\t\t<a href=\"https:\/\/irriprojekt.com\/index.php\/usluge\/navodnjavanje\/navodnjavanje-povrcarstvo\/\">Navodnjavanje - Povr\u0107arstvo<\/a>\n\t\t\t\t<\/h5>\n\t\t\t\t\t\t\t\t\t<p>Metode navodnjavanja za proizvodnju povr\u0107a\n\n&nbsp;\n\nNavodnjavanje povr\u0107a je klju\u010dna praksa u poljoprivredi koja osigurava dovoljnu&hellip;<\/p>\n\t\t\t\t\t\t\t\t\t\t\t\t\t<a href=\"https:\/\/irriprojekt.com\/index.php\/usluge\/navodnjavanje\/navodnjavanje-povrcarstvo\/\" class=\"more\">Pro\u010ditaj vi\u0161e...<\/a>\n\t\t\t\t\t\t\t<\/div>\n\n\t\t\t<\/div><div id=\"panel-673-1-1-1\" class=\"so-panel widget widget_qt_feature_page widget-featured-page panel-last-child\" data-index=\"5\" >\n\t\t\t<div class=\"post-item page\">\n\t\t\t\t\t\t\t\t\t<a href=\"https:\/\/irriprojekt.com\/index.php\/usluge\/navodnjavanje-ratarstvo\/\" class=\"post-item-image\">\n\t\t\t\t\t\t<img loading=\"lazy\" decoding=\"async\" width=\"360\" height=\"240\" src=\"https:\/\/irriprojekt.com\/wp-content\/uploads\/2023\/08\/iStock-1355788377-360x240.webp\" class=\"attachment-thelandscaper-featured-thumb size-thelandscaper-featured-thumb\" alt=\"Navodnjavanje - Ratarstvo\" srcset=\"https:\/\/irriprojekt.com\/wp-content\/uploads\/2023\/08\/iStock-1355788377-360x240.webp 360w, https:\/\/irriprojekt.com\/wp-content\/uploads\/2023\/08\/iStock-1355788377-300x200.webp 300w, https:\/\/irriprojekt.com\/wp-content\/uploads\/2023\/08\/iStock-1355788377-1024x682.webp 1024w, https:\/\/irriprojekt.com\/wp-content\/uploads\/2023\/08\/iStock-1355788377-768x511.webp 768w, https:\/\/irriprojekt.com\/wp-content\/uploads\/2023\/08\/iStock-1355788377-850x567.webp 850w, https:\/\/irriprojekt.com\/wp-content\/uploads\/2023\/08\/iStock-1355788377-600x400.webp 600w, https:\/\/irriprojekt.com\/wp-content\/uploads\/2023\/08\/iStock-1355788377.webp 1269w\" sizes=\"(min-width: 781px) 360px, calc(100vw - 30px)\" \/>\t\t\t\t\t\t\t\t\t\t\t\t\t<div class=\"overlay\">\n\t\t\t\t\t\t\t\t<div class=\"vertical-center\">\n\t\t\t\t\t\t\t\t\t<span>Pro\u010ditaj vi\u0161e...<\/span>\n\t\t\t\t\t\t\t\t<\/div>\n\t\t\t\t\t\t\t<\/div>\n\t\t\t\t\t\t\t\t\t\t\t<\/a>\n\t\t\t\t\t\t\t\t<h5 class=\"title\">\n\t\t\t\t\t<a href=\"https:\/\/irriprojekt.com\/index.php\/usluge\/navodnjavanje-ratarstvo\/\">Navodnjavanje - Ratarstvo<\/a>\n\t\t\t\t<\/h5>\n\t\t\t\t\t\t\t\t\t<p>Optimizacija navodnjavanja u poljoprivredi: Vodi\u010d za bolje prinose\n\nNavodnjavanje je temelj poljoprivrede, posebice&hellip;<\/p>\n\t\t\t\t\t\t\t\t\t\t\t\t\t<a href=\"https:\/\/irriprojekt.com\/index.php\/usluge\/navodnjavanje-ratarstvo\/\" class=\"more\">Pro\u010ditaj vi\u0161e...<\/a>\n\t\t\t\t\t\t\t<\/div>\n\n\t\t\t<\/div><\/div><\/div><div id=\"pg-673-2\"  class=\"panel-grid panel-no-style\" ><div id=\"pgc-673-2-0\"  class=\"panel-grid-cell\" ><div id=\"panel-673-2-0-0\" class=\"so-panel widget widget_black-studio-tinymce widget_black_studio_tinymce panel-first-child panel-last-child\" data-index=\"6\" ><div class=\"textwidget\"><p><img loading=\"lazy\" decoding=\"async\" class=\"aligncenter wp-image-6403 size-full\" src=\"https:\/\/export-xml.qreativethemes.com\/thelandscaper\/wp-content\/uploads\/sites\/2\/2015\/07\/img_divider.png\" alt=\"img_divider\" width=\"1128\" height=\"14\" srcset=\"https:\/\/irriprojekt.com\/wp-content\/uploads\/2015\/07\/img_divider.png 1128w, https:\/\/irriprojekt.com\/wp-content\/uploads\/2015\/07\/img_divider-600x7.png 600w\" sizes=\"(max-width: 1128px) 100vw, 1128px\" \/><\/p>\n<\/div><\/div><\/div><\/div><div id=\"pg-673-3\"  class=\"panel-grid panel-no-style\" ><div id=\"pgc-673-3-0\"  class=\"panel-grid-cell\" ><div id=\"panel-673-3-0-0\" class=\"so-panel widget widget_black-studio-tinymce widget_black_studio_tinymce panel-first-child panel-last-child\" data-index=\"7\" ><div class=\"textwidget\"><h3>Klju\u010dne prednosti<\/h3>\n<p>Ugradnja sustava navodnjavanja mo\u017ee donijeti niz prednosti, kako za privatne vrtove i parcele, tako i za komercijalnu poljoprivredu.<\/p>\n<p><span style=\"color: #a2c046; font-size: 18px;\"><span class=\"icon-wrap\"><i class=\"fas fa-check-circle\"><\/i><\/span><\/span> U\u010dinkovitost u kori\u0161tenju vode<br \/>\n<span style=\"color: #a2c046; font-size: 18px;\"><span class=\"icon-wrap\"><i class=\"fas fa-check-circle\"><\/i><\/span><\/span> Ravnomjerno navodnjavanje<br \/>\n<span style=\"color: #a2c046; font-size: 18px;\"><span class=\"icon-wrap\"><i class=\"fas fa-check-circle\"><\/i><\/span><\/span> U\u0161teda vremena<br \/>\n<span style=\"color: #a2c046; font-size: 18px;\"><span class=\"icon-wrap\"><i class=\"fas fa-check-circle\"><\/i><\/span><\/span> Pove\u0107anje prinosa<br \/>\n<span style=\"color: #a2c046; font-size: 18px;\"><span class=\"icon-wrap\"><i class=\"fas fa-check-circle\"><\/i><\/span><\/span> Smanjenje korova i bolesti<\/p>\n<\/div><\/div><\/div><\/div><div id=\"pg-673-4\"  class=\"panel-grid panel-no-style\" ><div id=\"pgc-673-4-0\"  class=\"panel-grid-cell\" ><div id=\"panel-673-4-0-0\" class=\"so-panel widget widget_black-studio-tinymce widget_black_studio_tinymce panel-first-child panel-last-child\" data-index=\"8\" ><h3 class=\"widget-title\"><span class=\"light\">Po\u0161alji<\/span> Upit<\/h3><div class=\"textwidget\"><p>\n<div class=\"wpcf7 no-js\" id=\"wpcf7-f6469-o1\" lang=\"en-US\" dir=\"ltr\" data-wpcf7-id=\"6469\">\n<div class=\"screen-reader-response\"><p role=\"status\" aria-live=\"polite\" aria-atomic=\"true\"><\/p> <ul><\/ul><\/div>\n<form action=\"\/index.php\/wp-json\/wp\/v2\/pages\/673#wpcf7-f6469-o1\" method=\"post\" class=\"wpcf7-form init\" aria-label=\"Contact form\" novalidate=\"novalidate\" data-status=\"init\">\n<fieldset class=\"hidden-fields-container\"><input type=\"hidden\" name=\"_wpcf7\" value=\"6469\" \/><input type=\"hidden\" name=\"_wpcf7_version\" value=\"6.1.4\" \/><input type=\"hidden\" name=\"_wpcf7_locale\" value=\"en_US\" \/><input type=\"hidden\" name=\"_wpcf7_unit_tag\" value=\"wpcf7-f6469-o1\" \/><input type=\"hidden\" name=\"_wpcf7_container_post\" value=\"0\" \/><input type=\"hidden\" name=\"_wpcf7_posted_data_hash\" value=\"\" \/>\n<\/fieldset>\n<div class=\"Po\u0161alji Upit\">\n\t<div class=\"row\">\n\t\t<div class=\"col-xs-12 col-md-6\">\n\t\t\t<p><span class=\"wpcf7-form-control-wrap\" data-name=\"your-name\"><input size=\"40\" maxlength=\"400\" class=\"wpcf7-form-control wpcf7-text wpcf7-validates-as-required\" aria-required=\"true\" aria-invalid=\"false\" placeholder=\"Ime i Prezime\" value=\"\" type=\"text\" name=\"your-name\" \/><\/span>\n\t\t\t<\/p>\n\t\t<\/div>\n\t\t<div class=\"col-xs-12 col-md-6\">\n\t\t\t<p><span class=\"wpcf7-form-control-wrap\" data-name=\"your-email\"><input size=\"40\" maxlength=\"400\" class=\"wpcf7-form-control wpcf7-email wpcf7-validates-as-required wpcf7-text wpcf7-validates-as-email\" aria-required=\"true\" aria-invalid=\"false\" placeholder=\"E-mail\" value=\"\" type=\"email\" name=\"your-email\" \/><\/span>\n\t\t\t<\/p>\n\t\t<\/div>\n\t\t<div class=\"col-xs-12\">\n\t\t\t<p><span class=\"wpcf7-form-control-wrap\" data-name=\"your-message\"><textarea cols=\"40\" rows=\"10\" maxlength=\"2000\" class=\"wpcf7-form-control wpcf7-textarea wpcf7-validates-as-required\" aria-required=\"true\" aria-invalid=\"false\" placeholder=\"Poruka\" name=\"your-message\"><\/textarea><\/span>\n\t\t\t<\/p>\n\t\t<\/div>\n\t\t<div class=\"col-xs-12\">\n\t\t\t<p><input class=\"wpcf7-form-control wpcf7-submit has-spinner btn btn-primary center-block\" type=\"submit\" value=\"Po\u0161alji Upit\" \/>\n\t\t\t<\/p>\n\t\t<\/div>\n\t<\/div>\n<\/div><p style=\"display: none !important;\" class=\"akismet-fields-container\" data-prefix=\"_wpcf7_ak_\"><label>&#916;<textarea name=\"_wpcf7_ak_hp_textarea\" cols=\"45\" rows=\"8\" maxlength=\"100\"><\/textarea><\/label><input type=\"hidden\" id=\"ak_js_1\" name=\"_wpcf7_ak_js\" value=\"55\"\/><script>document.getElementById( \"ak_js_1\" ).setAttribute( \"value\", ( new Date() ).getTime() );<\/script><\/p><div class=\"wpcf7-response-output\" aria-hidden=\"true\"><\/div>\n<\/form>\n<\/div>\n<\/p>\n<\/div><\/div><\/div><\/div><\/div>","protected":false},"excerpt":{"rendered":"<p>Sustavi navodnjavanja za poljoprivredu i vrtove: 1. Kap po kap &#8211; precizno ispu\u0161tanje vode na korijenje pomo\u0107u kapaljki. 2. Rasprskiva\u010dki sustav &#8211; raspr\u0161uje vodu pomo\u0107u raznih vrsta rasprskiva\u010da preko polja ili vrta. 3. Podzemni sustav &#8211; koristi podzemne cijevi za isporuku vode. 4. Mikro-rosa\u010di &#8211; kombinacija kap po kap i rasprskiva\u010dkog sustava za precizno zalijevanje. [&hellip;]<\/p>\n","protected":false},"author":1,"featured_media":7599,"parent":921,"menu_order":0,"comment_status":"closed","ping_status":"closed","template":"","meta":{"footnotes":""},"class_list":["post-673","page","type-page","status-publish","has-post-thumbnail","hentry"],"acf":[],"_links":{"self":[{"href":"https:\/\/irriprojekt.com\/index.php\/wp-json\/wp\/v2\/pages\/673","targetHints":{"allow":["GET"]}}],"collection":[{"href":"https:\/\/irriprojekt.com\/index.php\/wp-json\/wp\/v2\/pages"}],"about":[{"href":"https:\/\/irriprojekt.com\/index.php\/wp-json\/wp\/v2\/types\/page"}],"author":[{"embeddable":true,"href":"https:\/\/irriprojekt.com\/index.php\/wp-json\/wp\/v2\/users\/1"}],"replies":[{"embeddable":true,"href":"https:\/\/irriprojekt.com\/index.php\/wp-json\/wp\/v2\/comments?post=673"}],"version-history":[{"count":48,"href":"https:\/\/irriprojekt.com\/index.php\/wp-json\/wp\/v2\/pages\/673\/revisions"}],"predecessor-version":[{"id":8485,"href":"https:\/\/irriprojekt.com\/index.php\/wp-json\/wp\/v2\/pages\/673\/revisions\/8485"}],"up":[{"embeddable":true,"href":"https:\/\/irriprojekt.com\/index.php\/wp-json\/wp\/v2\/pages\/921"}],"wp:featuredmedia":[{"embeddable":true,"href":"https:\/\/irriprojekt.com\/index.php\/wp-json\/wp\/v2\/media\/7599"}],"wp:attachment":[{"href":"https:\/\/irriprojekt.com\/index.php\/wp-json\/wp\/v2\/media?parent=673"}],"curies":[{"name":"wp","href":"https:\/\/api.w.org\/{rel}","templated":true}]}}