{"id":670,"date":"2015-07-22T16:37:29","date_gmt":"2015-07-22T16:37:29","guid":{"rendered":"http:\/\/localhost:8888\/construction\/?page_id=670"},"modified":"2024-08-12T15:57:25","modified_gmt":"2024-08-12T13:57:25","slug":"akumulacija","status":"publish","type":"page","link":"https:\/\/irriprojekt.com\/index.php\/usluge\/akumulacija\/","title":{"rendered":"Akumulacija vode"},"content":{"rendered":"<div id=\"pl-670\"  class=\"panel-layout\" ><div id=\"pg-670-0\"  class=\"panel-grid panel-no-style\" ><div id=\"pgc-670-0-0\"  class=\"panel-grid-cell\" ><div id=\"panel-670-0-0-0\" class=\"so-panel widget widget_media_image panel-first-child panel-last-child\" data-index=\"0\" ><a href=\"https:\/\/irriprojekt.com\/wp-content\/uploads\/2023\/08\/MAX_00332.jpg\"><img fetchpriority=\"high\" decoding=\"async\" width=\"2053\" height=\"1154\" src=\"https:\/\/irriprojekt.com\/wp-content\/uploads\/2023\/08\/MAX_00332.jpg\" class=\"image wp-image-7738  attachment-full size-full\" alt=\"\" style=\"max-width: 100%; height: auto;\" srcset=\"https:\/\/irriprojekt.com\/wp-content\/uploads\/2023\/08\/MAX_00332.jpg 2053w, https:\/\/irriprojekt.com\/wp-content\/uploads\/2023\/08\/MAX_00332-600x337.jpg 600w, https:\/\/irriprojekt.com\/wp-content\/uploads\/2023\/08\/MAX_00332-300x169.jpg 300w, https:\/\/irriprojekt.com\/wp-content\/uploads\/2023\/08\/MAX_00332-1024x576.jpg 1024w, https:\/\/irriprojekt.com\/wp-content\/uploads\/2023\/08\/MAX_00332-768x432.jpg 768w, https:\/\/irriprojekt.com\/wp-content\/uploads\/2023\/08\/MAX_00332-1536x863.jpg 1536w, https:\/\/irriprojekt.com\/wp-content\/uploads\/2023\/08\/MAX_00332-2048x1151.jpg 2048w, https:\/\/irriprojekt.com\/wp-content\/uploads\/2023\/08\/MAX_00332-850x479.jpg 850w, https:\/\/irriprojekt.com\/wp-content\/uploads\/2023\/08\/MAX_00332-360x203.jpg 360w\" sizes=\"(max-width: 2053px) 100vw, 2053px\" \/><\/a><\/div><\/div><\/div><div id=\"pg-670-1\"  class=\"panel-grid panel-no-style\" ><div id=\"pgc-670-1-0\"  class=\"panel-grid-cell\" ><div id=\"panel-670-1-0-0\" class=\"so-panel widget widget_black-studio-tinymce widget_black_studio_tinymce panel-first-child\" data-index=\"1\" ><div class=\"textwidget\"><p><span style=\"color: #99cc00;\">Akumulacije i spremnici vode: U\u010dinkovito skladi\u0161tenje vode<\/span><\/p>\n<p>&nbsp;<\/p>\n<p>Spremi\u0161te vode odnosi se na tehniku \u200b\u200bskladi\u0161tenja vode. Postoje razli\u010dite metode za to, uklju\u010duju\u0107i:<\/p>\n<p>&nbsp;<\/p>\n<p>- Brane i akumulacije<\/p>\n<p>- Podzemni vodonosnici<\/p>\n<p>- Sustavi za sakupljanje ki\u0161nice<\/p>\n<p>&nbsp;<\/p>\n<p><span style=\"color: #99cc00;\">Nadzemni i podzemni spremnici mogu pomo\u0107i u skladi\u0161tenju vode ovisno o specifi\u010dnim potrebama regije. Kori\u0161tenje rezervoara poma\u017ee u dopuni navodnjavanja tijekom su\u0161nih razdoblja ili kao primarni izvor vode.<\/span><\/p>\n<\/div><\/div><div id=\"panel-670-1-0-1\" class=\"so-panel widget widget_media_image\" data-index=\"2\" ><a href=\"https:\/\/irriprojekt.com\/wp-content\/uploads\/2023\/08\/vodosprema.jpg\"><img decoding=\"async\" width=\"1200\" height=\"800\" src=\"https:\/\/irriprojekt.com\/wp-content\/uploads\/2023\/08\/vodosprema.jpg\" class=\"image wp-image-8141  attachment-full size-full\" alt=\"\" style=\"max-width: 100%; height: auto;\" srcset=\"https:\/\/irriprojekt.com\/wp-content\/uploads\/2023\/08\/vodosprema.jpg 1200w, https:\/\/irriprojekt.com\/wp-content\/uploads\/2023\/08\/vodosprema-300x200.jpg 300w, https:\/\/irriprojekt.com\/wp-content\/uploads\/2023\/08\/vodosprema-1024x683.jpg 1024w, https:\/\/irriprojekt.com\/wp-content\/uploads\/2023\/08\/vodosprema-768x512.jpg 768w, https:\/\/irriprojekt.com\/wp-content\/uploads\/2023\/08\/vodosprema-850x567.jpg 850w, https:\/\/irriprojekt.com\/wp-content\/uploads\/2023\/08\/vodosprema-360x240.jpg 360w, https:\/\/irriprojekt.com\/wp-content\/uploads\/2023\/08\/vodosprema-600x400.jpg 600w\" sizes=\"(max-width: 1200px) 100vw, 1200px\" \/><\/a><\/div><div id=\"panel-670-1-0-2\" class=\"so-panel widget widget_black-studio-tinymce widget_black_studio_tinymce panel-last-child\" data-index=\"3\" ><div class=\"textwidget\"><p><span style=\"color: #99cc00;\">Spremnici za vodu od pocin\u010danog \u010delika:<\/span><\/p>\n<p>&nbsp;<\/p>\n<p>Ovi spremnici za vodu dizajnirani su s precizno\u0161\u0107u i izra\u0111eni od kvalitetnog pocin\u010danog \u010delika, \u0161to ih \u010dini izdr\u017eljivima. Pru\u017eaju otpornost na vanjske uvjete, poput vjetra i snijega, osiguravaju\u0107i njihovu trajnost.<\/p>\n<p>&nbsp;<\/p>\n<p><span style=\"color: #99cc00;\">Glavne zna\u010dajke uklju\u010duju:<\/span><\/p>\n<ol>\n<li>Jednostavna instalacija: Brza monta\u017ea pomo\u0107u vijaka, vodootporne obloge i za\u0161tite od algi.<\/li>\n<li>Podesive dimenzije: Raspon od 10m3 do 500m3 s promjerom od 1-20 metara i visinom od 1-5 metara.<\/li>\n<li>Izdr\u017eljivost: Izdr\u017eljivost od preko 25 godina zahvaljuju\u0107i vrhunskom \u010deliku.<\/li>\n<\/ol>\n<p>&nbsp;<\/p>\n<p><span style=\"color: #99cc00;\">Razmi\u0161ljate li o skladi\u0161tenju vode za potrebe navodnjavanja? <\/span><\/p>\n<p>Nudimo rje\u0161enja za skladi\u0161tenje vode koja osiguravaju stalnu opskrbu va\u0161ih biljaka. Na\u0161i stru\u010dnjaci poma\u017eu odabrati pravi rezervoar na temelju va\u0161ih specifi\u010dnih potreba za navodnjavanjem. Dopustite nam da ponudimo najbolje rje\u0161enje za va\u0161 vodovodni sustav.<\/p>\n<\/div><\/div><\/div><\/div><div id=\"pg-670-2\"  class=\"panel-grid panel-no-style\" ><div id=\"pgc-670-2-0\"  class=\"panel-grid-cell\" ><div id=\"panel-670-2-0-0\" class=\"so-panel widget widget_black-studio-tinymce widget_black_studio_tinymce panel-first-child panel-last-child\" data-index=\"4\" ><div class=\"textwidget\"><p><a href=\"https:\/\/export-xml.qreativethemes.com\/thelandscaper\/wp-content\/uploads\/sites\/2\/2015\/07\/img_divider.png\"><img decoding=\"async\" class=\"size-full wp-image-6403 aligncenter\" src=\"https:\/\/export-xml.qreativethemes.com\/thelandscaper\/wp-content\/uploads\/sites\/2\/2015\/07\/img_divider.png\" alt=\"img_divider\" width=\"1128\" height=\"14\" srcset=\"https:\/\/irriprojekt.com\/wp-content\/uploads\/2015\/07\/img_divider.png 1128w, https:\/\/irriprojekt.com\/wp-content\/uploads\/2015\/07\/img_divider-600x7.png 600w\" sizes=\"(max-width: 1128px) 100vw, 1128px\" \/><\/a><\/p>\n<\/div><\/div><\/div><\/div><div id=\"pg-670-3\"  class=\"panel-grid panel-no-style\" ><div id=\"pgc-670-3-0\"  class=\"panel-grid-cell\" ><div id=\"panel-670-3-0-0\" class=\"so-panel widget widget_media_image panel-first-child panel-last-child\" data-index=\"5\" ><a href=\"https:\/\/irriprojekt.com\/wp-content\/uploads\/2023\/08\/iStock-1369812897.webp\"><img loading=\"lazy\" decoding=\"async\" width=\"1614\" height=\"908\" src=\"https:\/\/irriprojekt.com\/wp-content\/uploads\/2023\/08\/iStock-1369812897.webp\" class=\"image wp-image-8236  attachment-full size-full\" alt=\"akumulacija vode\" style=\"max-width: 100%; height: auto;\" srcset=\"https:\/\/irriprojekt.com\/wp-content\/uploads\/2023\/08\/iStock-1369812897.webp 1614w, https:\/\/irriprojekt.com\/wp-content\/uploads\/2023\/08\/iStock-1369812897-300x169.webp 300w, https:\/\/irriprojekt.com\/wp-content\/uploads\/2023\/08\/iStock-1369812897-1024x576.webp 1024w, https:\/\/irriprojekt.com\/wp-content\/uploads\/2023\/08\/iStock-1369812897-768x432.webp 768w, https:\/\/irriprojekt.com\/wp-content\/uploads\/2023\/08\/iStock-1369812897-1536x864.webp 1536w, https:\/\/irriprojekt.com\/wp-content\/uploads\/2023\/08\/iStock-1369812897-850x479.webp 850w, https:\/\/irriprojekt.com\/wp-content\/uploads\/2023\/08\/iStock-1369812897-360x203.webp 360w, https:\/\/irriprojekt.com\/wp-content\/uploads\/2023\/08\/iStock-1369812897-600x338.webp 600w\" sizes=\"(max-width: 1614px) 100vw, 1614px\" \/><\/a><\/div><\/div><\/div><div id=\"pg-670-4\"  class=\"panel-grid panel-no-style\" ><div id=\"pgc-670-4-0\"  class=\"panel-grid-cell\" ><div id=\"panel-670-4-0-0\" class=\"so-panel widget widget_black-studio-tinymce widget_black_studio_tinymce panel-first-child panel-last-child\" data-index=\"6\" ><div class=\"textwidget\"><h3>Klju\u010dne prednosti<\/h3>\n<p>S postavljenim sustavom akumulacije vode, mo\u017eete biti sigurni da \u0107e va\u0161e biljke uvijek imati potrebnu vlagu \u2013 \u010dak i tijekom razdoblja su\u0161e<\/p>\n<p><span style=\"color: #a2c046; font-size: 18px;\"><span class=\"icon-wrap\"><i class=\"fas fa-check-circle\"><\/i><\/span><\/span>\u00a0 Neovisnost o gradskim vodovodima<br \/>\n<span style=\"color: #a2c046; font-size: 18px;\"><span class=\"icon-wrap\"><i class=\"fas fa-check-circle\"><\/i><\/span><\/span>\u00a0 Otpornost na razdoblje su\u0161e<br \/>\n<span style=\"color: #a2c046; font-size: 18px;\"><span class=\"icon-wrap\"><i class=\"fas fa-check-circle\"><\/i><\/span><\/span> Stalna opskrba vodom<br \/>\n<span style=\"color: #a2c046; font-size: 18px;\"><span class=\"icon-wrap\"><i class=\"fas fa-check-circle\"><\/i><\/span><\/span> Unaprje\u0111enje kvalitete vode<br \/>\n<span style=\"color: #a2c046; font-size: 18px;\"><span class=\"icon-wrap\"><i class=\"fas fa-check-circle\"><\/i><\/span><\/span><span style=\"line-height: 1.5;\"> Upravljanje protokom vode<\/span><\/p>\n<\/div><\/div><\/div><\/div><div id=\"pg-670-5\"  class=\"panel-grid panel-no-style\" ><div id=\"pgc-670-5-0\"  class=\"panel-grid-cell\" ><div id=\"panel-670-5-0-0\" class=\"so-panel widget widget_black-studio-tinymce widget_black_studio_tinymce panel-first-child panel-last-child\" data-index=\"7\" ><h3 class=\"widget-title\"><span class=\"light\">Po\u0161alji<\/span> Upit<\/h3><div class=\"textwidget\"><p>\n<div class=\"wpcf7 no-js\" id=\"wpcf7-f6469-o1\" lang=\"en-US\" dir=\"ltr\" data-wpcf7-id=\"6469\">\n<div class=\"screen-reader-response\"><p role=\"status\" aria-live=\"polite\" aria-atomic=\"true\"><\/p> <ul><\/ul><\/div>\n<form action=\"\/index.php\/wp-json\/wp\/v2\/pages\/670#wpcf7-f6469-o1\" method=\"post\" class=\"wpcf7-form init\" aria-label=\"Contact form\" novalidate=\"novalidate\" data-status=\"init\">\n<fieldset class=\"hidden-fields-container\"><input type=\"hidden\" name=\"_wpcf7\" value=\"6469\" \/><input type=\"hidden\" name=\"_wpcf7_version\" value=\"6.1.4\" \/><input type=\"hidden\" name=\"_wpcf7_locale\" value=\"en_US\" \/><input type=\"hidden\" name=\"_wpcf7_unit_tag\" value=\"wpcf7-f6469-o1\" \/><input type=\"hidden\" name=\"_wpcf7_container_post\" value=\"0\" \/><input type=\"hidden\" name=\"_wpcf7_posted_data_hash\" value=\"\" \/>\n<\/fieldset>\n<div class=\"Po\u0161alji Upit\">\n\t<div class=\"row\">\n\t\t<div class=\"col-xs-12 col-md-6\">\n\t\t\t<p><span class=\"wpcf7-form-control-wrap\" data-name=\"your-name\"><input size=\"40\" maxlength=\"400\" class=\"wpcf7-form-control wpcf7-text wpcf7-validates-as-required\" aria-required=\"true\" aria-invalid=\"false\" placeholder=\"Ime i Prezime\" value=\"\" type=\"text\" name=\"your-name\" \/><\/span>\n\t\t\t<\/p>\n\t\t<\/div>\n\t\t<div class=\"col-xs-12 col-md-6\">\n\t\t\t<p><span class=\"wpcf7-form-control-wrap\" data-name=\"your-email\"><input size=\"40\" maxlength=\"400\" class=\"wpcf7-form-control wpcf7-email wpcf7-validates-as-required wpcf7-text wpcf7-validates-as-email\" aria-required=\"true\" aria-invalid=\"false\" placeholder=\"E-mail\" value=\"\" type=\"email\" name=\"your-email\" \/><\/span>\n\t\t\t<\/p>\n\t\t<\/div>\n\t\t<div class=\"col-xs-12\">\n\t\t\t<p><span class=\"wpcf7-form-control-wrap\" data-name=\"your-message\"><textarea cols=\"40\" rows=\"10\" maxlength=\"2000\" class=\"wpcf7-form-control wpcf7-textarea wpcf7-validates-as-required\" aria-required=\"true\" aria-invalid=\"false\" placeholder=\"Poruka\" name=\"your-message\"><\/textarea><\/span>\n\t\t\t<\/p>\n\t\t<\/div>\n\t\t<div class=\"col-xs-12\">\n\t\t\t<p><input class=\"wpcf7-form-control wpcf7-submit has-spinner btn btn-primary center-block\" type=\"submit\" value=\"Po\u0161alji Upit\" \/>\n\t\t\t<\/p>\n\t\t<\/div>\n\t<\/div>\n<\/div><p style=\"display: none !important;\" class=\"akismet-fields-container\" data-prefix=\"_wpcf7_ak_\"><label>&#916;<textarea name=\"_wpcf7_ak_hp_textarea\" cols=\"45\" rows=\"8\" maxlength=\"100\"><\/textarea><\/label><input type=\"hidden\" id=\"ak_js_1\" name=\"_wpcf7_ak_js\" value=\"72\"\/><script>document.getElementById( \"ak_js_1\" ).setAttribute( \"value\", ( new Date() ).getTime() );<\/script><\/p><div class=\"wpcf7-response-output\" aria-hidden=\"true\"><\/div>\n<\/form>\n<\/div>\n<\/p>\n<\/div><\/div><\/div><\/div><\/div>","protected":false},"excerpt":{"rendered":"<p>Akumulacije i spremnici vode: U\u010dinkovito skladi\u0161tenje vode &nbsp; Spremi\u0161te vode odnosi se na tehniku \u200b\u200bskladi\u0161tenja vode. Postoje razli\u010dite metode za to, uklju\u010duju\u0107i: &nbsp; &#8211; Brane i akumulacije &#8211; Podzemni vodonosnici &#8211; Sustavi za sakupljanje ki\u0161nice &nbsp; Nadzemni i podzemni spremnici mogu pomo\u0107i u skladi\u0161tenju vode ovisno o specifi\u010dnim potrebama regije. Kori\u0161tenje rezervoara poma\u017ee u dopuni [&hellip;]<\/p>\n","protected":false},"author":1,"featured_media":7511,"parent":921,"menu_order":0,"comment_status":"closed","ping_status":"closed","template":"","meta":{"footnotes":""},"class_list":["post-670","page","type-page","status-publish","has-post-thumbnail","hentry"],"acf":[],"_links":{"self":[{"href":"https:\/\/irriprojekt.com\/index.php\/wp-json\/wp\/v2\/pages\/670","targetHints":{"allow":["GET"]}}],"collection":[{"href":"https:\/\/irriprojekt.com\/index.php\/wp-json\/wp\/v2\/pages"}],"about":[{"href":"https:\/\/irriprojekt.com\/index.php\/wp-json\/wp\/v2\/types\/page"}],"author":[{"embeddable":true,"href":"https:\/\/irriprojekt.com\/index.php\/wp-json\/wp\/v2\/users\/1"}],"replies":[{"embeddable":true,"href":"https:\/\/irriprojekt.com\/index.php\/wp-json\/wp\/v2\/comments?post=670"}],"version-history":[{"count":42,"href":"https:\/\/irriprojekt.com\/index.php\/wp-json\/wp\/v2\/pages\/670\/revisions"}],"predecessor-version":[{"id":8677,"href":"https:\/\/irriprojekt.com\/index.php\/wp-json\/wp\/v2\/pages\/670\/revisions\/8677"}],"up":[{"embeddable":true,"href":"https:\/\/irriprojekt.com\/index.php\/wp-json\/wp\/v2\/pages\/921"}],"wp:featuredmedia":[{"embeddable":true,"href":"https:\/\/irriprojekt.com\/index.php\/wp-json\/wp\/v2\/media\/7511"}],"wp:attachment":[{"href":"https:\/\/irriprojekt.com\/index.php\/wp-json\/wp\/v2\/media?parent=670"}],"curies":[{"name":"wp","href":"https:\/\/api.w.org\/{rel}","templated":true}]}}