{"id":181,"date":"2019-01-12T14:49:38","date_gmt":"2019-01-12T14:49:38","guid":{"rendered":"http:\/\/localhost:8888\/construction\/?page_id=181"},"modified":"2024-08-01T07:29:16","modified_gmt":"2024-08-01T05:29:16","slug":"o-nama","status":"publish","type":"page","link":"https:\/\/irriprojekt.com\/index.php\/o-nama\/","title":{"rendered":"O Nama"},"content":{"rendered":"<div id=\"pl-181\"  class=\"panel-layout\" ><div id=\"pg-181-0\"  class=\"panel-grid panel-no-style\" ><div id=\"pgc-181-0-0\"  class=\"panel-grid-cell\" ><div id=\"panel-181-0-0-0\" class=\"so-panel widget widget_black-studio-tinymce widget_black_studio_tinymce panel-first-child panel-last-child\" data-index=\"0\" ><h3 class=\"widget-title\"><span class=\"light\">BN<\/span> PROJEKT<\/h3><div class=\"textwidget\"><p>BN Projekt je tvrtka koja se bavi projektiranjem i izvo\u0111enjem sustava navodnjavanja za poljoprivredne povr\u0161ine i krajobraze.<\/p>\n<p>Od koncepta do realizacije, na\u0161 cilj je pretvoriti va\u0161e ideje u stvarnost.<\/p>\n<p>Na\u0161 tim stru\u010dnjaka, s preko 15 godina iskustva, posve\u0107uje posebnu pa\u017enju svakom detalju kako bi va\u0161 posjed bio lijepo ure\u0111en i funkcionalan.<\/p>\n<p>&nbsp;<\/p>\n<p>&nbsp;<\/p>\n<\/div><\/div><\/div><\/div><div id=\"pg-181-1\"  class=\"panel-grid panel-no-style\" ><div id=\"pgc-181-1-0\"  class=\"panel-grid-cell\" ><div id=\"panel-181-1-0-0\" class=\"so-panel widget widget_media_image panel-first-child panel-last-child\" data-index=\"1\" ><img fetchpriority=\"high\" decoding=\"async\" width=\"1024\" height=\"682\" src=\"https:\/\/irriprojekt.com\/wp-content\/uploads\/2023\/08\/iStock-989166854-1024x682.webp\" class=\"image wp-image-8241  attachment-large size-large\" alt=\"\" style=\"max-width: 100%; height: auto;\" srcset=\"https:\/\/irriprojekt.com\/wp-content\/uploads\/2023\/08\/iStock-989166854-1024x682.webp 1024w, https:\/\/irriprojekt.com\/wp-content\/uploads\/2023\/08\/iStock-989166854-e1692336782408-300x200.webp 300w, https:\/\/irriprojekt.com\/wp-content\/uploads\/2023\/08\/iStock-989166854-768x512.webp 768w, https:\/\/irriprojekt.com\/wp-content\/uploads\/2023\/08\/iStock-989166854-1536x1024.webp 1536w, https:\/\/irriprojekt.com\/wp-content\/uploads\/2023\/08\/iStock-989166854-2048x1365.webp 2048w, https:\/\/irriprojekt.com\/wp-content\/uploads\/2023\/08\/iStock-989166854-850x567.webp 850w, https:\/\/irriprojekt.com\/wp-content\/uploads\/2023\/08\/iStock-989166854-e1692336782408-360x240.webp 360w, https:\/\/irriprojekt.com\/wp-content\/uploads\/2023\/08\/iStock-989166854-e1692336782408-600x400.webp 600w, https:\/\/irriprojekt.com\/wp-content\/uploads\/2023\/08\/iStock-989166854-e1692336782408.webp 675w\" sizes=\"(max-width: 1024px) 100vw, 1024px\" \/><\/div><\/div><\/div><div id=\"pg-181-2\"  class=\"panel-grid panel-no-style\" ><div id=\"pgc-181-2-0\"  class=\"panel-grid-cell\" ><div id=\"panel-181-2-0-0\" class=\"so-panel widget widget_black-studio-tinymce widget_black_studio_tinymce panel-first-child panel-last-child\" data-index=\"2\" ><h3 class=\"widget-title\"><span class=\"light\">Partneri<\/span><\/h3><div class=\"textwidget\"><p><span style=\"color: #99cc00;\">AZUD<\/span><\/p>\n<p><span style=\"color: #99cc00;\">RAINBIRD<\/span><\/p>\n<p><span style=\"color: #99cc00;\">INAQUA<\/span><\/p>\n<p><span style=\"color: #99cc00;\">MI2A<\/span><\/p>\n<p>&nbsp;<\/p>\n<p>&nbsp;<\/p>\n<p>&nbsp;<\/p>\n<\/div><\/div><\/div><div id=\"pgc-181-2-1\"  class=\"panel-grid-cell\" ><div id=\"panel-181-2-1-0\" class=\"so-panel widget widget_black-studio-tinymce widget_black_studio_tinymce panel-first-child panel-last-child\" data-index=\"3\" ><h3 class=\"widget-title\"><span class=\"light\">Reference<\/span><\/h3><div class=\"textwidget\"><p><span style=\"color: #99cc00;\">AGROFLORA<\/span><\/p>\n<p><span style=\"color: #99cc00;\">SAVA PARK<\/span><\/p>\n<p><span style=\"color: #99cc00;\">HRVATKE \u0160UME<\/span><\/p>\n<p><span style=\"color: #99cc00;\">MIKS AGRO<\/span><\/p>\n<p><span style=\"color: #99cc00;\">VRTOVI VO\u0106A<\/span><\/p>\n<p>&nbsp;<\/p>\n<\/div><\/div><\/div><\/div><div id=\"pg-181-3\"  class=\"panel-grid panel-no-style\" ><div id=\"pgc-181-3-0\"  class=\"panel-grid-cell\" ><div id=\"panel-181-3-0-0\" class=\"so-panel widget widget_media_image panel-first-child panel-last-child\" data-index=\"4\" ><img decoding=\"async\" width=\"832\" height=\"474\" src=\"https:\/\/irriprojekt.com\/wp-content\/uploads\/2023\/08\/Screenshot-2023-08-10-092442.jpg\" class=\"image wp-image-7673  attachment-full size-full\" alt=\"\" style=\"max-width: 100%; height: auto;\" srcset=\"https:\/\/irriprojekt.com\/wp-content\/uploads\/2023\/08\/Screenshot-2023-08-10-092442.jpg 832w, https:\/\/irriprojekt.com\/wp-content\/uploads\/2023\/08\/Screenshot-2023-08-10-092442-600x342.jpg 600w, https:\/\/irriprojekt.com\/wp-content\/uploads\/2023\/08\/Screenshot-2023-08-10-092442-300x171.jpg 300w, https:\/\/irriprojekt.com\/wp-content\/uploads\/2023\/08\/Screenshot-2023-08-10-092442-768x438.jpg 768w\" sizes=\"(max-width: 832px) 100vw, 832px\" \/><\/div><\/div><\/div><div id=\"pg-181-4\"  class=\"panel-grid panel-no-style\" ><div id=\"pgc-181-4-0\"  class=\"panel-grid-cell\" ><div id=\"panel-181-4-0-0\" class=\"so-panel widget widget_black-studio-tinymce widget_black_studio_tinymce panel-first-child panel-last-child\" data-index=\"5\" ><h3 class=\"widget-title\"><span class=\"light\">Kontaktirajte<\/span> Nas<\/h3><div class=\"textwidget\"><p>\n<div class=\"wpcf7 no-js\" id=\"wpcf7-f3275-o1\" lang=\"en-US\" dir=\"ltr\" data-wpcf7-id=\"3275\">\n<div class=\"screen-reader-response\"><p role=\"status\" aria-live=\"polite\" aria-atomic=\"true\"><\/p> <ul><\/ul><\/div>\n<form action=\"\/index.php\/wp-json\/wp\/v2\/pages\/181#wpcf7-f3275-o1\" method=\"post\" class=\"wpcf7-form init\" aria-label=\"Contact form\" novalidate=\"novalidate\" data-status=\"init\">\n<fieldset class=\"hidden-fields-container\"><input type=\"hidden\" name=\"_wpcf7\" value=\"3275\" \/><input type=\"hidden\" name=\"_wpcf7_version\" value=\"6.1.4\" \/><input type=\"hidden\" name=\"_wpcf7_locale\" value=\"en_US\" \/><input type=\"hidden\" name=\"_wpcf7_unit_tag\" value=\"wpcf7-f3275-o1\" \/><input type=\"hidden\" name=\"_wpcf7_container_post\" value=\"0\" \/><input type=\"hidden\" name=\"_wpcf7_posted_data_hash\" value=\"\" \/>\n<\/fieldset>\n<div class=\"Po\u0161alji upit\">\n\t<div class=\"row\">\n\t\t<div class=\"col-xs-12 col-md-6\">\n\t\t\t<p><span class=\"wpcf7-form-control-wrap\" data-name=\"your-name\"><input size=\"40\" maxlength=\"400\" class=\"wpcf7-form-control wpcf7-text wpcf7-validates-as-required\" aria-required=\"true\" aria-invalid=\"false\" placeholder=\"Ime\" value=\"\" type=\"text\" name=\"your-name\" \/><\/span><span class=\"wpcf7-form-control-wrap\" data-name=\"your-email\"><input size=\"40\" maxlength=\"400\" class=\"wpcf7-form-control wpcf7-email wpcf7-validates-as-required wpcf7-text wpcf7-validates-as-email\" aria-required=\"true\" aria-invalid=\"false\" placeholder=\"Email\" value=\"\" type=\"email\" name=\"your-email\" \/><\/span><span class=\"wpcf7-form-control-wrap\" data-name=\"service\"><select class=\"wpcf7-form-control wpcf7-select\" aria-invalid=\"false\" name=\"service\"><option value=\"Navodnjavanje\">Navodnjavanje<\/option><option value=\"Akumulacija\">Akumulacija<\/option><option value=\"Projektna dokumentacija\">Projektna dokumentacija<\/option><option value=\"Za\u0161tita od mraza\">Za\u0161tita od mraza<\/option><option value=\"Za\u0161tita od tu\u010de\">Za\u0161tita od tu\u010de<\/option><option value=\"Eu fondovi bespovratna sredstva\">Eu fondovi bespovratna sredstva<\/option><\/select><\/span>\n\t\t\t<\/p>\n\t\t<\/div>\n\t\t<div class=\"col-xs-12 col-md-6\">\n\t\t\t<p><span class=\"wpcf7-form-control-wrap\" data-name=\"your-message\"><textarea cols=\"40\" rows=\"10\" maxlength=\"2000\" class=\"wpcf7-form-control wpcf7-textarea\" aria-invalid=\"false\" placeholder=\"Poruka\" name=\"your-message\"><\/textarea><\/span>\n\t\t\t<\/p>\n\t\t<\/div>\n\t\t<div class=\"col-xs-12\">\n\t\t\t<p><input class=\"wpcf7-form-control wpcf7-submit has-spinner\" type=\"submit\" value=\"Po\u0161alji upit\" \/>\n\t\t\t<\/p>\n\t\t<\/div>\n\t<\/div>\n<\/div><p style=\"display: none !important;\" class=\"akismet-fields-container\" data-prefix=\"_wpcf7_ak_\"><label>&#916;<textarea name=\"_wpcf7_ak_hp_textarea\" cols=\"45\" rows=\"8\" maxlength=\"100\"><\/textarea><\/label><input type=\"hidden\" id=\"ak_js_1\" name=\"_wpcf7_ak_js\" value=\"151\"\/><script>document.getElementById( \"ak_js_1\" ).setAttribute( \"value\", ( new Date() ).getTime() );<\/script><\/p><div class=\"wpcf7-response-output\" aria-hidden=\"true\"><\/div>\n<\/form>\n<\/div>\n<\/p>\n<\/div><\/div><\/div><\/div><\/div>","protected":false},"excerpt":{"rendered":"<p>Curabitur sodales ligula in libero. Sed dignissim lacinia nunc. Curabitur tortor. Pellentesque nibh. Aenean quam. In scelerisque sem at dolor. Maecenas mattis. Sed convallis tristique sem. Proin ut ligula vel nunc egestas porttitor. Morbi lectus risus, iaculis vel, suscipit quis, luctus non, massa.<\/p>\n","protected":false},"author":1,"featured_media":8208,"parent":0,"menu_order":0,"comment_status":"closed","ping_status":"closed","template":"","meta":{"footnotes":""},"class_list":["post-181","page","type-page","status-publish","has-post-thumbnail","hentry"],"acf":[],"_links":{"self":[{"href":"https:\/\/irriprojekt.com\/index.php\/wp-json\/wp\/v2\/pages\/181","targetHints":{"allow":["GET"]}}],"collection":[{"href":"https:\/\/irriprojekt.com\/index.php\/wp-json\/wp\/v2\/pages"}],"about":[{"href":"https:\/\/irriprojekt.com\/index.php\/wp-json\/wp\/v2\/types\/page"}],"author":[{"embeddable":true,"href":"https:\/\/irriprojekt.com\/index.php\/wp-json\/wp\/v2\/users\/1"}],"replies":[{"embeddable":true,"href":"https:\/\/irriprojekt.com\/index.php\/wp-json\/wp\/v2\/comments?post=181"}],"version-history":[{"count":29,"href":"https:\/\/irriprojekt.com\/index.php\/wp-json\/wp\/v2\/pages\/181\/revisions"}],"predecessor-version":[{"id":8591,"href":"https:\/\/irriprojekt.com\/index.php\/wp-json\/wp\/v2\/pages\/181\/revisions\/8591"}],"wp:featuredmedia":[{"embeddable":true,"href":"https:\/\/irriprojekt.com\/index.php\/wp-json\/wp\/v2\/media\/8208"}],"wp:attachment":[{"href":"https:\/\/irriprojekt.com\/index.php\/wp-json\/wp\/v2\/media?parent=181"}],"curies":[{"name":"wp","href":"https:\/\/api.w.org\/{rel}","templated":true}]}}